{"id":17,"date":"2010-11-26T13:30:20","date_gmt":"2010-11-26T13:30:20","guid":{"rendered":"http:\/\/stargaia.com\/blog\/"},"modified":"2023-05-31T10:56:36","modified_gmt":"2023-05-31T10:56:36","slug":"astrologie","status":"publish","type":"page","link":"https:\/\/stargaia.com\/fr\/astrologie\/","title":{"rendered":"Astrologie"},"content":{"rendered":"<p><a href=\"https:\/\/stargaia.com\/fr\/wp-content\/uploads\/2020\/02\/astrology_stargaia_7.jpg\"><img loading=\"lazy\" decoding=\"async\" class=\"alignnone wp-image-4571 size-full\" src=\"https:\/\/stargaia.com\/fr\/wp-content\/uploads\/2020\/02\/astrology_stargaia_7.jpg\" alt=\"Astrologie Stargaia\" width=\"800\" height=\"450\" srcset=\"https:\/\/stargaia.com\/fr\/wp-content\/uploads\/2020\/02\/astrology_stargaia_7.jpg 800w, https:\/\/stargaia.com\/fr\/wp-content\/uploads\/2020\/02\/astrology_stargaia_7-300x169.jpg 300w, https:\/\/stargaia.com\/fr\/wp-content\/uploads\/2020\/02\/astrology_stargaia_7-768x432.jpg 768w\" sizes=\"auto, (max-width: 800px) 100vw, 800px\" \/><\/a><\/p>\n<p>L\u2019astrologie, \u00e0 la fois science et art, trace les cartes du mouvement des plan\u00e8tes dans le ciel et explore leurs figures toujours changeantes. La science mesure les positions spatiales des corps c\u00e9lestes en relation avec la terre, tandis qu\u2019ils traversent progressivement le Zodiaque.<\/p>\n<p>L\u2019art inclut l\u2019interpr\u00e9tation des symboles arch\u00e9typaux que repr\u00e9sentent les plan\u00e8tes occupant divers signes et maisons du th\u00e8me astrologique, ainsi que l\u2019interaction dynamique de leurs \u00e9nergies.<\/p>\n<p>Un th\u00e8me natal est donc un outil cr\u00e9atif qui utilise un langage symbolique pour d\u00e9crire nos talents et nos d\u00e9fis personnels. Il offre \u00e9galement de nouvelles perspectives et opportunit\u00e9s concernant notre potentiel individuel.<\/p>\n<p>A travers ses images, l\u2019astrologie constitue un savoir pr\u00e9cieux pour la gu\u00e9rison et le d\u00e9veloppement personnel.<\/p>\n<p>Pour consulter les dates de nos prochains ateliers, cliquez <a href=\"http:\/\/stargaia.com\/fr\/category\/stages\/\">Stages<\/a>.<\/p>\n<hr \/>\n<h4><strong>Consultation Astrologique<\/strong><\/h4>\n<p><img loading=\"lazy\" decoding=\"async\" class=\"alignleft wp-image-3403 size-full\" title=\"Th\u00e8me Natal\" src=\"https:\/\/stargaia.com\/fr\/wp-content\/uploads\/2010\/06\/chart2b.gif\" alt=\"Th\u00e8me Natal\" width=\"173\" height=\"173\" srcset=\"https:\/\/stargaia.com\/fr\/wp-content\/uploads\/2010\/06\/chart2b.gif 173w, https:\/\/stargaia.com\/fr\/wp-content\/uploads\/2010\/06\/chart2b-150x150.gif 150w, https:\/\/stargaia.com\/fr\/wp-content\/uploads\/2010\/06\/chart2b-65x65.gif 65w\" sizes=\"auto, (max-width: 173px) 100vw, 173px\" \/><\/p>\n<p>Claudie Planche, astrologue depuis plus de 40 ans, offre ses services en ligne.<\/p>\n<p><strong>Option 1<br \/>\nTh\u00e8me Natal<br \/>\n<\/strong>La consultation enregistr\u00e9e du Th\u00e8me Natal (mp3) dure environ 45 minutes et inclut la carte du ciel natale (pdf).<br \/>\nPrix: \u00a390<\/p>\n<p><strong>Option 2<br \/>\nTendances Actuelles<\/strong><br \/>\nLa consultation enregistr\u00e9e (mp3) interpr\u00e8te la R\u00e9volution Solaire actuelle ainsi que les principaux Transits. Elle dure environ 45 minutes et inclut les cartes du ciel (pdfs).<br \/>\nPrix: \u00a390<\/p>\n<p>Pour commander une consultation, veuillez\u00a0 <a href=\"http:\/\/stargaia.com\/fr\/contact\/\">nous contacter<\/a> en pr\u00e9cisant l&#8217;option choisie et les informations suivantes:<br \/>\n&#8211; votre date, lieu et heure de naissance (format 24 heures)<br \/>\n&#8211; vos questions \u00e9ventuelles<br \/>\n&#8211; adresse\/tel\/email<br \/>\nPaiement \u00e0 l&#8217;avance via facture en ligne.<br \/>\n<a href=\"http:\/\/stargaia.com\/fr\/contact\/\">Contact<\/a><\/p>\n<hr \/>\n<h4><strong>Astrologie Maya<\/strong><\/h4>\n<p><img loading=\"lazy\" decoding=\"async\" class=\"alignleft wp-image-1095 size-full\" src=\"http:\/\/stargaia.com\/fr\/wp-content\/uploads\/2010\/09\/DecoderUK-Report002_2501.jpg\" alt=\"Calendrier Maya\" width=\"250\" height=\"250\" srcset=\"https:\/\/stargaia.com\/fr\/wp-content\/uploads\/2010\/09\/DecoderUK-Report002_2501.jpg 250w, https:\/\/stargaia.com\/fr\/wp-content\/uploads\/2010\/09\/DecoderUK-Report002_2501-150x150.jpg 150w, https:\/\/stargaia.com\/fr\/wp-content\/uploads\/2010\/09\/DecoderUK-Report002_2501-65x65.jpg 65w\" sizes=\"auto, (max-width: 250px) 100vw, 250px\" \/><\/p>\n<p>Lecture de votre Th\u00e8me Natal Maya enregistr\u00e9e (mp3), incluant le D\u00e9codeur du Calendrier maya quich\u00e9 (pdf)<br \/>\nVeuillez envoyer les informations suivantes:<br \/>\n&#8211; votre date, lieu et heure de naissance (format 24 heures)<br \/>\n&#8211; adresse\/tel\/email<br \/>\nPrix: \u00a360<br \/>\nPour commander une consultation, veuillez <a href=\"http:\/\/stargaia.com\/fr\/contact\/\">nous contacter<\/a>.<\/p>\n<p>Pour consulter les dates et le programme de nos prochains <a href=\"http:\/\/stargaia.com\/fr\/calendrier-maya-and-2012\/\">Stages d&#8217;Astrologie Maya<\/a>, cliquez <a href=\"http:\/\/stargaia.com\/fr\/calendrier-maya-and-2012\/\">Stages<\/a>.<\/p>\n<p>Pour nos Publications sur l&#8217;Astrologie Maya dans le compte des jours traditionnel maya quich\u00e9, cliquez <a href=\"https:\/\/stargaia.com\/fr\/calendrier-maya-and-2012\/\">Calendrier Maya<\/a>.<\/p>\n<hr \/>\n","protected":false},"excerpt":{"rendered":"<p>L\u2019astrologie, \u00e0 la fois science et art, trace les cartes du mouvement des plan\u00e8tes dans le ciel et explore leurs figures toujours changeantes. La science mesure les positions spatiales des corps c\u00e9lestes en relation avec la terre, tandis qu\u2019ils traversent progressivement le Zodiaque. L\u2019art inclut l\u2019interpr\u00e9tation des symboles arch\u00e9typaux que repr\u00e9sentent les plan\u00e8tes occupant divers [&hellip;]<\/p>\n","protected":false},"author":1,"featured_media":4571,"parent":0,"menu_order":15,"comment_status":"closed","ping_status":"closed","template":"","meta":{"_genesis_hide_title":false,"_genesis_hide_breadcrumbs":false,"_genesis_hide_singular_image":false,"_genesis_hide_footer_widgets":false,"_genesis_custom_body_class":"","_genesis_custom_post_class":"","_genesis_layout":"","footnotes":""},"class_list":{"0":"post-17","1":"page","2":"type-page","3":"status-publish","4":"has-post-thumbnail","6":"entry"},"yoast_head":"<!-- This site is optimized with the Yoast SEO plugin v27.3 - https:\/\/yoast.com\/product\/yoast-seo-wordpress\/ -->\n<title>Astrologie - Stargaia.com<\/title>\n<meta name=\"robots\" content=\"index, follow, max-snippet:-1, max-image-preview:large, max-video-preview:-1\" \/>\n<link rel=\"canonical\" href=\"https:\/\/stargaia.com\/fr\/astrologie\/\" \/>\n<meta property=\"og:locale\" content=\"en_US\" \/>\n<meta property=\"og:type\" content=\"article\" \/>\n<meta property=\"og:title\" content=\"Astrologie - Stargaia.com\" \/>\n<meta property=\"og:description\" content=\"L\u2019astrologie, \u00e0 la fois science et art, trace les cartes du mouvement des plan\u00e8tes dans le ciel et explore leurs figures toujours changeantes. La science mesure les positions spatiales des corps c\u00e9lestes en relation avec la terre, tandis qu\u2019ils traversent progressivement le Zodiaque. L\u2019art inclut l\u2019interpr\u00e9tation des symboles arch\u00e9typaux que repr\u00e9sentent les plan\u00e8tes occupant divers [&hellip;]\" \/>\n<meta property=\"og:url\" content=\"https:\/\/stargaia.com\/fr\/astrologie\/\" \/>\n<meta property=\"og:site_name\" content=\"Stargaia.com\" \/>\n<meta property=\"article:modified_time\" content=\"2023-05-31T10:56:36+00:00\" \/>\n<meta property=\"og:image\" content=\"https:\/\/stargaia.com\/fr\/wp-content\/uploads\/2020\/02\/astrology_stargaia_7.jpg\" \/>\n\t<meta property=\"og:image:width\" content=\"800\" \/>\n\t<meta property=\"og:image:height\" content=\"450\" \/>\n\t<meta property=\"og:image:type\" content=\"image\/jpeg\" \/>\n<meta name=\"twitter:card\" content=\"summary_large_image\" \/>\n<meta name=\"twitter:label1\" content=\"Est. reading time\" \/>\n\t<meta name=\"twitter:data1\" content=\"2 minutes\" \/>\n<script type=\"application\/ld+json\" class=\"yoast-schema-graph\">{\"@context\":\"https:\\\/\\\/schema.org\",\"@graph\":[{\"@type\":\"WebPage\",\"@id\":\"https:\\\/\\\/stargaia.com\\\/fr\\\/astrologie\\\/\",\"url\":\"https:\\\/\\\/stargaia.com\\\/fr\\\/astrologie\\\/\",\"name\":\"Astrologie - Stargaia.com\",\"isPartOf\":{\"@id\":\"https:\\\/\\\/stargaia.com\\\/fr\\\/#website\"},\"primaryImageOfPage\":{\"@id\":\"https:\\\/\\\/stargaia.com\\\/fr\\\/astrologie\\\/#primaryimage\"},\"image\":{\"@id\":\"https:\\\/\\\/stargaia.com\\\/fr\\\/astrologie\\\/#primaryimage\"},\"thumbnailUrl\":\"https:\\\/\\\/stargaia.com\\\/fr\\\/wp-content\\\/uploads\\\/2020\\\/02\\\/astrology_stargaia_7.jpg\",\"datePublished\":\"2010-11-26T13:30:20+00:00\",\"dateModified\":\"2023-05-31T10:56:36+00:00\",\"breadcrumb\":{\"@id\":\"https:\\\/\\\/stargaia.com\\\/fr\\\/astrologie\\\/#breadcrumb\"},\"inLanguage\":\"en-US\",\"potentialAction\":[{\"@type\":\"ReadAction\",\"target\":[\"https:\\\/\\\/stargaia.com\\\/fr\\\/astrologie\\\/\"]}]},{\"@type\":\"ImageObject\",\"inLanguage\":\"en-US\",\"@id\":\"https:\\\/\\\/stargaia.com\\\/fr\\\/astrologie\\\/#primaryimage\",\"url\":\"https:\\\/\\\/stargaia.com\\\/fr\\\/wp-content\\\/uploads\\\/2020\\\/02\\\/astrology_stargaia_7.jpg\",\"contentUrl\":\"https:\\\/\\\/stargaia.com\\\/fr\\\/wp-content\\\/uploads\\\/2020\\\/02\\\/astrology_stargaia_7.jpg\",\"width\":800,\"height\":450,\"caption\":\"Astrologie Stargaia\"},{\"@type\":\"BreadcrumbList\",\"@id\":\"https:\\\/\\\/stargaia.com\\\/fr\\\/astrologie\\\/#breadcrumb\",\"itemListElement\":[{\"@type\":\"ListItem\",\"position\":1,\"name\":\"Home\",\"item\":\"https:\\\/\\\/stargaia.com\\\/fr\\\/\"},{\"@type\":\"ListItem\",\"position\":2,\"name\":\"Astrologie\"}]},{\"@type\":\"WebSite\",\"@id\":\"https:\\\/\\\/stargaia.com\\\/fr\\\/#website\",\"url\":\"https:\\\/\\\/stargaia.com\\\/fr\\\/\",\"name\":\"Stargaia.com\",\"description\":\"du d\u00e9veloppement personnel \u00e0 l\u2019\u00e9veil plan\u00e9taire\",\"publisher\":{\"@id\":\"https:\\\/\\\/stargaia.com\\\/fr\\\/#organization\"},\"potentialAction\":[{\"@type\":\"SearchAction\",\"target\":{\"@type\":\"EntryPoint\",\"urlTemplate\":\"https:\\\/\\\/stargaia.com\\\/fr\\\/?s={search_term_string}\"},\"query-input\":{\"@type\":\"PropertyValueSpecification\",\"valueRequired\":true,\"valueName\":\"search_term_string\"}}],\"inLanguage\":\"en-US\"},{\"@type\":\"Organization\",\"@id\":\"https:\\\/\\\/stargaia.com\\\/fr\\\/#organization\",\"name\":\"Stargaia.com\",\"url\":\"https:\\\/\\\/stargaia.com\\\/fr\\\/\",\"logo\":{\"@type\":\"ImageObject\",\"inLanguage\":\"en-US\",\"@id\":\"https:\\\/\\\/stargaia.com\\\/fr\\\/#\\\/schema\\\/logo\\\/image\\\/\",\"url\":\"https:\\\/\\\/stargaia.com\\\/fr\\\/wp-content\\\/uploads\\\/2018\\\/02\\\/cropped-Stargaia-logo-512.jpg\",\"contentUrl\":\"https:\\\/\\\/stargaia.com\\\/fr\\\/wp-content\\\/uploads\\\/2018\\\/02\\\/cropped-Stargaia-logo-512.jpg\",\"width\":512,\"height\":512,\"caption\":\"Stargaia.com\"},\"image\":{\"@id\":\"https:\\\/\\\/stargaia.com\\\/fr\\\/#\\\/schema\\\/logo\\\/image\\\/\"}}]}<\/script>\n<!-- \/ Yoast SEO plugin. -->","yoast_head_json":{"title":"Astrologie - Stargaia.com","robots":{"index":"index","follow":"follow","max-snippet":"max-snippet:-1","max-image-preview":"max-image-preview:large","max-video-preview":"max-video-preview:-1"},"canonical":"https:\/\/stargaia.com\/fr\/astrologie\/","og_locale":"en_US","og_type":"article","og_title":"Astrologie - Stargaia.com","og_description":"L\u2019astrologie, \u00e0 la fois science et art, trace les cartes du mouvement des plan\u00e8tes dans le ciel et explore leurs figures toujours changeantes. La science mesure les positions spatiales des corps c\u00e9lestes en relation avec la terre, tandis qu\u2019ils traversent progressivement le Zodiaque. L\u2019art inclut l\u2019interpr\u00e9tation des symboles arch\u00e9typaux que repr\u00e9sentent les plan\u00e8tes occupant divers [&hellip;]","og_url":"https:\/\/stargaia.com\/fr\/astrologie\/","og_site_name":"Stargaia.com","article_modified_time":"2023-05-31T10:56:36+00:00","og_image":[{"width":800,"height":450,"url":"https:\/\/stargaia.com\/fr\/wp-content\/uploads\/2020\/02\/astrology_stargaia_7.jpg","type":"image\/jpeg"}],"twitter_card":"summary_large_image","twitter_misc":{"Est. reading time":"2 minutes"},"schema":{"@context":"https:\/\/schema.org","@graph":[{"@type":"WebPage","@id":"https:\/\/stargaia.com\/fr\/astrologie\/","url":"https:\/\/stargaia.com\/fr\/astrologie\/","name":"Astrologie - Stargaia.com","isPartOf":{"@id":"https:\/\/stargaia.com\/fr\/#website"},"primaryImageOfPage":{"@id":"https:\/\/stargaia.com\/fr\/astrologie\/#primaryimage"},"image":{"@id":"https:\/\/stargaia.com\/fr\/astrologie\/#primaryimage"},"thumbnailUrl":"https:\/\/stargaia.com\/fr\/wp-content\/uploads\/2020\/02\/astrology_stargaia_7.jpg","datePublished":"2010-11-26T13:30:20+00:00","dateModified":"2023-05-31T10:56:36+00:00","breadcrumb":{"@id":"https:\/\/stargaia.com\/fr\/astrologie\/#breadcrumb"},"inLanguage":"en-US","potentialAction":[{"@type":"ReadAction","target":["https:\/\/stargaia.com\/fr\/astrologie\/"]}]},{"@type":"ImageObject","inLanguage":"en-US","@id":"https:\/\/stargaia.com\/fr\/astrologie\/#primaryimage","url":"https:\/\/stargaia.com\/fr\/wp-content\/uploads\/2020\/02\/astrology_stargaia_7.jpg","contentUrl":"https:\/\/stargaia.com\/fr\/wp-content\/uploads\/2020\/02\/astrology_stargaia_7.jpg","width":800,"height":450,"caption":"Astrologie Stargaia"},{"@type":"BreadcrumbList","@id":"https:\/\/stargaia.com\/fr\/astrologie\/#breadcrumb","itemListElement":[{"@type":"ListItem","position":1,"name":"Home","item":"https:\/\/stargaia.com\/fr\/"},{"@type":"ListItem","position":2,"name":"Astrologie"}]},{"@type":"WebSite","@id":"https:\/\/stargaia.com\/fr\/#website","url":"https:\/\/stargaia.com\/fr\/","name":"Stargaia.com","description":"du d\u00e9veloppement personnel \u00e0 l\u2019\u00e9veil plan\u00e9taire","publisher":{"@id":"https:\/\/stargaia.com\/fr\/#organization"},"potentialAction":[{"@type":"SearchAction","target":{"@type":"EntryPoint","urlTemplate":"https:\/\/stargaia.com\/fr\/?s={search_term_string}"},"query-input":{"@type":"PropertyValueSpecification","valueRequired":true,"valueName":"search_term_string"}}],"inLanguage":"en-US"},{"@type":"Organization","@id":"https:\/\/stargaia.com\/fr\/#organization","name":"Stargaia.com","url":"https:\/\/stargaia.com\/fr\/","logo":{"@type":"ImageObject","inLanguage":"en-US","@id":"https:\/\/stargaia.com\/fr\/#\/schema\/logo\/image\/","url":"https:\/\/stargaia.com\/fr\/wp-content\/uploads\/2018\/02\/cropped-Stargaia-logo-512.jpg","contentUrl":"https:\/\/stargaia.com\/fr\/wp-content\/uploads\/2018\/02\/cropped-Stargaia-logo-512.jpg","width":512,"height":512,"caption":"Stargaia.com"},"image":{"@id":"https:\/\/stargaia.com\/fr\/#\/schema\/logo\/image\/"}}]}},"_links":{"self":[{"href":"https:\/\/stargaia.com\/fr\/wp-json\/wp\/v2\/pages\/17","targetHints":{"allow":["GET"]}}],"collection":[{"href":"https:\/\/stargaia.com\/fr\/wp-json\/wp\/v2\/pages"}],"about":[{"href":"https:\/\/stargaia.com\/fr\/wp-json\/wp\/v2\/types\/page"}],"author":[{"embeddable":true,"href":"https:\/\/stargaia.com\/fr\/wp-json\/wp\/v2\/users\/1"}],"replies":[{"embeddable":true,"href":"https:\/\/stargaia.com\/fr\/wp-json\/wp\/v2\/comments?post=17"}],"version-history":[{"count":63,"href":"https:\/\/stargaia.com\/fr\/wp-json\/wp\/v2\/pages\/17\/revisions"}],"predecessor-version":[{"id":4887,"href":"https:\/\/stargaia.com\/fr\/wp-json\/wp\/v2\/pages\/17\/revisions\/4887"}],"wp:featuredmedia":[{"embeddable":true,"href":"https:\/\/stargaia.com\/fr\/wp-json\/wp\/v2\/media\/4571"}],"wp:attachment":[{"href":"https:\/\/stargaia.com\/fr\/wp-json\/wp\/v2\/media?parent=17"}],"curies":[{"name":"wp","href":"https:\/\/api.w.org\/{rel}","templated":true}]}}