{"id":19,"date":"2016-12-03T13:31:31","date_gmt":"2016-12-03T13:31:31","guid":{"rendered":"http:\/\/stargaia.com\/blog\/"},"modified":"2024-12-08T18:04:23","modified_gmt":"2024-12-08T18:04:23","slug":"calendrier-maya-and-2012","status":"publish","type":"page","link":"https:\/\/stargaia.com\/fr\/calendrier-maya-and-2012\/","title":{"rendered":"Calendrier Maya et 2012"},"content":{"rendered":"<p>D\u00e9couvrez les richesses du Calendrier Maya Sacr\u00e9 appel\u00e9 Tzolkin \u00e0 travers nos <strong>Publications<\/strong> et nos <strong>Stages Calendrier Maya<\/strong>.<\/p>\n<h3>Publications sur le Calendrier Maya<\/h3>\n<h4 style=\"text-align: left;\">Kit du Calendrier Maya<\/h4>\n<figure id=\"attachment_1905\" aria-describedby=\"caption-attachment-1905\" style=\"width: 250px\" class=\"wp-caption alignnone\"><img loading=\"lazy\" decoding=\"async\" class=\"wp-image-1905 size-full\" src=\"https:\/\/stargaia.com\/fr\/wp-content\/uploads\/2010\/11\/CartesMayasKit.jpg\" alt=\"Cartes Mayas Kit\" width=\"250\" height=\"253\" srcset=\"https:\/\/stargaia.com\/fr\/wp-content\/uploads\/2010\/11\/CartesMayasKit.jpg 250w, https:\/\/stargaia.com\/fr\/wp-content\/uploads\/2010\/11\/CartesMayasKit-65x65.jpg 65w\" sizes=\"auto, (max-width: 250px) 100vw, 250px\" \/><figcaption id=\"caption-attachment-1905\" class=\"wp-caption-text\">Cartes Mayas Kit<\/figcaption><\/figure>\n<p>Les Cartes Mayas sont bas\u00e9es sur le Tzolkin, le calendrier sacr\u00e9 maya traditionnellement utilis\u00e9 pour l&#8217;astrologie, la divination, le chamanisme et les c\u00e9r\u00e9monies.<br \/>Tirer les Cartes Mayas est un tr\u00e8s bon moyen de conna\u00eetre les 20 Signes solaires et les 13 Nombres du Tzolkin.<br \/>Tout en respectant ces \u00e9nergies sacr\u00e9es, leur pr\u00e9sentation sous forme de cartes vous permet de les explorer et d\u2019interagir avec elles.<br \/>Leurs messages sont r\u00e9v\u00e9l\u00e9s en alliant les aspects traditionnels \u00e0 des interpr\u00e9tations modernes. Cependant, la relation personnelle et cr\u00e9ative que vous d\u00e9veloppez avec ce langage vivant est tout aussi importante.<br \/>L&#8217;ann\u00e9e 2012 est l&#8217;aboutissement de nombreux cycles d&#8217;\u00e9volution. Ces symboles contiennent des codes qui activent notre identit\u00e9 cosmique. Ils ravivent en nous la profonde sagesse des Mayas.<br \/>Les Cartes Mayas constituent \u00e9galement un calendrier maya au quotidien. Elles peuvent \u00eatre utilis\u00e9es pour suivre la progression de chaque jour et sa combinaison maya correspondante.<\/p>\n<p>D\u00e9codeur, Cartes Mayas et livre &#8216;Messages des Cartes Mayas&#8217;<br \/>\u00a320 GBP + \u00a310 port Europe<\/p>\n<form action=\"https:\/\/www.paypal.com\/cgi-bin\/webscr\" method=\"post\" target=\"_top\">\n  <input type=\"hidden\" name=\"cmd\" value=\"_s-xclick\" \/>\n  <input type=\"hidden\" name=\"hosted_button_id\" value=\"2CLV7BCKBZQC2\" \/>\n  <input type=\"hidden\" name=\"currency_code\" value=\"GBP\" \/>\n  <input type=\"image\" src=\"https:\/\/www.paypalobjects.com\/en_GB\/i\/btn\/btn_buynowCC_LG.gif\" border=\"0\" name=\"submit\" title=\"PayPal - The safer, easier way to pay online!\" alt=\"Buy Now\" \/>\n<\/form>\n<p>English Publication: <a href=\"https:\/\/stargaia.com\/products-2\">Mayan Calendar Kit<\/a><br \/>Publicaci\u00f3n en espa\u00f1ol: <a href=\"https:\/\/stargaia.com\/contact\/\">Kit Calendario Maya<\/a>, <a href=\"https:\/\/stargaia.com\/contact\/\">contact us<\/a><\/p>\n<hr \/>\n<h4>Livre Starmaya, Astrologie du Calendrier Maya<\/h4>\n<p><img loading=\"lazy\" decoding=\"async\" class=\"alignnone wp-image-3737 size-full\" src=\"https:\/\/stargaia.com\/fr\/wp-content\/uploads\/2012\/03\/B2cover_FR_330px1.jpg\" alt=\"\" width=\"330\" height=\"510\" srcset=\"https:\/\/stargaia.com\/fr\/wp-content\/uploads\/2012\/03\/B2cover_FR_330px1.jpg 330w, https:\/\/stargaia.com\/fr\/wp-content\/uploads\/2012\/03\/B2cover_FR_330px1-194x300.jpg 194w\" sizes=\"auto, (max-width: 330px) 100vw, 330px\" \/><br \/>Ce livre d\u00e9crit en d\u00e9tails l&#8217;Astrologie Maya bas\u00e9e sur le calendrier du Tzolkin.<br \/>Il inclut de nombreuses techniques d&#8217;interpr\u00e9tation et un d\u00e9codeur du calendrier maya dans le compte des jours quich\u00e9 maya traditionnel.<br \/>195 pages, couleur<br \/>230 illustrations<br \/>\u00a320 GBP + \u00a310 port Europe<\/p>\n<form action=\"https:\/\/www.paypal.com\/cgi-bin\/webscr\" method=\"post\" target=\"_top\">\n  <input type=\"hidden\" name=\"cmd\" value=\"_s-xclick\" \/>\n  <input type=\"hidden\" name=\"hosted_button_id\" value=\"T4A7JMQ823H3E\" \/>\n  <input type=\"hidden\" name=\"currency_code\" value=\"GBP\" \/>\n  <input type=\"image\" src=\"https:\/\/www.paypalobjects.com\/en_GB\/i\/btn\/btn_buynowCC_LG.gif\" border=\"0\" name=\"submit\" title=\"PayPal - The safer, easier way to pay online!\" alt=\"Buy Now\" \/>\n<\/form>\n<p><a href=\"https:\/\/stargaia.com\/mayan-calendar\/\">English Publication: Starmaya, Mayan Calendar Astrology<\/a><\/p>\n<hr \/>\n<h3>Stages Calendrier Maya<\/h3>\n<p><strong>Stage Introduction au Calendrier Sacr\u00e9 Maya<\/strong><br \/><a href=\"http:\/\/stargaia.com\/fr\/wp-content\/uploads\/2010\/09\/maya21a1.jpg\"><img loading=\"lazy\" decoding=\"async\" class=\"alignleft size-full wp-image-1108\" title=\"maya21a\" src=\"http:\/\/stargaia.com\/fr\/wp-content\/uploads\/2010\/09\/maya21a1.jpg\" alt=\"\" width=\"150\" height=\"143\" \/><\/a>&#8211; Etudiez la cosmologie maya et le Calendrier Sacr\u00e9 du Tzolkin<\/p>\n<p style=\"text-align: left;\">&#8211; Voyagez \u00e0 travers la tradition chamanique maya<\/p>\n<p style=\"text-align: left;\">&#8211; D\u00e9couvrez votre Astrologie Maya traditionnelle: Signe Solaire et Nombre Mayas de naissance et l&#8217;Arbre de Vie Maya correspondant<\/p>\n<p style=\"text-align: left;\">&#8211; Explorez leurs significations et leurs placements dans le Tzolkin<\/p>\n<p style=\"text-align: left;\">&#8211; Pr\u00e9sentation des Cartes Mayas pour la divination et pour marquer les jours du Calendrier Maya dans le compte des jours traditionnel<\/p>\n<p><img loading=\"lazy\" decoding=\"async\" class=\"alignright size-full wp-image-3552\" title=\"Mayan Calendar\" src=\"http:\/\/stargaia.com\/wp-content\/uploads\/2011\/07\/DecoderUK-Report001_150.jpg\" alt=\"Mayan Calendar\" width=\"150\" height=\"150\" \/><br \/><strong>2012 a marqu\u00e9 la fin d&#8217;un cycle important du Compte Long mais Le Calendrier Maya continue!<\/strong><\/p>\n<p><a href=\"http:\/\/stargaia.com\/fr\/glastonbury\/\">GLASTONBURY<\/a>, Angleterre<br \/>en langue fran\u00e7aise \u00e0 Stargaia<br \/><strong>Stage Calendrier Maya<\/strong><br \/>&#8211; Dimanche 2 juin 2024<br \/>de 14h \u00e0 17h<br \/>Stargaia<br \/>Glastonbury<br \/>Somerset, Royaume-Uni<br \/>STAGE : \u00a333 d\u00e9codeur inclus<\/p>\n<p>S\u00e9jours Glastonbury, sud-ouest Angleterre pr\u00e8s de Bristol<br \/>Renseignements et R\u00e9servation <a href=\"http:\/\/stargaia.com\/fr\/contact\/\">Contactez-nous<\/a><\/p>\n<hr \/>\n<h4 style=\"text-align: left;\">Consultation Astrologie Maya<\/h4>\n<p>Pour commander une lecture personalis\u00e9e de votre Th\u00e8me Natal Maya enregistr\u00e9e sur mp3, <a href=\"https:\/\/stargaia.com\/fr\/contact\/\">contactez-nous<\/a><br \/>Prix : \u00a360<\/p>\n<hr \/>\n\n\n\n\n<div class=\"wp-block-media-text alignwide is-stacked-on-mobile\"><figure class=\"wp-block-media-text__media\"><\/figure><div class=\"wp-block-media-text__content\">\n<p><\/p>\n<\/div><\/div>\n\n\n\n<p><\/p>\n","protected":false},"excerpt":{"rendered":"<p>D\u00e9couvrez les richesses du Calendrier Maya Sacr\u00e9 appel\u00e9 Tzolkin \u00e0 travers nos Publications et nos Stages Calendrier Maya. Publications sur le Calendrier Maya Kit du Calendrier Maya Les Cartes Mayas sont bas\u00e9es sur le Tzolkin, le calendrier sacr\u00e9 maya traditionnellement utilis\u00e9 pour l&#8217;astrologie, la divination, le chamanisme et les c\u00e9r\u00e9monies.Tirer les Cartes Mayas est un [&hellip;]<\/p>\n","protected":false},"author":1,"featured_media":1905,"parent":0,"menu_order":16,"comment_status":"closed","ping_status":"closed","template":"","meta":{"_genesis_hide_title":false,"_genesis_hide_breadcrumbs":false,"_genesis_hide_singular_image":false,"_genesis_hide_footer_widgets":false,"_genesis_custom_body_class":"","_genesis_custom_post_class":"","_genesis_layout":"content-sidebar","footnotes":""},"class_list":{"0":"post-19","1":"page","2":"type-page","3":"status-publish","4":"has-post-thumbnail","6":"entry"},"yoast_head":"<!-- This site is optimized with the Yoast SEO plugin v27.3 - https:\/\/yoast.com\/product\/yoast-seo-wordpress\/ -->\n<title>Calendrier Maya et 2012 - Stargaia.com<\/title>\n<meta name=\"robots\" content=\"index, follow, max-snippet:-1, max-image-preview:large, max-video-preview:-1\" \/>\n<link rel=\"canonical\" href=\"https:\/\/stargaia.com\/fr\/calendrier-maya-and-2012\/\" \/>\n<meta property=\"og:locale\" content=\"en_US\" \/>\n<meta property=\"og:type\" content=\"article\" \/>\n<meta property=\"og:title\" content=\"Calendrier Maya et 2012 - Stargaia.com\" \/>\n<meta property=\"og:description\" content=\"D\u00e9couvrez les richesses du Calendrier Maya Sacr\u00e9 appel\u00e9 Tzolkin \u00e0 travers nos Publications et nos Stages Calendrier Maya. Publications sur le Calendrier Maya Kit du Calendrier Maya Les Cartes Mayas sont bas\u00e9es sur le Tzolkin, le calendrier sacr\u00e9 maya traditionnellement utilis\u00e9 pour l&#8217;astrologie, la divination, le chamanisme et les c\u00e9r\u00e9monies.Tirer les Cartes Mayas est un [&hellip;]\" \/>\n<meta property=\"og:url\" content=\"https:\/\/stargaia.com\/fr\/calendrier-maya-and-2012\/\" \/>\n<meta property=\"og:site_name\" content=\"Stargaia.com\" \/>\n<meta property=\"article:modified_time\" content=\"2024-12-08T18:04:23+00:00\" \/>\n<meta property=\"og:image\" content=\"https:\/\/stargaia.com\/fr\/wp-content\/uploads\/2010\/11\/CartesMayasKit.jpg\" \/>\n\t<meta property=\"og:image:width\" content=\"250\" \/>\n\t<meta property=\"og:image:height\" content=\"253\" \/>\n\t<meta property=\"og:image:type\" content=\"image\/jpeg\" \/>\n<meta name=\"twitter:card\" content=\"summary_large_image\" \/>\n<meta name=\"twitter:label1\" content=\"Est. reading time\" \/>\n\t<meta name=\"twitter:data1\" content=\"2 minutes\" \/>\n<script type=\"application\/ld+json\" class=\"yoast-schema-graph\">{\"@context\":\"https:\\\/\\\/schema.org\",\"@graph\":[{\"@type\":\"WebPage\",\"@id\":\"https:\\\/\\\/stargaia.com\\\/fr\\\/calendrier-maya-and-2012\\\/\",\"url\":\"https:\\\/\\\/stargaia.com\\\/fr\\\/calendrier-maya-and-2012\\\/\",\"name\":\"Calendrier Maya et 2012 - Stargaia.com\",\"isPartOf\":{\"@id\":\"https:\\\/\\\/stargaia.com\\\/fr\\\/#website\"},\"primaryImageOfPage\":{\"@id\":\"https:\\\/\\\/stargaia.com\\\/fr\\\/calendrier-maya-and-2012\\\/#primaryimage\"},\"image\":{\"@id\":\"https:\\\/\\\/stargaia.com\\\/fr\\\/calendrier-maya-and-2012\\\/#primaryimage\"},\"thumbnailUrl\":\"https:\\\/\\\/stargaia.com\\\/fr\\\/wp-content\\\/uploads\\\/2010\\\/11\\\/CartesMayasKit.jpg\",\"datePublished\":\"2016-12-03T13:31:31+00:00\",\"dateModified\":\"2024-12-08T18:04:23+00:00\",\"breadcrumb\":{\"@id\":\"https:\\\/\\\/stargaia.com\\\/fr\\\/calendrier-maya-and-2012\\\/#breadcrumb\"},\"inLanguage\":\"en-US\",\"potentialAction\":[{\"@type\":\"ReadAction\",\"target\":[\"https:\\\/\\\/stargaia.com\\\/fr\\\/calendrier-maya-and-2012\\\/\"]}]},{\"@type\":\"ImageObject\",\"inLanguage\":\"en-US\",\"@id\":\"https:\\\/\\\/stargaia.com\\\/fr\\\/calendrier-maya-and-2012\\\/#primaryimage\",\"url\":\"https:\\\/\\\/stargaia.com\\\/fr\\\/wp-content\\\/uploads\\\/2010\\\/11\\\/CartesMayasKit.jpg\",\"contentUrl\":\"https:\\\/\\\/stargaia.com\\\/fr\\\/wp-content\\\/uploads\\\/2010\\\/11\\\/CartesMayasKit.jpg\",\"width\":\"250\",\"height\":\"253\",\"caption\":\"Cartes Mayas Kit\"},{\"@type\":\"BreadcrumbList\",\"@id\":\"https:\\\/\\\/stargaia.com\\\/fr\\\/calendrier-maya-and-2012\\\/#breadcrumb\",\"itemListElement\":[{\"@type\":\"ListItem\",\"position\":1,\"name\":\"Home\",\"item\":\"https:\\\/\\\/stargaia.com\\\/fr\\\/\"},{\"@type\":\"ListItem\",\"position\":2,\"name\":\"Calendrier Maya et 2012\"}]},{\"@type\":\"WebSite\",\"@id\":\"https:\\\/\\\/stargaia.com\\\/fr\\\/#website\",\"url\":\"https:\\\/\\\/stargaia.com\\\/fr\\\/\",\"name\":\"Stargaia.com\",\"description\":\"du d\u00e9veloppement personnel \u00e0 l\u2019\u00e9veil plan\u00e9taire\",\"publisher\":{\"@id\":\"https:\\\/\\\/stargaia.com\\\/fr\\\/#organization\"},\"potentialAction\":[{\"@type\":\"SearchAction\",\"target\":{\"@type\":\"EntryPoint\",\"urlTemplate\":\"https:\\\/\\\/stargaia.com\\\/fr\\\/?s={search_term_string}\"},\"query-input\":{\"@type\":\"PropertyValueSpecification\",\"valueRequired\":true,\"valueName\":\"search_term_string\"}}],\"inLanguage\":\"en-US\"},{\"@type\":\"Organization\",\"@id\":\"https:\\\/\\\/stargaia.com\\\/fr\\\/#organization\",\"name\":\"Stargaia.com\",\"url\":\"https:\\\/\\\/stargaia.com\\\/fr\\\/\",\"logo\":{\"@type\":\"ImageObject\",\"inLanguage\":\"en-US\",\"@id\":\"https:\\\/\\\/stargaia.com\\\/fr\\\/#\\\/schema\\\/logo\\\/image\\\/\",\"url\":\"https:\\\/\\\/stargaia.com\\\/fr\\\/wp-content\\\/uploads\\\/2018\\\/02\\\/cropped-Stargaia-logo-512.jpg\",\"contentUrl\":\"https:\\\/\\\/stargaia.com\\\/fr\\\/wp-content\\\/uploads\\\/2018\\\/02\\\/cropped-Stargaia-logo-512.jpg\",\"width\":512,\"height\":512,\"caption\":\"Stargaia.com\"},\"image\":{\"@id\":\"https:\\\/\\\/stargaia.com\\\/fr\\\/#\\\/schema\\\/logo\\\/image\\\/\"}}]}<\/script>\n<!-- \/ Yoast SEO plugin. -->","yoast_head_json":{"title":"Calendrier Maya et 2012 - Stargaia.com","robots":{"index":"index","follow":"follow","max-snippet":"max-snippet:-1","max-image-preview":"max-image-preview:large","max-video-preview":"max-video-preview:-1"},"canonical":"https:\/\/stargaia.com\/fr\/calendrier-maya-and-2012\/","og_locale":"en_US","og_type":"article","og_title":"Calendrier Maya et 2012 - Stargaia.com","og_description":"D\u00e9couvrez les richesses du Calendrier Maya Sacr\u00e9 appel\u00e9 Tzolkin \u00e0 travers nos Publications et nos Stages Calendrier Maya. Publications sur le Calendrier Maya Kit du Calendrier Maya Les Cartes Mayas sont bas\u00e9es sur le Tzolkin, le calendrier sacr\u00e9 maya traditionnellement utilis\u00e9 pour l&#8217;astrologie, la divination, le chamanisme et les c\u00e9r\u00e9monies.Tirer les Cartes Mayas est un [&hellip;]","og_url":"https:\/\/stargaia.com\/fr\/calendrier-maya-and-2012\/","og_site_name":"Stargaia.com","article_modified_time":"2024-12-08T18:04:23+00:00","og_image":[{"width":250,"height":253,"url":"https:\/\/stargaia.com\/fr\/wp-content\/uploads\/2010\/11\/CartesMayasKit.jpg","type":"image\/jpeg"}],"twitter_card":"summary_large_image","twitter_misc":{"Est. reading time":"2 minutes"},"schema":{"@context":"https:\/\/schema.org","@graph":[{"@type":"WebPage","@id":"https:\/\/stargaia.com\/fr\/calendrier-maya-and-2012\/","url":"https:\/\/stargaia.com\/fr\/calendrier-maya-and-2012\/","name":"Calendrier Maya et 2012 - Stargaia.com","isPartOf":{"@id":"https:\/\/stargaia.com\/fr\/#website"},"primaryImageOfPage":{"@id":"https:\/\/stargaia.com\/fr\/calendrier-maya-and-2012\/#primaryimage"},"image":{"@id":"https:\/\/stargaia.com\/fr\/calendrier-maya-and-2012\/#primaryimage"},"thumbnailUrl":"https:\/\/stargaia.com\/fr\/wp-content\/uploads\/2010\/11\/CartesMayasKit.jpg","datePublished":"2016-12-03T13:31:31+00:00","dateModified":"2024-12-08T18:04:23+00:00","breadcrumb":{"@id":"https:\/\/stargaia.com\/fr\/calendrier-maya-and-2012\/#breadcrumb"},"inLanguage":"en-US","potentialAction":[{"@type":"ReadAction","target":["https:\/\/stargaia.com\/fr\/calendrier-maya-and-2012\/"]}]},{"@type":"ImageObject","inLanguage":"en-US","@id":"https:\/\/stargaia.com\/fr\/calendrier-maya-and-2012\/#primaryimage","url":"https:\/\/stargaia.com\/fr\/wp-content\/uploads\/2010\/11\/CartesMayasKit.jpg","contentUrl":"https:\/\/stargaia.com\/fr\/wp-content\/uploads\/2010\/11\/CartesMayasKit.jpg","width":"250","height":"253","caption":"Cartes Mayas Kit"},{"@type":"BreadcrumbList","@id":"https:\/\/stargaia.com\/fr\/calendrier-maya-and-2012\/#breadcrumb","itemListElement":[{"@type":"ListItem","position":1,"name":"Home","item":"https:\/\/stargaia.com\/fr\/"},{"@type":"ListItem","position":2,"name":"Calendrier Maya et 2012"}]},{"@type":"WebSite","@id":"https:\/\/stargaia.com\/fr\/#website","url":"https:\/\/stargaia.com\/fr\/","name":"Stargaia.com","description":"du d\u00e9veloppement personnel \u00e0 l\u2019\u00e9veil plan\u00e9taire","publisher":{"@id":"https:\/\/stargaia.com\/fr\/#organization"},"potentialAction":[{"@type":"SearchAction","target":{"@type":"EntryPoint","urlTemplate":"https:\/\/stargaia.com\/fr\/?s={search_term_string}"},"query-input":{"@type":"PropertyValueSpecification","valueRequired":true,"valueName":"search_term_string"}}],"inLanguage":"en-US"},{"@type":"Organization","@id":"https:\/\/stargaia.com\/fr\/#organization","name":"Stargaia.com","url":"https:\/\/stargaia.com\/fr\/","logo":{"@type":"ImageObject","inLanguage":"en-US","@id":"https:\/\/stargaia.com\/fr\/#\/schema\/logo\/image\/","url":"https:\/\/stargaia.com\/fr\/wp-content\/uploads\/2018\/02\/cropped-Stargaia-logo-512.jpg","contentUrl":"https:\/\/stargaia.com\/fr\/wp-content\/uploads\/2018\/02\/cropped-Stargaia-logo-512.jpg","width":512,"height":512,"caption":"Stargaia.com"},"image":{"@id":"https:\/\/stargaia.com\/fr\/#\/schema\/logo\/image\/"}}]}},"_links":{"self":[{"href":"https:\/\/stargaia.com\/fr\/wp-json\/wp\/v2\/pages\/19","targetHints":{"allow":["GET"]}}],"collection":[{"href":"https:\/\/stargaia.com\/fr\/wp-json\/wp\/v2\/pages"}],"about":[{"href":"https:\/\/stargaia.com\/fr\/wp-json\/wp\/v2\/types\/page"}],"author":[{"embeddable":true,"href":"https:\/\/stargaia.com\/fr\/wp-json\/wp\/v2\/users\/1"}],"replies":[{"embeddable":true,"href":"https:\/\/stargaia.com\/fr\/wp-json\/wp\/v2\/comments?post=19"}],"version-history":[{"count":134,"href":"https:\/\/stargaia.com\/fr\/wp-json\/wp\/v2\/pages\/19\/revisions"}],"predecessor-version":[{"id":4931,"href":"https:\/\/stargaia.com\/fr\/wp-json\/wp\/v2\/pages\/19\/revisions\/4931"}],"wp:featuredmedia":[{"embeddable":true,"href":"https:\/\/stargaia.com\/fr\/wp-json\/wp\/v2\/media\/1905"}],"wp:attachment":[{"href":"https:\/\/stargaia.com\/fr\/wp-json\/wp\/v2\/media?parent=19"}],"curies":[{"name":"wp","href":"https:\/\/api.w.org\/{rel}","templated":true}]}}