{"id":29,"date":"2010-06-19T14:25:56","date_gmt":"2010-06-19T14:25:56","guid":{"rendered":"http:\/\/stargaia.com\/blog\/"},"modified":"2023-03-20T15:20:02","modified_gmt":"2023-03-20T15:20:02","slug":"geometrie-sacree","status":"publish","type":"page","link":"https:\/\/stargaia.com\/fr\/geometrie-sacree\/","title":{"rendered":"G\u00e9om\u00e9trie Sacr\u00e9e"},"content":{"rendered":"<figure id=\"attachment_3875\" aria-describedby=\"caption-attachment-3875\" style=\"width: 300px\" class=\"wp-caption aligncenter\"><img loading=\"lazy\" decoding=\"async\" class=\"size-medium wp-image-3875 \" title=\"Nautile\" src=\"http:\/\/stargaia.com\/fr\/wp-content\/uploads\/2010\/06\/nautilus_2-300x228.jpg\" alt=\"Nautile\" width=\"300\" height=\"228\" srcset=\"https:\/\/stargaia.com\/fr\/wp-content\/uploads\/2010\/06\/nautilus_2-300x228.jpg 300w, https:\/\/stargaia.com\/fr\/wp-content\/uploads\/2010\/06\/nautilus_2.jpg 555w\" sizes=\"auto, (max-width: 300px) 100vw, 300px\" \/><figcaption id=\"caption-attachment-3875\" class=\"wp-caption-text\">Nautile<\/figcaption><\/figure>\n<h2>La G\u00e9om\u00e9trie Sacr\u00e9e,<br \/>\nle langage universel de la cr\u00e9ation<\/h2>\n<p>L\u2019univers tout entier est construit selon une harmonie parfaite. Les orbites des plan\u00e8tes autour du soleil sont stuctur\u00e9es par des proportions et des motifs tr\u00e8s pr\u00e9cis. Des rapports constants apparaissent au sein de toute la cr\u00e9ation, dans les cristaux, les plantes, les animaux et le corps humain. De nombreuses traditions autour du globe refl\u00e8tent la <strong>G\u00e9om\u00e9trie Sacr\u00e9e<\/strong>, le savoir inh\u00e9rent \u00e0 l\u2019expression de la vie.<\/p>\n<h3>Crop Circles ou Cercles de bl\u00e9<\/h3>\n<p>Dans le sud-ouest de l\u2019Angleterre o\u00f9 se trouve notre centre <a href=\"http:\/\/stargaia.com\/fr\/\">Stargaia<\/a>, nous avons la chance d\u2019\u00eatre \u00e0 proximit\u00e9 d\u2019anciens sites sacr\u00e9s, autour desquels abondent chaque \u00e9t\u00e9 de nombreux crop circles ou cercles de culture dans les champs de c\u00e9r\u00e9ales.<\/p>\n<figure id=\"attachment_3876\" aria-describedby=\"caption-attachment-3876\" style=\"width: 300px\" class=\"wp-caption aligncenter\"><img loading=\"lazy\" decoding=\"async\" class=\"size-medium wp-image-3876 \" title=\"Cercle de Bl\u00e9 - Tournesol, Wiltshire UK\" src=\"http:\/\/stargaia.com\/fr\/wp-content\/uploads\/2010\/06\/crop_circle_sunflower-300x286.jpg\" alt=\"Cercle de Bl\u00e9 - Tournesol, Wiltshire UK\" width=\"300\" height=\"286\" srcset=\"https:\/\/stargaia.com\/fr\/wp-content\/uploads\/2010\/06\/crop_circle_sunflower-300x286.jpg 300w, https:\/\/stargaia.com\/fr\/wp-content\/uploads\/2010\/06\/crop_circle_sunflower.jpg 314w\" sizes=\"auto, (max-width: 300px) 100vw, 300px\" \/><figcaption id=\"caption-attachment-3876\" class=\"wp-caption-text\">Cercle de Bl\u00e9 &#8211; Tournesol, Wiltshire UK<\/figcaption><\/figure>\n<p>Etablissant de nouvelles fr\u00e9quences de lumi\u00e8re, les crop circles n\u2019ont cess\u00e9 d\u2019augmenter en nombre et en complexit\u00e9 depuis les ann\u00e9es 80. Leurs messages parlent \u00e0 la fois \u00e0 notre cerveau droit intuitif et \u00e0 notre cerveau gauche analytique. Leurs motifs g\u00e9om\u00e9triques repr\u00e9sentent l\u2019encodage qui nous pr\u00e9pare progressivement \u00e0 un grand changement de conscience dans l\u2019\u00e9volution de la Terre.<\/p>\n<p>Pour nos <a href=\"http:\/\/stargaia.com\/fr\/bed-breakfast\/\">s\u00e9jours \u00e0 Stargaia<\/a> en chambre d\u2019h\u00f4tes dans le haut-lieu de <a href=\"http:\/\/stargaia.com\/fr\/glastonbury\/\">Glastonbury<\/a>, <a href=\"http:\/\/stargaia.com\/fr\/contact\/\">contactez-nous<\/a><\/p>\n<h3>La Fleur de Vie<\/h3>\n<p>La <strong>Fleur de Vie<\/strong> est une g\u00e9om\u00e9trie particuli\u00e8rement harmonisante.<\/p>\n<figure id=\"attachment_1453\" aria-describedby=\"caption-attachment-1453\" style=\"width: 150px\" class=\"wp-caption alignright\"><img loading=\"lazy\" decoding=\"async\" class=\"size-full wp-image-1453\" title=\"Vesica Pisces Chalice Well Glastonbury\" src=\"http:\/\/stargaia.com\/fr\/wp-content\/uploads\/2010\/09\/Vesica-ChaliceWell150.jpg\" alt=\"Vesica Pisces Chalice Well Glastonbury\" width=\"150\" height=\"198\" \/><figcaption id=\"caption-attachment-1453\" class=\"wp-caption-text\">Vesica Pisces Chalice Well Glastonbury<\/figcaption><\/figure>\n<p>D\u00e9crivant la g\u00e9n\u00e8se m\u00eame de la vie, cette g\u00e9om\u00e9trie contient \u00e0 la base la Vesica Piscis qui est l\u2019un des symboles de Glastonbury au coeur du pays l\u00e9gendaire de l\u2019\u00eele d\u2019Avalon. Ici les deux sources blanche et rouge coulent c\u00f4te \u00e0 c\u00f4te au pied de la Tor, la fameuse colline en terrasses, et faisaient jadis partie des initiations celtes.<\/p>\n<p>On peut admirer la Vesica au Jardin du Chalice Well sur le couvercle du \u2018Puits du Chalice\u2019, forg\u00e9 par Hamish Miller. Elle d\u00e9core \u00e9galement le flux des eaux de la fontaine dans la partie basse du jardin.<\/p>\n<figure id=\"attachment_982\" aria-describedby=\"caption-attachment-982\" style=\"width: 175px\" class=\"wp-caption alignleft\"><img loading=\"lazy\" decoding=\"async\" class=\" wp-image-982\" title=\"La Fleur de Vie\" src=\"http:\/\/stargaia.com\/fr\/wp-content\/uploads\/2010\/09\/fol.jpg\" alt=\"La Fleur de Vie\" width=\"175\" height=\"178\" srcset=\"https:\/\/stargaia.com\/fr\/wp-content\/uploads\/2010\/09\/fol.jpg 134w, https:\/\/stargaia.com\/fr\/wp-content\/uploads\/2010\/09\/fol-65x65.jpg 65w\" sizes=\"auto, (max-width: 175px) 100vw, 175px\" \/><figcaption id=\"caption-attachment-982\" class=\"wp-caption-text\">La Fleur de Vie<\/figcaption><\/figure>\n<p>La Fleur de Vie est une des g\u00e9om\u00e9tries sacr\u00e9es utilis\u00e9es dans les C\u00e9r\u00e9monies alchimiques du Template. Test\u00e9e en kin\u00e9siologie, la r\u00e9sonance de cette g\u00e9om\u00e9trie reconnecte 5 bio-circuits \u00e9lectromagn\u00e9tiques dont le circuit du cortex c\u00e9r\u00e9bral.<\/p>\n<h3><\/h3>\n<h3><a href=\"https:\/\/stargaia.com\/fr\/the-template\/\">G\u00e9om\u00e9trie Sacr\u00e9e Le Template<\/a><\/h3>\n<p>Reconnexion des Bio-circuits Electromagn\u00e9tiques par la G\u00e9om\u00e9trie Sacr\u00e9e<br \/>\n<a href=\"https:\/\/stargaia.com\/fr\/the-template\/\">Plus d&#8217;informations<\/a><\/p>\n<figure id=\"attachment_3877\" aria-describedby=\"caption-attachment-3877\" style=\"width: 300px\" class=\"wp-caption aligncenter\"><a href=\"https:\/\/stargaia.com\/fr\/wp-content\/uploads\/2010\/06\/Etoile_GaiaAquaSolaire.jpg\"><img loading=\"lazy\" decoding=\"async\" class=\"size-medium wp-image-3877\" src=\"https:\/\/stargaia.com\/fr\/wp-content\/uploads\/2010\/06\/Etoile_GaiaAquaSolaire-300x297.jpg\" alt=\"Etoile GaiaAquaSolaire\" width=\"300\" height=\"297\" srcset=\"https:\/\/stargaia.com\/fr\/wp-content\/uploads\/2010\/06\/Etoile_GaiaAquaSolaire-300x297.jpg 300w, https:\/\/stargaia.com\/fr\/wp-content\/uploads\/2010\/06\/Etoile_GaiaAquaSolaire-150x150.jpg 150w, https:\/\/stargaia.com\/fr\/wp-content\/uploads\/2010\/06\/Etoile_GaiaAquaSolaire-65x65.jpg 65w, https:\/\/stargaia.com\/fr\/wp-content\/uploads\/2010\/06\/Etoile_GaiaAquaSolaire.jpg 720w\" sizes=\"auto, (max-width: 300px) 100vw, 300px\" \/><\/a><figcaption id=\"caption-attachment-3877\" class=\"wp-caption-text\">Etoile GaiaAquaSolaire<\/figcaption><\/figure>\n<p>Pour consulter notre gamme de g\u00e9om\u00e9tries \u00e9nergisantes, cliquez <a href=\"https:\/\/stargaia.com\/fr\/boutique\/\">G\u00e9om\u00e9tries<\/a><\/p>\n<p>Pour de plus amples informations sur les Stages et Conf\u00e9rences de G\u00e9om\u00e9trie Sacr\u00e9e en langue fran\u00e7aise, cliquez <a href=\"http:\/\/stargaia.com\/fr\/category\/stages\/\">Stages<\/a><\/p>\n<p>Pour tous renseignements, <a href=\"http:\/\/stargaia.com\/fr\/contact\/\">contactez-nous<\/a><\/p>\n","protected":false},"excerpt":{"rendered":"<p>La G\u00e9om\u00e9trie Sacr\u00e9e, le langage universel de la cr\u00e9ation L\u2019univers tout entier est construit selon une harmonie parfaite. Les orbites des plan\u00e8tes autour du soleil sont stuctur\u00e9es par des proportions et des motifs tr\u00e8s pr\u00e9cis. Des rapports constants apparaissent au sein de toute la cr\u00e9ation, dans les cristaux, les plantes, les animaux et le corps [&hellip;]<\/p>\n","protected":false},"author":1,"featured_media":0,"parent":0,"menu_order":20,"comment_status":"closed","ping_status":"closed","template":"","meta":{"_genesis_hide_title":false,"_genesis_hide_breadcrumbs":false,"_genesis_hide_singular_image":false,"_genesis_hide_footer_widgets":false,"_genesis_custom_body_class":"","_genesis_custom_post_class":"","_genesis_layout":"","footnotes":""},"class_list":{"0":"post-29","1":"page","2":"type-page","3":"status-publish","5":"entry","6":"has-post-thumbnail"},"yoast_head":"<!-- This site is optimized with the Yoast SEO plugin v27.3 - https:\/\/yoast.com\/product\/yoast-seo-wordpress\/ -->\n<title>G\u00e9om\u00e9trie Sacr\u00e9e - Stargaia.com<\/title>\n<meta name=\"robots\" content=\"index, follow, max-snippet:-1, max-image-preview:large, max-video-preview:-1\" \/>\n<link rel=\"canonical\" href=\"https:\/\/stargaia.com\/fr\/geometrie-sacree\/\" \/>\n<meta property=\"og:locale\" content=\"en_US\" \/>\n<meta property=\"og:type\" content=\"article\" \/>\n<meta property=\"og:title\" content=\"G\u00e9om\u00e9trie Sacr\u00e9e - Stargaia.com\" \/>\n<meta property=\"og:description\" content=\"La G\u00e9om\u00e9trie Sacr\u00e9e, le langage universel de la cr\u00e9ation L\u2019univers tout entier est construit selon une harmonie parfaite. Les orbites des plan\u00e8tes autour du soleil sont stuctur\u00e9es par des proportions et des motifs tr\u00e8s pr\u00e9cis. Des rapports constants apparaissent au sein de toute la cr\u00e9ation, dans les cristaux, les plantes, les animaux et le corps [&hellip;]\" \/>\n<meta property=\"og:url\" content=\"https:\/\/stargaia.com\/fr\/geometrie-sacree\/\" \/>\n<meta property=\"og:site_name\" content=\"Stargaia.com\" \/>\n<meta property=\"article:modified_time\" content=\"2023-03-20T15:20:02+00:00\" \/>\n<meta property=\"og:image\" content=\"https:\/\/stargaia.com\/fr\/wp-content\/uploads\/2010\/06\/nautilus_2.jpg\" \/>\n\t<meta property=\"og:image:width\" content=\"555\" \/>\n\t<meta property=\"og:image:height\" content=\"423\" \/>\n\t<meta property=\"og:image:type\" content=\"image\/jpeg\" \/>\n<meta name=\"twitter:card\" content=\"summary_large_image\" \/>\n<meta name=\"twitter:label1\" content=\"Est. reading time\" \/>\n\t<meta name=\"twitter:data1\" content=\"3 minutes\" \/>\n<script type=\"application\/ld+json\" class=\"yoast-schema-graph\">{\"@context\":\"https:\\\/\\\/schema.org\",\"@graph\":[{\"@type\":\"WebPage\",\"@id\":\"https:\\\/\\\/stargaia.com\\\/fr\\\/geometrie-sacree\\\/\",\"url\":\"https:\\\/\\\/stargaia.com\\\/fr\\\/geometrie-sacree\\\/\",\"name\":\"G\u00e9om\u00e9trie Sacr\u00e9e - Stargaia.com\",\"isPartOf\":{\"@id\":\"https:\\\/\\\/stargaia.com\\\/fr\\\/#website\"},\"primaryImageOfPage\":{\"@id\":\"https:\\\/\\\/stargaia.com\\\/fr\\\/geometrie-sacree\\\/#primaryimage\"},\"image\":{\"@id\":\"https:\\\/\\\/stargaia.com\\\/fr\\\/geometrie-sacree\\\/#primaryimage\"},\"thumbnailUrl\":\"http:\\\/\\\/stargaia.com\\\/fr\\\/wp-content\\\/uploads\\\/2010\\\/06\\\/nautilus_2-300x228.jpg\",\"datePublished\":\"2010-06-19T14:25:56+00:00\",\"dateModified\":\"2023-03-20T15:20:02+00:00\",\"breadcrumb\":{\"@id\":\"https:\\\/\\\/stargaia.com\\\/fr\\\/geometrie-sacree\\\/#breadcrumb\"},\"inLanguage\":\"en-US\",\"potentialAction\":[{\"@type\":\"ReadAction\",\"target\":[\"https:\\\/\\\/stargaia.com\\\/fr\\\/geometrie-sacree\\\/\"]}]},{\"@type\":\"ImageObject\",\"inLanguage\":\"en-US\",\"@id\":\"https:\\\/\\\/stargaia.com\\\/fr\\\/geometrie-sacree\\\/#primaryimage\",\"url\":\"https:\\\/\\\/stargaia.com\\\/fr\\\/wp-content\\\/uploads\\\/2010\\\/06\\\/nautilus_2.jpg\",\"contentUrl\":\"https:\\\/\\\/stargaia.com\\\/fr\\\/wp-content\\\/uploads\\\/2010\\\/06\\\/nautilus_2.jpg\",\"width\":555,\"height\":423,\"caption\":\"Nautile\"},{\"@type\":\"BreadcrumbList\",\"@id\":\"https:\\\/\\\/stargaia.com\\\/fr\\\/geometrie-sacree\\\/#breadcrumb\",\"itemListElement\":[{\"@type\":\"ListItem\",\"position\":1,\"name\":\"Home\",\"item\":\"https:\\\/\\\/stargaia.com\\\/fr\\\/\"},{\"@type\":\"ListItem\",\"position\":2,\"name\":\"G\u00e9om\u00e9trie Sacr\u00e9e\"}]},{\"@type\":\"WebSite\",\"@id\":\"https:\\\/\\\/stargaia.com\\\/fr\\\/#website\",\"url\":\"https:\\\/\\\/stargaia.com\\\/fr\\\/\",\"name\":\"Stargaia.com\",\"description\":\"du d\u00e9veloppement personnel \u00e0 l\u2019\u00e9veil plan\u00e9taire\",\"publisher\":{\"@id\":\"https:\\\/\\\/stargaia.com\\\/fr\\\/#organization\"},\"potentialAction\":[{\"@type\":\"SearchAction\",\"target\":{\"@type\":\"EntryPoint\",\"urlTemplate\":\"https:\\\/\\\/stargaia.com\\\/fr\\\/?s={search_term_string}\"},\"query-input\":{\"@type\":\"PropertyValueSpecification\",\"valueRequired\":true,\"valueName\":\"search_term_string\"}}],\"inLanguage\":\"en-US\"},{\"@type\":\"Organization\",\"@id\":\"https:\\\/\\\/stargaia.com\\\/fr\\\/#organization\",\"name\":\"Stargaia.com\",\"url\":\"https:\\\/\\\/stargaia.com\\\/fr\\\/\",\"logo\":{\"@type\":\"ImageObject\",\"inLanguage\":\"en-US\",\"@id\":\"https:\\\/\\\/stargaia.com\\\/fr\\\/#\\\/schema\\\/logo\\\/image\\\/\",\"url\":\"https:\\\/\\\/stargaia.com\\\/fr\\\/wp-content\\\/uploads\\\/2018\\\/02\\\/cropped-Stargaia-logo-512.jpg\",\"contentUrl\":\"https:\\\/\\\/stargaia.com\\\/fr\\\/wp-content\\\/uploads\\\/2018\\\/02\\\/cropped-Stargaia-logo-512.jpg\",\"width\":512,\"height\":512,\"caption\":\"Stargaia.com\"},\"image\":{\"@id\":\"https:\\\/\\\/stargaia.com\\\/fr\\\/#\\\/schema\\\/logo\\\/image\\\/\"}}]}<\/script>\n<!-- \/ Yoast SEO plugin. -->","yoast_head_json":{"title":"G\u00e9om\u00e9trie Sacr\u00e9e - Stargaia.com","robots":{"index":"index","follow":"follow","max-snippet":"max-snippet:-1","max-image-preview":"max-image-preview:large","max-video-preview":"max-video-preview:-1"},"canonical":"https:\/\/stargaia.com\/fr\/geometrie-sacree\/","og_locale":"en_US","og_type":"article","og_title":"G\u00e9om\u00e9trie Sacr\u00e9e - Stargaia.com","og_description":"La G\u00e9om\u00e9trie Sacr\u00e9e, le langage universel de la cr\u00e9ation L\u2019univers tout entier est construit selon une harmonie parfaite. Les orbites des plan\u00e8tes autour du soleil sont stuctur\u00e9es par des proportions et des motifs tr\u00e8s pr\u00e9cis. Des rapports constants apparaissent au sein de toute la cr\u00e9ation, dans les cristaux, les plantes, les animaux et le corps [&hellip;]","og_url":"https:\/\/stargaia.com\/fr\/geometrie-sacree\/","og_site_name":"Stargaia.com","article_modified_time":"2023-03-20T15:20:02+00:00","og_image":[{"width":555,"height":423,"url":"https:\/\/stargaia.com\/fr\/wp-content\/uploads\/2010\/06\/nautilus_2.jpg","type":"image\/jpeg"}],"twitter_card":"summary_large_image","twitter_misc":{"Est. reading time":"3 minutes"},"schema":{"@context":"https:\/\/schema.org","@graph":[{"@type":"WebPage","@id":"https:\/\/stargaia.com\/fr\/geometrie-sacree\/","url":"https:\/\/stargaia.com\/fr\/geometrie-sacree\/","name":"G\u00e9om\u00e9trie Sacr\u00e9e - Stargaia.com","isPartOf":{"@id":"https:\/\/stargaia.com\/fr\/#website"},"primaryImageOfPage":{"@id":"https:\/\/stargaia.com\/fr\/geometrie-sacree\/#primaryimage"},"image":{"@id":"https:\/\/stargaia.com\/fr\/geometrie-sacree\/#primaryimage"},"thumbnailUrl":"http:\/\/stargaia.com\/fr\/wp-content\/uploads\/2010\/06\/nautilus_2-300x228.jpg","datePublished":"2010-06-19T14:25:56+00:00","dateModified":"2023-03-20T15:20:02+00:00","breadcrumb":{"@id":"https:\/\/stargaia.com\/fr\/geometrie-sacree\/#breadcrumb"},"inLanguage":"en-US","potentialAction":[{"@type":"ReadAction","target":["https:\/\/stargaia.com\/fr\/geometrie-sacree\/"]}]},{"@type":"ImageObject","inLanguage":"en-US","@id":"https:\/\/stargaia.com\/fr\/geometrie-sacree\/#primaryimage","url":"https:\/\/stargaia.com\/fr\/wp-content\/uploads\/2010\/06\/nautilus_2.jpg","contentUrl":"https:\/\/stargaia.com\/fr\/wp-content\/uploads\/2010\/06\/nautilus_2.jpg","width":555,"height":423,"caption":"Nautile"},{"@type":"BreadcrumbList","@id":"https:\/\/stargaia.com\/fr\/geometrie-sacree\/#breadcrumb","itemListElement":[{"@type":"ListItem","position":1,"name":"Home","item":"https:\/\/stargaia.com\/fr\/"},{"@type":"ListItem","position":2,"name":"G\u00e9om\u00e9trie Sacr\u00e9e"}]},{"@type":"WebSite","@id":"https:\/\/stargaia.com\/fr\/#website","url":"https:\/\/stargaia.com\/fr\/","name":"Stargaia.com","description":"du d\u00e9veloppement personnel \u00e0 l\u2019\u00e9veil plan\u00e9taire","publisher":{"@id":"https:\/\/stargaia.com\/fr\/#organization"},"potentialAction":[{"@type":"SearchAction","target":{"@type":"EntryPoint","urlTemplate":"https:\/\/stargaia.com\/fr\/?s={search_term_string}"},"query-input":{"@type":"PropertyValueSpecification","valueRequired":true,"valueName":"search_term_string"}}],"inLanguage":"en-US"},{"@type":"Organization","@id":"https:\/\/stargaia.com\/fr\/#organization","name":"Stargaia.com","url":"https:\/\/stargaia.com\/fr\/","logo":{"@type":"ImageObject","inLanguage":"en-US","@id":"https:\/\/stargaia.com\/fr\/#\/schema\/logo\/image\/","url":"https:\/\/stargaia.com\/fr\/wp-content\/uploads\/2018\/02\/cropped-Stargaia-logo-512.jpg","contentUrl":"https:\/\/stargaia.com\/fr\/wp-content\/uploads\/2018\/02\/cropped-Stargaia-logo-512.jpg","width":512,"height":512,"caption":"Stargaia.com"},"image":{"@id":"https:\/\/stargaia.com\/fr\/#\/schema\/logo\/image\/"}}]}},"_links":{"self":[{"href":"https:\/\/stargaia.com\/fr\/wp-json\/wp\/v2\/pages\/29","targetHints":{"allow":["GET"]}}],"collection":[{"href":"https:\/\/stargaia.com\/fr\/wp-json\/wp\/v2\/pages"}],"about":[{"href":"https:\/\/stargaia.com\/fr\/wp-json\/wp\/v2\/types\/page"}],"author":[{"embeddable":true,"href":"https:\/\/stargaia.com\/fr\/wp-json\/wp\/v2\/users\/1"}],"replies":[{"embeddable":true,"href":"https:\/\/stargaia.com\/fr\/wp-json\/wp\/v2\/comments?post=29"}],"version-history":[{"count":16,"href":"https:\/\/stargaia.com\/fr\/wp-json\/wp\/v2\/pages\/29\/revisions"}],"predecessor-version":[{"id":4779,"href":"https:\/\/stargaia.com\/fr\/wp-json\/wp\/v2\/pages\/29\/revisions\/4779"}],"wp:attachment":[{"href":"https:\/\/stargaia.com\/fr\/wp-json\/wp\/v2\/media?parent=29"}],"curies":[{"name":"wp","href":"https:\/\/api.w.org\/{rel}","templated":true}]}}