{"id":31,"date":"2010-06-19T14:26:15","date_gmt":"2010-06-19T14:26:15","guid":{"rendered":"http:\/\/stargaia.com\/blog\/"},"modified":"2024-02-13T17:26:25","modified_gmt":"2024-02-13T17:26:25","slug":"therapies","status":"publish","type":"page","link":"https:\/\/stargaia.com\/fr\/therapies\/","title":{"rendered":"Th\u00e9rapies"},"content":{"rendered":"<h4><a href=\"https:\/\/stargaia.com\/fr\/wp-content\/uploads\/2021\/02\/Stargaia-Acupuncture_FR.jpg\"><img loading=\"lazy\" decoding=\"async\" class=\"alignnone size-full wp-image-4603\" src=\"https:\/\/stargaia.com\/fr\/wp-content\/uploads\/2021\/02\/Stargaia-Acupuncture_FR.jpg\" alt=\"\" width=\"1024\" height=\"768\" srcset=\"https:\/\/stargaia.com\/fr\/wp-content\/uploads\/2021\/02\/Stargaia-Acupuncture_FR.jpg 1024w, https:\/\/stargaia.com\/fr\/wp-content\/uploads\/2021\/02\/Stargaia-Acupuncture_FR-300x225.jpg 300w, https:\/\/stargaia.com\/fr\/wp-content\/uploads\/2021\/02\/Stargaia-Acupuncture_FR-768x576.jpg 768w\" sizes=\"auto, (max-width: 1024px) 100vw, 1024px\" \/><\/a><\/h4>\n<h4>Acupuncture et Tuina<\/h4>\n<p>L&#8217;acupuncture est l&#8217;une des principales formes de traitement en m\u00e9decine chinoise. De fines aiguilles st\u00e9rilis\u00e9es sont ins\u00e9r\u00e9es \u00e0 des points sp\u00e9cifiques le long des m\u00e9ridiens, les canaux \u00e9nerg\u00e9tiques du corps. Ce processus stimule et harmonise les flux d&#8217;\u00e9nergie, favorisant ainsi la bonne sant\u00e9. L&#8217;acupuncture est r\u00e9put\u00e9e pour ses effets th\u00e9rapeutiques dans de nombreux probl\u00e8mes de sant\u00e9, qui vont de la r\u00e9duction de la douleur \u00e0 l&#8217;\u00e9quilibre des \u00e9tats psychologiques.<\/p>\n<p>Le massage th\u00e9rapeutique Tui Na est utilis\u00e9 non seulement pour les affections\u00a0 musculo-squelettiques, mais \u00e9galement pour renforcer le traitement d&#8217;acupuncture dans de nombreuses autres conditions.<\/p>\n<p>Une consultation comprend un diagnostic holistique avant le traitement. Cela implique la prise des pouls, l&#8217;observation de la langue, un questionnaire et la palpation le long des m\u00e9ridiens en question.<\/p>\n<p>Claudie Planche est une praticienne qualifi\u00e9e en m\u00e9decine chinoise, titulaire d&#8217;un dipl\u00f4me du Xian Tian College qui enseigne la MTC (m\u00e9decine traditionnelle chinoise) ainsi que l&#8217;ACM (m\u00e9decine chinoise ancienne).<\/p>\n<p>Soin d&#8217;une heure: \u00a360<br \/>\nGroupe de 4 Traitements r\u00e9serv\u00e9es \u00e0 l&#8217;avance: \u00a3200<br \/>\nPour r\u00e9server, <a href=\"http:\/\/stargaia.com\/fr\/contact\/\">Contactez-nous<\/a><\/p>\n<hr \/>\n<h4>Elixirs Floraux<\/h4>\n<p><img loading=\"lazy\" decoding=\"async\" class=\"alignright wp-image-975\" title=\"Elixirs Floraux\" src=\"http:\/\/stargaia.com\/fr\/wp-content\/uploads\/2010\/09\/clover.jpg\" alt=\"\" width=\"260\" height=\"463\" \/><\/p>\n<p>Avec Claudie Planche:<br \/>\nPraticienne Qualifi\u00e9e en Elixirs Floraux<\/p>\n<p>Consultation et Combinaison individuelle d&#8217;Elixirs Floraux: \u00a360<br \/>\nLire un <a href=\"https:\/\/stargaia.com\/fr\/elixirs-floraux\/\">article sur les Elixirs Floraux<\/a><\/p>\n<h4>Huiles Florales<\/h4>\n<p>Pour ajouter des valeurs th\u00e9rapeutiques au massage, j&#8217;utilise des huiles florales ou \u00e9lixirs de plantes solaris\u00e9s dans de l&#8217;huile.<\/p>\n<p>A la diff\u00e9rence des huiles essentielles, les huiles florales ont aucune toxicit\u00e9 et peuvent \u00eatre utilis\u00e9es en toute s\u00e9curit\u00e9. Je choisis dans une gamme vari\u00e9e les huiles florales adapt\u00e9es \u00e0 vos besoins individuels.<\/p>\n<p>Massage des Mains &amp; des Pieds avec des huiles florales<br \/>\nTraitement (30 mins) &#8211; \u00a340<\/p>\n<p>Pour de plus amples informations ou pour r\u00e9server une consultation, <a href=\"http:\/\/stargaia.com\/fr\/contact\/\">Contactez-nous<\/a><\/p>\n<hr \/>\n<h4>Sonoth\u00e9rapie par les Diapasons<\/h4>\n<p><a href=\"https:\/\/stargaia.com\/fr\/contact\/\"><img loading=\"lazy\" decoding=\"async\" class=\"wp-image-4871 alignleft\" src=\"https:\/\/stargaia.com\/fr\/wp-content\/uploads\/2023\/04\/Tuning-Fork-Therapy-FR-800-x-600.jpg\" alt=\"\" width=\"300\" height=\"400\" srcset=\"https:\/\/stargaia.com\/fr\/wp-content\/uploads\/2023\/04\/Tuning-Fork-Therapy-FR-800-x-600.jpg 600w, https:\/\/stargaia.com\/fr\/wp-content\/uploads\/2023\/04\/Tuning-Fork-Therapy-FR-800-x-600-225x300.jpg 225w\" sizes=\"auto, (max-width: 300px) 100vw, 300px\" \/><\/a>Les diff\u00e9rentes fr\u00e9quences des diapasons th\u00e9rapeutiques permettent au corps de retrouver son harmonie naturelle gr\u00e2ce aux lois de la r\u00e9sonance et de l&#8217;entra\u00eenement sonore.<\/p>\n<p>La th\u00e9rapie aux diapasons r\u00e9ajuste nos d\u00e9s\u00e9quilibres vibratoires qui contribuent \u00e0 la douleur et \u00e0 la maladie.<\/p>\n<p>Un soin aux diapasons harmonise les chakras, purifie l&#8217;aura et stimule le flot des m\u00e9ridiens sur une s\u00e9lection individuelle de points d&#8217;acupuncture.<\/p>\n<p>Pour de <a href=\"https:\/\/stargaia.com\/tuning-fork-therapy\/\">plus amples informations<\/a>, voir notre<a href=\"https:\/\/stargaia.com\/tuning-fork-therapy\/\"> article Sonoth\u00e9rapie par les Diapasons.<\/a><\/p>\n<p>Claudie Planche, praticienne qualifi\u00e9e en Diapasons Th\u00e9rapeutiques, poss\u00e8de un dipl\u00f4me de MTC-Acupuncture-Tuina. Elle offre des soins de Sonoth\u00e9rapie par les diapasons \u00e0 Glastonbury.<\/p>\n<p><strong>Sonoth\u00e9rapie par les Diapasons <\/strong> &#8211; Soin d&#8217;1 Heure 20 mins: \u00a360<br \/>\nGroupe de 4 s\u00e9ances: \u00a3200<\/p>\n<p>La Sonoth\u00e9rapie par les Diapasons est une m\u00e9thode particuli\u00e8rement agr\u00e9able de promouvoir le bien-\u00eatre et la gu\u00e9rison.<\/p>\n<p>Pour r\u00e9server un soin, veuillez <a href=\"https:\/\/stargaia.com\/fr\/contact\/\">nous contacter.<\/a><\/p>\n<hr \/>\n<h4>Massage Holistique<\/h4>\n<p><img loading=\"lazy\" decoding=\"async\" class=\"alignright wp-image-989\" title=\"Massage Holistique\" src=\"http:\/\/stargaia.com\/fr\/wp-content\/uploads\/2010\/09\/massagelogo.gif\" alt=\"Massage Holistique\" width=\"240\" height=\"284\" \/><\/p>\n<p>Avec Claudie Planche:<br \/>\nPraticienne Qualifi\u00e9e de Massage Holistique Dip. VTCT<\/p>\n<p>Cette exp\u00e9rience r\u00e9g\u00e9n\u00e9ratrice relaxe les muscles dans les zones de tension, am\u00e9liore la circulation tout en aidant \u00e0 \u00f4ter les toxines du corps en douceur.<\/p>\n<p>Massage holistique (1 heure) &#8211; \u00a360<br \/>\nPour r\u00e9server, <a href=\"http:\/\/stargaia.com\/fr\/contact\/\">Contactez-nous<\/a><\/p>\n<h4>Massage Indien de la T\u00eate<\/h4>\n<p>Le champissage ou massage indien de la t\u00eate permet de rel\u00e2cher les tensions accumul\u00e9es dans le cou et les \u00e9paules.<\/p>\n<p data-wp-editing=\"1\">Massage indien (30 mins) &#8211; \u00a340<br \/>\nPour r\u00e9server, <a href=\"http:\/\/stargaia.com\/fr\/contact\/\">Contactez-nous<\/a><\/p>\n","protected":false},"excerpt":{"rendered":"<p>Acupuncture et Tuina L&#8217;acupuncture est l&#8217;une des principales formes de traitement en m\u00e9decine chinoise. De fines aiguilles st\u00e9rilis\u00e9es sont ins\u00e9r\u00e9es \u00e0 des points sp\u00e9cifiques le long des m\u00e9ridiens, les canaux \u00e9nerg\u00e9tiques du corps. Ce processus stimule et harmonise les flux d&#8217;\u00e9nergie, favorisant ainsi la bonne sant\u00e9. L&#8217;acupuncture est r\u00e9put\u00e9e pour ses effets th\u00e9rapeutiques dans de [&hellip;]<\/p>\n","protected":false},"author":1,"featured_media":0,"parent":0,"menu_order":21,"comment_status":"closed","ping_status":"closed","template":"","meta":{"_genesis_hide_title":false,"_genesis_hide_breadcrumbs":false,"_genesis_hide_singular_image":false,"_genesis_hide_footer_widgets":false,"_genesis_custom_body_class":"","_genesis_custom_post_class":"","_genesis_layout":"","footnotes":""},"class_list":{"0":"post-31","1":"page","2":"type-page","3":"status-publish","5":"entry","6":"has-post-thumbnail"},"yoast_head":"<!-- This site is optimized with the Yoast SEO plugin v27.3 - https:\/\/yoast.com\/product\/yoast-seo-wordpress\/ -->\n<title>Th\u00e9rapies - Stargaia.com<\/title>\n<meta name=\"robots\" content=\"index, follow, max-snippet:-1, max-image-preview:large, max-video-preview:-1\" \/>\n<link rel=\"canonical\" href=\"https:\/\/stargaia.com\/fr\/therapies\/\" \/>\n<meta property=\"og:locale\" content=\"en_US\" \/>\n<meta property=\"og:type\" content=\"article\" \/>\n<meta property=\"og:title\" content=\"Th\u00e9rapies - Stargaia.com\" \/>\n<meta property=\"og:description\" content=\"Acupuncture et Tuina L&#8217;acupuncture est l&#8217;une des principales formes de traitement en m\u00e9decine chinoise. De fines aiguilles st\u00e9rilis\u00e9es sont ins\u00e9r\u00e9es \u00e0 des points sp\u00e9cifiques le long des m\u00e9ridiens, les canaux \u00e9nerg\u00e9tiques du corps. Ce processus stimule et harmonise les flux d&#8217;\u00e9nergie, favorisant ainsi la bonne sant\u00e9. L&#8217;acupuncture est r\u00e9put\u00e9e pour ses effets th\u00e9rapeutiques dans de [&hellip;]\" \/>\n<meta property=\"og:url\" content=\"https:\/\/stargaia.com\/fr\/therapies\/\" \/>\n<meta property=\"og:site_name\" content=\"Stargaia.com\" \/>\n<meta property=\"article:modified_time\" content=\"2024-02-13T17:26:25+00:00\" \/>\n<meta property=\"og:image\" content=\"https:\/\/stargaia.com\/fr\/wp-content\/uploads\/2021\/02\/Stargaia-Acupuncture_FR.jpg\" \/>\n\t<meta property=\"og:image:width\" content=\"1024\" \/>\n\t<meta property=\"og:image:height\" content=\"768\" \/>\n\t<meta property=\"og:image:type\" content=\"image\/jpeg\" \/>\n<meta name=\"twitter:card\" content=\"summary_large_image\" \/>\n<meta name=\"twitter:label1\" content=\"Est. reading time\" \/>\n\t<meta name=\"twitter:data1\" content=\"3 minutes\" \/>\n<script type=\"application\/ld+json\" class=\"yoast-schema-graph\">{\"@context\":\"https:\\\/\\\/schema.org\",\"@graph\":[{\"@type\":\"WebPage\",\"@id\":\"https:\\\/\\\/stargaia.com\\\/fr\\\/therapies\\\/\",\"url\":\"https:\\\/\\\/stargaia.com\\\/fr\\\/therapies\\\/\",\"name\":\"Th\u00e9rapies - Stargaia.com\",\"isPartOf\":{\"@id\":\"https:\\\/\\\/stargaia.com\\\/fr\\\/#website\"},\"primaryImageOfPage\":{\"@id\":\"https:\\\/\\\/stargaia.com\\\/fr\\\/therapies\\\/#primaryimage\"},\"image\":{\"@id\":\"https:\\\/\\\/stargaia.com\\\/fr\\\/therapies\\\/#primaryimage\"},\"thumbnailUrl\":\"https:\\\/\\\/stargaia.com\\\/fr\\\/wp-content\\\/uploads\\\/2021\\\/02\\\/Stargaia-Acupuncture_FR.jpg\",\"datePublished\":\"2010-06-19T14:26:15+00:00\",\"dateModified\":\"2024-02-13T17:26:25+00:00\",\"breadcrumb\":{\"@id\":\"https:\\\/\\\/stargaia.com\\\/fr\\\/therapies\\\/#breadcrumb\"},\"inLanguage\":\"en-US\",\"potentialAction\":[{\"@type\":\"ReadAction\",\"target\":[\"https:\\\/\\\/stargaia.com\\\/fr\\\/therapies\\\/\"]}]},{\"@type\":\"ImageObject\",\"inLanguage\":\"en-US\",\"@id\":\"https:\\\/\\\/stargaia.com\\\/fr\\\/therapies\\\/#primaryimage\",\"url\":\"https:\\\/\\\/stargaia.com\\\/fr\\\/wp-content\\\/uploads\\\/2021\\\/02\\\/Stargaia-Acupuncture_FR.jpg\",\"contentUrl\":\"https:\\\/\\\/stargaia.com\\\/fr\\\/wp-content\\\/uploads\\\/2021\\\/02\\\/Stargaia-Acupuncture_FR.jpg\"},{\"@type\":\"BreadcrumbList\",\"@id\":\"https:\\\/\\\/stargaia.com\\\/fr\\\/therapies\\\/#breadcrumb\",\"itemListElement\":[{\"@type\":\"ListItem\",\"position\":1,\"name\":\"Home\",\"item\":\"https:\\\/\\\/stargaia.com\\\/fr\\\/\"},{\"@type\":\"ListItem\",\"position\":2,\"name\":\"Th\u00e9rapies\"}]},{\"@type\":\"WebSite\",\"@id\":\"https:\\\/\\\/stargaia.com\\\/fr\\\/#website\",\"url\":\"https:\\\/\\\/stargaia.com\\\/fr\\\/\",\"name\":\"Stargaia.com\",\"description\":\"du d\u00e9veloppement personnel \u00e0 l\u2019\u00e9veil plan\u00e9taire\",\"publisher\":{\"@id\":\"https:\\\/\\\/stargaia.com\\\/fr\\\/#organization\"},\"potentialAction\":[{\"@type\":\"SearchAction\",\"target\":{\"@type\":\"EntryPoint\",\"urlTemplate\":\"https:\\\/\\\/stargaia.com\\\/fr\\\/?s={search_term_string}\"},\"query-input\":{\"@type\":\"PropertyValueSpecification\",\"valueRequired\":true,\"valueName\":\"search_term_string\"}}],\"inLanguage\":\"en-US\"},{\"@type\":\"Organization\",\"@id\":\"https:\\\/\\\/stargaia.com\\\/fr\\\/#organization\",\"name\":\"Stargaia.com\",\"url\":\"https:\\\/\\\/stargaia.com\\\/fr\\\/\",\"logo\":{\"@type\":\"ImageObject\",\"inLanguage\":\"en-US\",\"@id\":\"https:\\\/\\\/stargaia.com\\\/fr\\\/#\\\/schema\\\/logo\\\/image\\\/\",\"url\":\"https:\\\/\\\/stargaia.com\\\/fr\\\/wp-content\\\/uploads\\\/2018\\\/02\\\/cropped-Stargaia-logo-512.jpg\",\"contentUrl\":\"https:\\\/\\\/stargaia.com\\\/fr\\\/wp-content\\\/uploads\\\/2018\\\/02\\\/cropped-Stargaia-logo-512.jpg\",\"width\":512,\"height\":512,\"caption\":\"Stargaia.com\"},\"image\":{\"@id\":\"https:\\\/\\\/stargaia.com\\\/fr\\\/#\\\/schema\\\/logo\\\/image\\\/\"}}]}<\/script>\n<!-- \/ Yoast SEO plugin. -->","yoast_head_json":{"title":"Th\u00e9rapies - Stargaia.com","robots":{"index":"index","follow":"follow","max-snippet":"max-snippet:-1","max-image-preview":"max-image-preview:large","max-video-preview":"max-video-preview:-1"},"canonical":"https:\/\/stargaia.com\/fr\/therapies\/","og_locale":"en_US","og_type":"article","og_title":"Th\u00e9rapies - Stargaia.com","og_description":"Acupuncture et Tuina L&#8217;acupuncture est l&#8217;une des principales formes de traitement en m\u00e9decine chinoise. De fines aiguilles st\u00e9rilis\u00e9es sont ins\u00e9r\u00e9es \u00e0 des points sp\u00e9cifiques le long des m\u00e9ridiens, les canaux \u00e9nerg\u00e9tiques du corps. Ce processus stimule et harmonise les flux d&#8217;\u00e9nergie, favorisant ainsi la bonne sant\u00e9. L&#8217;acupuncture est r\u00e9put\u00e9e pour ses effets th\u00e9rapeutiques dans de [&hellip;]","og_url":"https:\/\/stargaia.com\/fr\/therapies\/","og_site_name":"Stargaia.com","article_modified_time":"2024-02-13T17:26:25+00:00","og_image":[{"width":1024,"height":768,"url":"https:\/\/stargaia.com\/fr\/wp-content\/uploads\/2021\/02\/Stargaia-Acupuncture_FR.jpg","type":"image\/jpeg"}],"twitter_card":"summary_large_image","twitter_misc":{"Est. reading time":"3 minutes"},"schema":{"@context":"https:\/\/schema.org","@graph":[{"@type":"WebPage","@id":"https:\/\/stargaia.com\/fr\/therapies\/","url":"https:\/\/stargaia.com\/fr\/therapies\/","name":"Th\u00e9rapies - Stargaia.com","isPartOf":{"@id":"https:\/\/stargaia.com\/fr\/#website"},"primaryImageOfPage":{"@id":"https:\/\/stargaia.com\/fr\/therapies\/#primaryimage"},"image":{"@id":"https:\/\/stargaia.com\/fr\/therapies\/#primaryimage"},"thumbnailUrl":"https:\/\/stargaia.com\/fr\/wp-content\/uploads\/2021\/02\/Stargaia-Acupuncture_FR.jpg","datePublished":"2010-06-19T14:26:15+00:00","dateModified":"2024-02-13T17:26:25+00:00","breadcrumb":{"@id":"https:\/\/stargaia.com\/fr\/therapies\/#breadcrumb"},"inLanguage":"en-US","potentialAction":[{"@type":"ReadAction","target":["https:\/\/stargaia.com\/fr\/therapies\/"]}]},{"@type":"ImageObject","inLanguage":"en-US","@id":"https:\/\/stargaia.com\/fr\/therapies\/#primaryimage","url":"https:\/\/stargaia.com\/fr\/wp-content\/uploads\/2021\/02\/Stargaia-Acupuncture_FR.jpg","contentUrl":"https:\/\/stargaia.com\/fr\/wp-content\/uploads\/2021\/02\/Stargaia-Acupuncture_FR.jpg"},{"@type":"BreadcrumbList","@id":"https:\/\/stargaia.com\/fr\/therapies\/#breadcrumb","itemListElement":[{"@type":"ListItem","position":1,"name":"Home","item":"https:\/\/stargaia.com\/fr\/"},{"@type":"ListItem","position":2,"name":"Th\u00e9rapies"}]},{"@type":"WebSite","@id":"https:\/\/stargaia.com\/fr\/#website","url":"https:\/\/stargaia.com\/fr\/","name":"Stargaia.com","description":"du d\u00e9veloppement personnel \u00e0 l\u2019\u00e9veil plan\u00e9taire","publisher":{"@id":"https:\/\/stargaia.com\/fr\/#organization"},"potentialAction":[{"@type":"SearchAction","target":{"@type":"EntryPoint","urlTemplate":"https:\/\/stargaia.com\/fr\/?s={search_term_string}"},"query-input":{"@type":"PropertyValueSpecification","valueRequired":true,"valueName":"search_term_string"}}],"inLanguage":"en-US"},{"@type":"Organization","@id":"https:\/\/stargaia.com\/fr\/#organization","name":"Stargaia.com","url":"https:\/\/stargaia.com\/fr\/","logo":{"@type":"ImageObject","inLanguage":"en-US","@id":"https:\/\/stargaia.com\/fr\/#\/schema\/logo\/image\/","url":"https:\/\/stargaia.com\/fr\/wp-content\/uploads\/2018\/02\/cropped-Stargaia-logo-512.jpg","contentUrl":"https:\/\/stargaia.com\/fr\/wp-content\/uploads\/2018\/02\/cropped-Stargaia-logo-512.jpg","width":512,"height":512,"caption":"Stargaia.com"},"image":{"@id":"https:\/\/stargaia.com\/fr\/#\/schema\/logo\/image\/"}}]}},"_links":{"self":[{"href":"https:\/\/stargaia.com\/fr\/wp-json\/wp\/v2\/pages\/31","targetHints":{"allow":["GET"]}}],"collection":[{"href":"https:\/\/stargaia.com\/fr\/wp-json\/wp\/v2\/pages"}],"about":[{"href":"https:\/\/stargaia.com\/fr\/wp-json\/wp\/v2\/types\/page"}],"author":[{"embeddable":true,"href":"https:\/\/stargaia.com\/fr\/wp-json\/wp\/v2\/users\/1"}],"replies":[{"embeddable":true,"href":"https:\/\/stargaia.com\/fr\/wp-json\/wp\/v2\/comments?post=31"}],"version-history":[{"count":39,"href":"https:\/\/stargaia.com\/fr\/wp-json\/wp\/v2\/pages\/31\/revisions"}],"predecessor-version":[{"id":4916,"href":"https:\/\/stargaia.com\/fr\/wp-json\/wp\/v2\/pages\/31\/revisions\/4916"}],"wp:attachment":[{"href":"https:\/\/stargaia.com\/fr\/wp-json\/wp\/v2\/media?parent=31"}],"curies":[{"name":"wp","href":"https:\/\/api.w.org\/{rel}","templated":true}]}}