{"id":3118,"date":"2010-06-19T09:29:43","date_gmt":"2010-06-19T09:29:43","guid":{"rendered":"http:\/\/stargaia.com\/blog\/?page_id=2"},"modified":"2023-04-24T17:00:00","modified_gmt":"2023-04-24T17:00:00","slug":"accueil","status":"publish","type":"page","link":"https:\/\/stargaia.com\/fr\/accueil\/","title":{"rendered":"Accueil"},"content":{"rendered":"<p>Bienvenue&#8230;<\/p>\n<p>Stargaia est un centre holistique v\u00e9g\u00e9tarien \/ vegan situ\u00e9 \u00e0 <a href=\"http:\/\/stargaia.com\/fr\/glastonbury\/\">Glastonbury<\/a> dans le haut lieu l\u00e9gendaire d&#8217;<a href=\"http:\/\/stargaia.com\/fr\/glastonbury\/\">Avalon<\/a>, au sud-ouest de l&#8217;Angleterre pr\u00e8s de Bristol.<\/p>\n<p><img loading=\"lazy\" decoding=\"async\" class=\"alignleft  wp-image-51\" title=\"Glastonbury Tor\" src=\"http:\/\/stargaia.com\/fr\/wp-content\/uploads\/2010\/09\/stargaia_tor.jpg\" alt=\"\" width=\"421\" height=\"316\" \/>Nous y offrons des <a title=\"stages geometrie sacree\" href=\"http:\/\/stargaia.com\/fr\/category\/stages\" target=\"_blank\" rel=\"noopener noreferrer\">stages<\/a> en langue fran\u00e7aise sur les th\u00e8mes suivants:<\/p>\n<p>&#8211; <a href=\"http:\/\/stargaia.com\/fr\/calendrier-maya-and-2012\/\">Calendrier Maya<\/a><br \/>\n&#8211; <a href=\"http:\/\/stargaia.com\/fr\/astrologie\/\">Astrologie<\/a><br \/>\n&#8211; <a href=\"https:\/\/tarottraining.com\/fr\/\">Tarot<\/a><br \/>\n&#8211; <a href=\"https:\/\/stargaia.com\/fr\/therapies\/\">Sant\u00e9 Holistique<\/a><br \/>\n&#8211; <a href=\"http:\/\/stargaia.com\/fr\/geometrie-sacree\/\">G\u00e9om\u00e9trie Sacr\u00e9e<\/a><\/p>\n<p>Pour en consulter les prochaines dates, cliquez <a href=\"http:\/\/stargaia.com\/fr\/category\/stages\/\">Stages<\/a>.<\/p>\n<p>Astrologue depuis plus de 40 ans, Claudie offre des <a href=\"http:\/\/stargaia.com\/fr\/astrologie\/\">Consultations<\/a> enregistr\u00e9es (mp3) en <a href=\"https:\/\/stargaia.com\/fr\/astrologie\/\">Astrologie<\/a> classique et en <a href=\"https:\/\/stargaia.com\/fr\/astrologie\/\">Astrologie maya<\/a>, ainsi que des lectures et des formations de <a href=\"https:\/\/tarottraining.com\/fr\/\">Tarot<\/a>.<\/p>\n<p>Une combinaison personnelle d&#8217;<a href=\"https:\/\/stargaia.com\/fr\/elixirs-floraux\/\">Elixirs Floraux<\/a> peut accompagner une de ces consultations et \u00eatre envoy\u00e9e par courrier postal.<\/p>\n<p>D&#8217;autres <a href=\"http:\/\/stargaia.com\/fr\/therapies\/\">th\u00e9rapies naturelles<\/a> telles que l&#8217;acupuncture et la sonoth\u00e9rapie par les diapasons sont aussi offertes dans notre lieu de retraite o\u00f9 nous faisons <a href=\"http:\/\/stargaia.com\/fr\/bed-breakfast\/\">chambres d&#8217;h\u00f4te<\/a>.<\/p>\n<p>Bonne visite!<\/p>\n<p>Stargaia<\/p>\n","protected":false},"excerpt":{"rendered":"<p>Bienvenue&#8230; Stargaia est un centre holistique v\u00e9g\u00e9tarien \/ vegan situ\u00e9 \u00e0 Glastonbury dans le haut lieu l\u00e9gendaire d&#8217;Avalon, au sud-ouest de l&#8217;Angleterre pr\u00e8s de Bristol. Nous y offrons des stages en langue fran\u00e7aise sur les th\u00e8mes suivants: &#8211; Calendrier Maya &#8211; Astrologie &#8211; Tarot &#8211; Sant\u00e9 Holistique &#8211; G\u00e9om\u00e9trie Sacr\u00e9e Pour en consulter les prochaines [&hellip;]<\/p>\n","protected":false},"author":1,"featured_media":3530,"parent":0,"menu_order":4,"comment_status":"closed","ping_status":"closed","template":"","meta":{"_genesis_hide_title":false,"_genesis_hide_breadcrumbs":false,"_genesis_hide_singular_image":false,"_genesis_hide_footer_widgets":false,"_genesis_custom_body_class":"","_genesis_custom_post_class":"","_genesis_layout":"content-sidebar","footnotes":""},"class_list":{"0":"post-3118","1":"page","2":"type-page","3":"status-publish","4":"has-post-thumbnail","6":"entry"},"yoast_head":"<!-- This site is optimized with the Yoast SEO plugin v27.3 - https:\/\/yoast.com\/product\/yoast-seo-wordpress\/ -->\n<title>Accueil - Stargaia.com<\/title>\n<meta name=\"robots\" content=\"index, follow, max-snippet:-1, max-image-preview:large, max-video-preview:-1\" \/>\n<link rel=\"canonical\" href=\"https:\/\/stargaia.com\/fr\/accueil\/\" \/>\n<meta property=\"og:locale\" content=\"en_US\" \/>\n<meta property=\"og:type\" content=\"article\" \/>\n<meta property=\"og:title\" content=\"Accueil - Stargaia.com\" \/>\n<meta property=\"og:description\" content=\"Bienvenue&#8230; Stargaia est un centre holistique v\u00e9g\u00e9tarien \/ vegan situ\u00e9 \u00e0 Glastonbury dans le haut lieu l\u00e9gendaire d&#8217;Avalon, au sud-ouest de l&#8217;Angleterre pr\u00e8s de Bristol. Nous y offrons des stages en langue fran\u00e7aise sur les th\u00e8mes suivants: &#8211; Calendrier Maya &#8211; Astrologie &#8211; Tarot &#8211; Sant\u00e9 Holistique &#8211; G\u00e9om\u00e9trie Sacr\u00e9e Pour en consulter les prochaines [&hellip;]\" \/>\n<meta property=\"og:url\" content=\"https:\/\/stargaia.com\/fr\/accueil\/\" \/>\n<meta property=\"og:site_name\" content=\"Stargaia.com\" \/>\n<meta property=\"article:modified_time\" content=\"2023-04-24T17:00:00+00:00\" \/>\n<meta property=\"og:image\" content=\"https:\/\/stargaia.com\/fr\/wp-content\/uploads\/2010\/06\/stargaia_tor.jpg\" \/>\n\t<meta property=\"og:image:width\" content=\"245\" \/>\n\t<meta property=\"og:image:height\" content=\"184\" \/>\n\t<meta property=\"og:image:type\" content=\"image\/jpeg\" \/>\n<meta name=\"twitter:card\" content=\"summary_large_image\" \/>\n<meta name=\"twitter:label1\" content=\"Est. reading time\" \/>\n\t<meta name=\"twitter:data1\" content=\"1 minute\" \/>\n<script type=\"application\/ld+json\" class=\"yoast-schema-graph\">{\"@context\":\"https:\\\/\\\/schema.org\",\"@graph\":[{\"@type\":\"WebPage\",\"@id\":\"https:\\\/\\\/stargaia.com\\\/fr\\\/accueil\\\/\",\"url\":\"https:\\\/\\\/stargaia.com\\\/fr\\\/accueil\\\/\",\"name\":\"Accueil - Stargaia.com\",\"isPartOf\":{\"@id\":\"https:\\\/\\\/stargaia.com\\\/fr\\\/#website\"},\"primaryImageOfPage\":{\"@id\":\"https:\\\/\\\/stargaia.com\\\/fr\\\/accueil\\\/#primaryimage\"},\"image\":{\"@id\":\"https:\\\/\\\/stargaia.com\\\/fr\\\/accueil\\\/#primaryimage\"},\"thumbnailUrl\":\"https:\\\/\\\/stargaia.com\\\/fr\\\/wp-content\\\/uploads\\\/2010\\\/06\\\/stargaia_tor.jpg\",\"datePublished\":\"2010-06-19T09:29:43+00:00\",\"dateModified\":\"2023-04-24T17:00:00+00:00\",\"breadcrumb\":{\"@id\":\"https:\\\/\\\/stargaia.com\\\/fr\\\/accueil\\\/#breadcrumb\"},\"inLanguage\":\"en-US\",\"potentialAction\":[{\"@type\":\"ReadAction\",\"target\":[\"https:\\\/\\\/stargaia.com\\\/fr\\\/accueil\\\/\"]}]},{\"@type\":\"ImageObject\",\"inLanguage\":\"en-US\",\"@id\":\"https:\\\/\\\/stargaia.com\\\/fr\\\/accueil\\\/#primaryimage\",\"url\":\"https:\\\/\\\/stargaia.com\\\/fr\\\/wp-content\\\/uploads\\\/2010\\\/06\\\/stargaia_tor.jpg\",\"contentUrl\":\"https:\\\/\\\/stargaia.com\\\/fr\\\/wp-content\\\/uploads\\\/2010\\\/06\\\/stargaia_tor.jpg\",\"width\":\"245\",\"height\":\"184\",\"caption\":\"Stargaia.com\"},{\"@type\":\"BreadcrumbList\",\"@id\":\"https:\\\/\\\/stargaia.com\\\/fr\\\/accueil\\\/#breadcrumb\",\"itemListElement\":[{\"@type\":\"ListItem\",\"position\":1,\"name\":\"Home\",\"item\":\"https:\\\/\\\/stargaia.com\\\/fr\\\/\"},{\"@type\":\"ListItem\",\"position\":2,\"name\":\"Accueil\"}]},{\"@type\":\"WebSite\",\"@id\":\"https:\\\/\\\/stargaia.com\\\/fr\\\/#website\",\"url\":\"https:\\\/\\\/stargaia.com\\\/fr\\\/\",\"name\":\"Stargaia.com\",\"description\":\"du d\u00e9veloppement personnel \u00e0 l\u2019\u00e9veil plan\u00e9taire\",\"publisher\":{\"@id\":\"https:\\\/\\\/stargaia.com\\\/fr\\\/#organization\"},\"potentialAction\":[{\"@type\":\"SearchAction\",\"target\":{\"@type\":\"EntryPoint\",\"urlTemplate\":\"https:\\\/\\\/stargaia.com\\\/fr\\\/?s={search_term_string}\"},\"query-input\":{\"@type\":\"PropertyValueSpecification\",\"valueRequired\":true,\"valueName\":\"search_term_string\"}}],\"inLanguage\":\"en-US\"},{\"@type\":\"Organization\",\"@id\":\"https:\\\/\\\/stargaia.com\\\/fr\\\/#organization\",\"name\":\"Stargaia.com\",\"url\":\"https:\\\/\\\/stargaia.com\\\/fr\\\/\",\"logo\":{\"@type\":\"ImageObject\",\"inLanguage\":\"en-US\",\"@id\":\"https:\\\/\\\/stargaia.com\\\/fr\\\/#\\\/schema\\\/logo\\\/image\\\/\",\"url\":\"https:\\\/\\\/stargaia.com\\\/fr\\\/wp-content\\\/uploads\\\/2018\\\/02\\\/cropped-Stargaia-logo-512.jpg\",\"contentUrl\":\"https:\\\/\\\/stargaia.com\\\/fr\\\/wp-content\\\/uploads\\\/2018\\\/02\\\/cropped-Stargaia-logo-512.jpg\",\"width\":512,\"height\":512,\"caption\":\"Stargaia.com\"},\"image\":{\"@id\":\"https:\\\/\\\/stargaia.com\\\/fr\\\/#\\\/schema\\\/logo\\\/image\\\/\"}}]}<\/script>\n<!-- \/ Yoast SEO plugin. -->","yoast_head_json":{"title":"Accueil - Stargaia.com","robots":{"index":"index","follow":"follow","max-snippet":"max-snippet:-1","max-image-preview":"max-image-preview:large","max-video-preview":"max-video-preview:-1"},"canonical":"https:\/\/stargaia.com\/fr\/accueil\/","og_locale":"en_US","og_type":"article","og_title":"Accueil - Stargaia.com","og_description":"Bienvenue&#8230; Stargaia est un centre holistique v\u00e9g\u00e9tarien \/ vegan situ\u00e9 \u00e0 Glastonbury dans le haut lieu l\u00e9gendaire d&#8217;Avalon, au sud-ouest de l&#8217;Angleterre pr\u00e8s de Bristol. Nous y offrons des stages en langue fran\u00e7aise sur les th\u00e8mes suivants: &#8211; Calendrier Maya &#8211; Astrologie &#8211; Tarot &#8211; Sant\u00e9 Holistique &#8211; G\u00e9om\u00e9trie Sacr\u00e9e Pour en consulter les prochaines [&hellip;]","og_url":"https:\/\/stargaia.com\/fr\/accueil\/","og_site_name":"Stargaia.com","article_modified_time":"2023-04-24T17:00:00+00:00","og_image":[{"width":245,"height":184,"url":"https:\/\/stargaia.com\/fr\/wp-content\/uploads\/2010\/06\/stargaia_tor.jpg","type":"image\/jpeg"}],"twitter_card":"summary_large_image","twitter_misc":{"Est. reading time":"1 minute"},"schema":{"@context":"https:\/\/schema.org","@graph":[{"@type":"WebPage","@id":"https:\/\/stargaia.com\/fr\/accueil\/","url":"https:\/\/stargaia.com\/fr\/accueil\/","name":"Accueil - Stargaia.com","isPartOf":{"@id":"https:\/\/stargaia.com\/fr\/#website"},"primaryImageOfPage":{"@id":"https:\/\/stargaia.com\/fr\/accueil\/#primaryimage"},"image":{"@id":"https:\/\/stargaia.com\/fr\/accueil\/#primaryimage"},"thumbnailUrl":"https:\/\/stargaia.com\/fr\/wp-content\/uploads\/2010\/06\/stargaia_tor.jpg","datePublished":"2010-06-19T09:29:43+00:00","dateModified":"2023-04-24T17:00:00+00:00","breadcrumb":{"@id":"https:\/\/stargaia.com\/fr\/accueil\/#breadcrumb"},"inLanguage":"en-US","potentialAction":[{"@type":"ReadAction","target":["https:\/\/stargaia.com\/fr\/accueil\/"]}]},{"@type":"ImageObject","inLanguage":"en-US","@id":"https:\/\/stargaia.com\/fr\/accueil\/#primaryimage","url":"https:\/\/stargaia.com\/fr\/wp-content\/uploads\/2010\/06\/stargaia_tor.jpg","contentUrl":"https:\/\/stargaia.com\/fr\/wp-content\/uploads\/2010\/06\/stargaia_tor.jpg","width":"245","height":"184","caption":"Stargaia.com"},{"@type":"BreadcrumbList","@id":"https:\/\/stargaia.com\/fr\/accueil\/#breadcrumb","itemListElement":[{"@type":"ListItem","position":1,"name":"Home","item":"https:\/\/stargaia.com\/fr\/"},{"@type":"ListItem","position":2,"name":"Accueil"}]},{"@type":"WebSite","@id":"https:\/\/stargaia.com\/fr\/#website","url":"https:\/\/stargaia.com\/fr\/","name":"Stargaia.com","description":"du d\u00e9veloppement personnel \u00e0 l\u2019\u00e9veil plan\u00e9taire","publisher":{"@id":"https:\/\/stargaia.com\/fr\/#organization"},"potentialAction":[{"@type":"SearchAction","target":{"@type":"EntryPoint","urlTemplate":"https:\/\/stargaia.com\/fr\/?s={search_term_string}"},"query-input":{"@type":"PropertyValueSpecification","valueRequired":true,"valueName":"search_term_string"}}],"inLanguage":"en-US"},{"@type":"Organization","@id":"https:\/\/stargaia.com\/fr\/#organization","name":"Stargaia.com","url":"https:\/\/stargaia.com\/fr\/","logo":{"@type":"ImageObject","inLanguage":"en-US","@id":"https:\/\/stargaia.com\/fr\/#\/schema\/logo\/image\/","url":"https:\/\/stargaia.com\/fr\/wp-content\/uploads\/2018\/02\/cropped-Stargaia-logo-512.jpg","contentUrl":"https:\/\/stargaia.com\/fr\/wp-content\/uploads\/2018\/02\/cropped-Stargaia-logo-512.jpg","width":512,"height":512,"caption":"Stargaia.com"},"image":{"@id":"https:\/\/stargaia.com\/fr\/#\/schema\/logo\/image\/"}}]}},"_links":{"self":[{"href":"https:\/\/stargaia.com\/fr\/wp-json\/wp\/v2\/pages\/3118","targetHints":{"allow":["GET"]}}],"collection":[{"href":"https:\/\/stargaia.com\/fr\/wp-json\/wp\/v2\/pages"}],"about":[{"href":"https:\/\/stargaia.com\/fr\/wp-json\/wp\/v2\/types\/page"}],"author":[{"embeddable":true,"href":"https:\/\/stargaia.com\/fr\/wp-json\/wp\/v2\/users\/1"}],"replies":[{"embeddable":true,"href":"https:\/\/stargaia.com\/fr\/wp-json\/wp\/v2\/comments?post=3118"}],"version-history":[{"count":30,"href":"https:\/\/stargaia.com\/fr\/wp-json\/wp\/v2\/pages\/3118\/revisions"}],"predecessor-version":[{"id":4884,"href":"https:\/\/stargaia.com\/fr\/wp-json\/wp\/v2\/pages\/3118\/revisions\/4884"}],"wp:featuredmedia":[{"embeddable":true,"href":"https:\/\/stargaia.com\/fr\/wp-json\/wp\/v2\/media\/3530"}],"wp:attachment":[{"href":"https:\/\/stargaia.com\/fr\/wp-json\/wp\/v2\/media?parent=3118"}],"curies":[{"name":"wp","href":"https:\/\/api.w.org\/{rel}","templated":true}]}}