{"id":3332,"date":"2011-06-07T17:35:00","date_gmt":"2011-06-07T17:35:00","guid":{"rendered":"http:\/\/stargaia.com\/fr\/conditions\/"},"modified":"2015-08-23T12:57:59","modified_gmt":"2015-08-23T12:57:59","slug":"termes-et-conditions","status":"publish","type":"page","link":"https:\/\/stargaia.com\/fr\/termes-et-conditions\/","title":{"rendered":"Termes et Conditions"},"content":{"rendered":"<p>Le Site internet (le \u201cSite\u201d) www.Stargaia.com est un service d&#8217;informations en ligne fourni par Stargaia Publications (www.Stargaia.com) sous r\u00e9serve de votre respect des Conditions stipul\u00e9es ci-dessous. Veuillez lire attentivement ce document avant d&#8217;acc\u00e9der ou d\u2019utiliser le site. En acc\u00e9dant ou en utilisant le site, vous acceptez les Conditions \u00e9nonc\u00e9es ci-dessous. Si vous ne souhaitez pas \u00eatre li\u00e9 par ces Conditions, vous ne pourrez pas acc\u00e9der ou utiliser le site. www.Stargaia.com peut modifier ces Conditions \u00e0 tout moment, et ces modifications entreront en vigueur d\u00e8s la publication sur le site des Conditions modifi\u00e9es. Vous convenez de consulter ces Conditions r\u00e9guli\u00e8rement afin d&#8217;\u00eatre inform\u00e9 de telles modifications et votre acc\u00e8s continu ou votre utilisation du site seront consid\u00e9r\u00e9s comme votre acceptation des Conditions modifi\u00e9es.<\/p>\n<h3>R\u00e9servations<\/h3>\n<p>Pour r\u00e9server l&#8217;un de nos stages, des ateliers, des consultations personnelles, des sorties ou un h\u00e9bergement, vous devez payer les arrhes ou les frais dans leurs int\u00e9gralit\u00e9.<br \/>\nNous nous r\u00e9servons le droit de facturer des frais d&#8217;administration pour les annulations ou les transferts.<br \/>\nCette politique fonctionne de mani\u00e8re suivante:<br \/>\n* Si vous annulez votre r\u00e9servation plus de 45 jours avant la date de l&#8217;atelier et\/ou de l&#8217;arriv\u00e9e dans le logement, vous avez droit \u00e0 un remboursement complet moins les frais d&#8217;administration.<br \/>\n* Si vous annulez votre r\u00e9servation moins de 45 jours avant l&#8217;atelier et\/ou l&#8217;arriv\u00e9e dans le logement, date \u00e0 laquelle vous serez responsable de la totalit\u00e9 des frais, vous ne recevrez aucun remboursement.<br \/>\n* Si, apr\u00e8s avoir r\u00e9serv\u00e9 un atelier et\/ou un h\u00e9bergement, vous choisissez de transf\u00e9rer \u00e0 une autre date, il y aura, \u00e0 notre discr\u00e9tion, un transfert sans frais d&#8217;administration.<br \/>\n* Si vous choisissez de transf\u00e9rer et que vous annulez ensuite votre atelier et\/ou l&#8217;h\u00e9bergement, vous serez responsable de payer la totalit\u00e9 de l&#8217;atelier et\/ou les frais d&#8217;h\u00e9bergement en plein tarif, plus un admin.<\/p>\n<p>Si n\u00e9cessaire, nous nous r\u00e9servons le droit d&#8217;annuler les r\u00e9servations, les stages, les ateliers, les sorties ou l&#8217;h\u00e9bergement. Cependant, nous nous  efforcerons de vous informer d\u00e8s que possible dans de tels cas. Une telle annulation aurait lieu uniquement dans des circonstances att\u00e9nuantes, et dans ces rares occasions, il vous sera propos\u00e9 une autre date ou un remboursement.<\/p>\n<h3>Chambres d&#8217;H\u00f4tes &#8211; Arriv\u00e9e et D\u00e9part<\/h3>\n<p>Les chambres sont disponibles \u00e0 partir de 18 heures. \u2028Les heures de d\u00e9part sont normalement pr\u00e9vues le matin avant 10 heures.<br \/>\nPour une arriv\u00e9e ou un d\u00e9part en dehors de ces heures, des dispositions sp\u00e9ciales doivent \u00eatre arrang\u00e9es au moins 48 heures \u00e0 l&#8217;avance.<\/p>\n<h3>\u2028Conditions de Remboursement\u2028 de nos produits<\/h3>\n<p>\u2028Nous esp\u00e9rons sinc\u00e8rement que vous b\u00e9n\u00e9ficiez de nos informations et de nos produits et que vous appr\u00e9cierez de les utiliser dans les ann\u00e9es \u00e0 venir. Si honn\u00eatement ce n\u2019est pas le cas, expliquez-nous vos raisons et vous avez 30 jours \u00e0 compter de la date d&#8217;achat pour demander un remboursement aupr\u00e8s de stargaia.com \u00e0 condition que ce ne soit pas \u00e0 des fins frauduleuses. Vous aurez \u00e9galement \u00e0 fournir votre re\u00e7u et les d\u00e9tails personnels li\u00e9s \u00e0 cet achat.<\/p>\n<h3>\u2028Divers<\/h3>\n<p>\u2028Le pr\u00e9sent Accord sera r\u00e9gi et interpr\u00e9t\u00e9 conform\u00e9ment aux lois du Royaume-Uni applicables aux conventions conclues et ex\u00e9cut\u00e9es au Royaume-Uni. Vous acceptez que toute action ou proc\u00e9dure judiciaire entre vous et www.Stargaia.com, ou \u00e0 toute fin concernant le pr\u00e9sent Accord ou en vertu des pr\u00e9sentes obligations des parties, seront port\u00e9es exclusivement devant un tribunal de juridiction comp\u00e9tent si\u00e9geant au Royaume-Uni. Toute cause d&#8217;action ou toute r\u00e9clamation que vous pourriez avoir \u00e0 l&#8217;\u00e9gard du Service doit \u00eatre initi\u00e9e dans l\u2019ann\u00e9e qui suit la r\u00e9clamation, sinon la cause d&#8217;action ou la r\u00e9clamation est prescrite. L\u2019incapacit\u00e9 de www.Stargaia.com \u00e0 insister sur ou \u00e0 imposer le strict respect de toute disposition du pr\u00e9sent Accord ne doit pas \u00eatre interpr\u00e9t\u00e9e comme une renonciation de toute disposition ou de droit. Ni la conduite entre les parties, ni la pratique commerciale ne pourra agir pour modifier une quelconque disposition du pr\u00e9sent Accord. www.Stargaia.com peut c\u00e9der ses droits et ses obligations en vertu du pr\u00e9sent Accord \u00e0 toute partie \u00e0 tout moment sans pr\u00e9avis. Tous les droits non express\u00e9ment accord\u00e9s dans le pr\u00e9sent Accord sont r\u00e9serv\u00e9s.<br \/>\nPour de plus amples informations, vous pouvez nous contacter par e-mail: <a href=\"http:\/\/stargaia.com\/fr\/contact-us\/\">Contact<\/a><\/p>\n<p>\u2028CREATIVE COMMONS<br \/>\n<span style=\"font-weight: normal; font-size: 13px;\">En plus des Termes et Conditions ci-dessus, nous pouvons p\u00e9riodiquement utiliser pour nos articles les informations de sources telles que Wikipedia. De telles informations sont couvertes par la license s\u00e9par\u00e9e suivante :<br \/>\n<a href=\"http:\/\/creativecommons.org\/licenses\/by-sa\/3.0\/\" target=\"_new\">Creative Commons License<\/a><\/span><\/p>\n<p>Veuillez signaler toutes erreurs, ommissions et autres points \u00e0 l&#8217;Administrateur du site web.<\/p>\n","protected":false},"excerpt":{"rendered":"<p>Le Site internet (le \u201cSite\u201d) www.Stargaia.com est un service d&#8217;informations en ligne fourni par Stargaia Publications (www.Stargaia.com) sous r\u00e9serve de votre respect des Conditions stipul\u00e9es ci-dessous. Veuillez lire attentivement ce document avant d&#8217;acc\u00e9der ou d\u2019utiliser le site. En acc\u00e9dant ou en utilisant le site, vous acceptez les Conditions \u00e9nonc\u00e9es ci-dessous. Si vous ne souhaitez pas [&hellip;]<\/p>\n","protected":false},"author":1,"featured_media":0,"parent":0,"menu_order":27,"comment_status":"closed","ping_status":"closed","template":"","meta":{"_genesis_hide_title":false,"_genesis_hide_breadcrumbs":false,"_genesis_hide_singular_image":false,"_genesis_hide_footer_widgets":false,"_genesis_custom_body_class":"","_genesis_custom_post_class":"","_genesis_layout":"","footnotes":""},"class_list":{"0":"post-3332","1":"page","2":"type-page","3":"status-publish","5":"entry"},"yoast_head":"<!-- This site is optimized with the Yoast SEO plugin v27.3 - https:\/\/yoast.com\/product\/yoast-seo-wordpress\/ -->\n<title>Termes et Conditions - Stargaia.com<\/title>\n<meta name=\"robots\" content=\"index, follow, max-snippet:-1, max-image-preview:large, max-video-preview:-1\" \/>\n<link rel=\"canonical\" href=\"https:\/\/stargaia.com\/fr\/termes-et-conditions\/\" \/>\n<meta property=\"og:locale\" content=\"en_US\" \/>\n<meta property=\"og:type\" content=\"article\" \/>\n<meta property=\"og:title\" content=\"Termes et Conditions - Stargaia.com\" \/>\n<meta property=\"og:description\" content=\"Le Site internet (le \u201cSite\u201d) www.Stargaia.com est un service d&#8217;informations en ligne fourni par Stargaia Publications (www.Stargaia.com) sous r\u00e9serve de votre respect des Conditions stipul\u00e9es ci-dessous. Veuillez lire attentivement ce document avant d&#8217;acc\u00e9der ou d\u2019utiliser le site. En acc\u00e9dant ou en utilisant le site, vous acceptez les Conditions \u00e9nonc\u00e9es ci-dessous. Si vous ne souhaitez pas [&hellip;]\" \/>\n<meta property=\"og:url\" content=\"https:\/\/stargaia.com\/fr\/termes-et-conditions\/\" \/>\n<meta property=\"og:site_name\" content=\"Stargaia.com\" \/>\n<meta property=\"article:modified_time\" content=\"2015-08-23T12:57:59+00:00\" \/>\n<meta name=\"twitter:card\" content=\"summary_large_image\" \/>\n<meta name=\"twitter:label1\" content=\"Est. reading time\" \/>\n\t<meta name=\"twitter:data1\" content=\"4 minutes\" \/>\n<script type=\"application\/ld+json\" class=\"yoast-schema-graph\">{\"@context\":\"https:\\\/\\\/schema.org\",\"@graph\":[{\"@type\":\"WebPage\",\"@id\":\"https:\\\/\\\/stargaia.com\\\/fr\\\/termes-et-conditions\\\/\",\"url\":\"https:\\\/\\\/stargaia.com\\\/fr\\\/termes-et-conditions\\\/\",\"name\":\"Termes et Conditions - Stargaia.com\",\"isPartOf\":{\"@id\":\"https:\\\/\\\/stargaia.com\\\/fr\\\/#website\"},\"datePublished\":\"2011-06-07T17:35:00+00:00\",\"dateModified\":\"2015-08-23T12:57:59+00:00\",\"breadcrumb\":{\"@id\":\"https:\\\/\\\/stargaia.com\\\/fr\\\/termes-et-conditions\\\/#breadcrumb\"},\"inLanguage\":\"en-US\",\"potentialAction\":[{\"@type\":\"ReadAction\",\"target\":[\"https:\\\/\\\/stargaia.com\\\/fr\\\/termes-et-conditions\\\/\"]}]},{\"@type\":\"BreadcrumbList\",\"@id\":\"https:\\\/\\\/stargaia.com\\\/fr\\\/termes-et-conditions\\\/#breadcrumb\",\"itemListElement\":[{\"@type\":\"ListItem\",\"position\":1,\"name\":\"Home\",\"item\":\"https:\\\/\\\/stargaia.com\\\/fr\\\/\"},{\"@type\":\"ListItem\",\"position\":2,\"name\":\"Termes et Conditions\"}]},{\"@type\":\"WebSite\",\"@id\":\"https:\\\/\\\/stargaia.com\\\/fr\\\/#website\",\"url\":\"https:\\\/\\\/stargaia.com\\\/fr\\\/\",\"name\":\"Stargaia.com\",\"description\":\"du d\u00e9veloppement personnel \u00e0 l\u2019\u00e9veil plan\u00e9taire\",\"publisher\":{\"@id\":\"https:\\\/\\\/stargaia.com\\\/fr\\\/#organization\"},\"potentialAction\":[{\"@type\":\"SearchAction\",\"target\":{\"@type\":\"EntryPoint\",\"urlTemplate\":\"https:\\\/\\\/stargaia.com\\\/fr\\\/?s={search_term_string}\"},\"query-input\":{\"@type\":\"PropertyValueSpecification\",\"valueRequired\":true,\"valueName\":\"search_term_string\"}}],\"inLanguage\":\"en-US\"},{\"@type\":\"Organization\",\"@id\":\"https:\\\/\\\/stargaia.com\\\/fr\\\/#organization\",\"name\":\"Stargaia.com\",\"url\":\"https:\\\/\\\/stargaia.com\\\/fr\\\/\",\"logo\":{\"@type\":\"ImageObject\",\"inLanguage\":\"en-US\",\"@id\":\"https:\\\/\\\/stargaia.com\\\/fr\\\/#\\\/schema\\\/logo\\\/image\\\/\",\"url\":\"https:\\\/\\\/stargaia.com\\\/fr\\\/wp-content\\\/uploads\\\/2018\\\/02\\\/cropped-Stargaia-logo-512.jpg\",\"contentUrl\":\"https:\\\/\\\/stargaia.com\\\/fr\\\/wp-content\\\/uploads\\\/2018\\\/02\\\/cropped-Stargaia-logo-512.jpg\",\"width\":512,\"height\":512,\"caption\":\"Stargaia.com\"},\"image\":{\"@id\":\"https:\\\/\\\/stargaia.com\\\/fr\\\/#\\\/schema\\\/logo\\\/image\\\/\"}}]}<\/script>\n<!-- \/ Yoast SEO plugin. -->","yoast_head_json":{"title":"Termes et Conditions - Stargaia.com","robots":{"index":"index","follow":"follow","max-snippet":"max-snippet:-1","max-image-preview":"max-image-preview:large","max-video-preview":"max-video-preview:-1"},"canonical":"https:\/\/stargaia.com\/fr\/termes-et-conditions\/","og_locale":"en_US","og_type":"article","og_title":"Termes et Conditions - Stargaia.com","og_description":"Le Site internet (le \u201cSite\u201d) www.Stargaia.com est un service d&#8217;informations en ligne fourni par Stargaia Publications (www.Stargaia.com) sous r\u00e9serve de votre respect des Conditions stipul\u00e9es ci-dessous. Veuillez lire attentivement ce document avant d&#8217;acc\u00e9der ou d\u2019utiliser le site. En acc\u00e9dant ou en utilisant le site, vous acceptez les Conditions \u00e9nonc\u00e9es ci-dessous. Si vous ne souhaitez pas [&hellip;]","og_url":"https:\/\/stargaia.com\/fr\/termes-et-conditions\/","og_site_name":"Stargaia.com","article_modified_time":"2015-08-23T12:57:59+00:00","twitter_card":"summary_large_image","twitter_misc":{"Est. reading time":"4 minutes"},"schema":{"@context":"https:\/\/schema.org","@graph":[{"@type":"WebPage","@id":"https:\/\/stargaia.com\/fr\/termes-et-conditions\/","url":"https:\/\/stargaia.com\/fr\/termes-et-conditions\/","name":"Termes et Conditions - Stargaia.com","isPartOf":{"@id":"https:\/\/stargaia.com\/fr\/#website"},"datePublished":"2011-06-07T17:35:00+00:00","dateModified":"2015-08-23T12:57:59+00:00","breadcrumb":{"@id":"https:\/\/stargaia.com\/fr\/termes-et-conditions\/#breadcrumb"},"inLanguage":"en-US","potentialAction":[{"@type":"ReadAction","target":["https:\/\/stargaia.com\/fr\/termes-et-conditions\/"]}]},{"@type":"BreadcrumbList","@id":"https:\/\/stargaia.com\/fr\/termes-et-conditions\/#breadcrumb","itemListElement":[{"@type":"ListItem","position":1,"name":"Home","item":"https:\/\/stargaia.com\/fr\/"},{"@type":"ListItem","position":2,"name":"Termes et Conditions"}]},{"@type":"WebSite","@id":"https:\/\/stargaia.com\/fr\/#website","url":"https:\/\/stargaia.com\/fr\/","name":"Stargaia.com","description":"du d\u00e9veloppement personnel \u00e0 l\u2019\u00e9veil plan\u00e9taire","publisher":{"@id":"https:\/\/stargaia.com\/fr\/#organization"},"potentialAction":[{"@type":"SearchAction","target":{"@type":"EntryPoint","urlTemplate":"https:\/\/stargaia.com\/fr\/?s={search_term_string}"},"query-input":{"@type":"PropertyValueSpecification","valueRequired":true,"valueName":"search_term_string"}}],"inLanguage":"en-US"},{"@type":"Organization","@id":"https:\/\/stargaia.com\/fr\/#organization","name":"Stargaia.com","url":"https:\/\/stargaia.com\/fr\/","logo":{"@type":"ImageObject","inLanguage":"en-US","@id":"https:\/\/stargaia.com\/fr\/#\/schema\/logo\/image\/","url":"https:\/\/stargaia.com\/fr\/wp-content\/uploads\/2018\/02\/cropped-Stargaia-logo-512.jpg","contentUrl":"https:\/\/stargaia.com\/fr\/wp-content\/uploads\/2018\/02\/cropped-Stargaia-logo-512.jpg","width":512,"height":512,"caption":"Stargaia.com"},"image":{"@id":"https:\/\/stargaia.com\/fr\/#\/schema\/logo\/image\/"}}]}},"_links":{"self":[{"href":"https:\/\/stargaia.com\/fr\/wp-json\/wp\/v2\/pages\/3332","targetHints":{"allow":["GET"]}}],"collection":[{"href":"https:\/\/stargaia.com\/fr\/wp-json\/wp\/v2\/pages"}],"about":[{"href":"https:\/\/stargaia.com\/fr\/wp-json\/wp\/v2\/types\/page"}],"author":[{"embeddable":true,"href":"https:\/\/stargaia.com\/fr\/wp-json\/wp\/v2\/users\/1"}],"replies":[{"embeddable":true,"href":"https:\/\/stargaia.com\/fr\/wp-json\/wp\/v2\/comments?post=3332"}],"version-history":[{"count":9,"href":"https:\/\/stargaia.com\/fr\/wp-json\/wp\/v2\/pages\/3332\/revisions"}],"predecessor-version":[{"id":4244,"href":"https:\/\/stargaia.com\/fr\/wp-json\/wp\/v2\/pages\/3332\/revisions\/4244"}],"wp:attachment":[{"href":"https:\/\/stargaia.com\/fr\/wp-json\/wp\/v2\/media?parent=3332"}],"curies":[{"name":"wp","href":"https:\/\/api.w.org\/{rel}","templated":true}]}}