{"id":3335,"date":"2011-06-07T17:36:50","date_gmt":"2011-06-07T17:36:50","guid":{"rendered":"http:\/\/stargaia.com\/fr\/confidentialite\/"},"modified":"2015-08-23T12:23:11","modified_gmt":"2015-08-23T12:23:11","slug":"confidentialite","status":"publish","type":"page","link":"https:\/\/stargaia.com\/fr\/confidentialite\/","title":{"rendered":"Politique de Confidentialit\u00e9"},"content":{"rendered":"<p>Bienvenue sur Stargaia.com &#8211; (le \u201cSite\u201d)\u2028Nous sommes soucieux d&#8217;assurer la confidentialit\u00e9 et la protection des informations personnelles de nos utilisateurs. Les termes ci-dessous d\u00e9crivent notre politique de confidentialit\u00e9 envers les utilisateurs de notre Site (\u201cVisiteurs\u201d) qui consultent notre site sans faire de transaction commerciale ainsi que les Visiteurs qui s\u2019enregistrent pour effectuer une transaction commerciale et pour utiliser les diff\u00e9rents services offerts par Stargaia.com (\u201cServices\u201d) et (\u201cClients Autoris\u00e9s\u201d).<br \/>\n<strong>\u2028\u201cInformations Personnelles\u201d\u2028<\/strong> se r\u00e9f\u00e8rent \u00e0 toutes informations qui identifient ou qui peuvent \u00eatre utilis\u00e9es pour identifier, contacter ou localiser la personne que ces informations concernent. Celles-ci incluent, mais ne se limitent pas aux, noms, adresse, t\u00e9l\u00e9phone, fax, adresse e-mail et des informations sur sa carte de cr\u00e9dit. Les Informations Personnelles n\u2019incluent pas ce qui est collect\u00e9 de mani\u00e8re anonyme (c\u2019est \u00e0 dire sans identification de l\u2019utilisateur individuel)\u00a0ou les informations \u00e0 caract\u00e8re d\u00e9mographique qui ne sont pas li\u00e9es \u00e0 un individu identifi\u00e9.<\/p>\n<h3>\u2028Quelles Informations Personnelles sont collect\u00e9es?<\/h3>\n<p>\u2028\u2028Nous pouvons collecter les informations du profil de base de tous nos Visiteurs. En ce qui concerne nos Clients Autoris\u00e9s, nous collectons les informations suppl\u00e9mentaires suivantes : les noms, adresse, t\u00e9l\u00e9phone, adresse e-mail des Clients Autoris\u00e9s, la nature et la taille de leur entreprise, ainsi que la nature et la taille de l\u2019inventaire publicitaire que le Client Autoris\u00e9 a l\u2019intention d\u2019acheter ou de vendre.<\/p>\n<h3>\u2028Quelles organisations collectent ces informations?\u2028<\/h3>\n<p>\u2028En plus de notre collection directe de ces informations, nos fournisseurs de service tiers (telles que les compagnies de cartes de cr\u00e9dit, les chambres de compensation et les banques) qui effectuent des services de cr\u00e9dit, d\u2019assurance et d&#8217;entiercement, peuvent collecter les informations de nos Visiteurs et de nos Clients Autoris\u00e9s. Nous ne contr\u00f4lons pas les moyens d\u2019utilisation de ces tiers mais nous leur demandons de divulguer comment ils utilisent les informations personnelles fournies par nos Visiteurs et nos Clients Autoris\u00e9s. Certains de ces tiers sont des interm\u00e9diaires qui agissent uniquement comme liens dans la chaine de distribution, et donc ne retiennent pas, ne conservent pas, ni n\u2018utilisent autrement les informations qui leur sont donn\u00e9es.<\/p>\n<h3>\u2028Comment le Site utilise les Informations Personnelles\u2028<\/h3>\n<p>\u2028Nous utilisons les Informations Personnelles afin de personnaliser le Site, d\u2019offrir des services appropri\u00e9s et de remplir les demandes d\u2019achat et de vente sur le Site. Nous pouvons  contacter les Visiteurs et les Clients Autoris\u00e9s par e-mail au sujet de recherches ou d\u2019offres promotionnelles sur notre Site, ou bien pour communiquer des informations li\u00e9es au th\u00e8me du Site. Nous pouvons aussi utiliser les informations personnelles pour r\u00e9pondre aux renseignements sp\u00e9cifiques des Visiteurs et des Clients Autoris\u00e9s et pour fournir les informations requises.<\/p>\n<h3>\u2028Avec qui partageons-nous les Informations Personnelles?<\/h3>\n<p>\u2028\u2028Nous pouvons partager les informations collect\u00e9es sur nos Visiteurs, incluant la d\u00e9mographie de nos Visiteurs et Clients Autoris\u00e9s, avec nos organismes affili\u00e9s et nos fournisseurs tiers. Nous offrons aussi l\u2019opportunit\u00e9 de \u201cse d\u00e9sinscrire\u201d, de ne plus recevoir d\u2019informations ou de ne plus \u00eatre contact\u00e9 par nous ou par tout autre organisme agissant en notre nom.<\/p>\n<h3>\u2028Collecte et utilisation des informations personnelles<\/h3>\n<p>\u2028\u2028Les Informations Personnelles collect\u00e9es par Stargaia.com sont conserv\u00e9es en toute s\u00e9curit\u00e9 et ne sont pas accessibles \u00e0 des tiers ou \u00e0 des employ\u00e9s de Stargaia.com, except\u00e9 pour les utilisations pr\u00e9c\u00e9demment cit\u00e9es.<\/p>\n<h3>\u2028Quels choix les Visiteurs poss\u00e8dent-ils concernant la collection, l\u2019utilisation et la distribution des informations?\u2028<\/h3>\n<p>\u2028Les Visiteurs et Clients Autoris\u00e9s peuvent choisir de ne pas recevoir d\u2019informations et de ne pas \u00eatre contact\u00e9s par nous, nos vendeurs ou nos organismes affili\u00e9s en r\u00e9pondant aux e-mails selon les instructions appropri\u00e9es, ou en utilisant le Formulaire de Contact de Stargaia.com<\/p>\n<h3>\u2028Des Cookies sont-ils utilis\u00e9s sur notre Site?\u2028<\/h3>\n<p>\u2028Les cookies sont des petits fichiers texte qui seront transmis \u00e0 votre ordinateur pour nous puissions reconna\u00eetre votre navigateur quand vous visitez notre site. Les cookies sont utilis\u00e9s pour am\u00e9liorer la qualit\u00e9 de notre service en enregistrant les pr\u00e9f\u00e9rences et les tendances de nos utilisateurs. Nous utilisons aussi des Cookies pour des raisons de s\u00e9curit\u00e9 afin de prot\u00e9ger nos Clients Autoris\u00e9s. Par exemple, si un Client Autoris\u00e9 se connecte et n\u2019utilise pas le site pendant plus de 10 minutes, nous couperons automatiquement la connexion internet du Client Autoris\u00e9.<\/p>\n<h3>\u2028Comment Stargaia.com utilise les informations de connexion internet?\u2028<\/h3>\n<p>\u2028Stargaia.com utilise les informations de connexion internet incluant, mais ne se limitant pas aux, adresses IP, ISP, et types de navigateur, afin d\u2019analyser les tendances, de g\u00e9rer le Site,  de suivre les mouvements d\u2019un utilisateur et de collecter des informations g\u00e9n\u00e9rales \u00e0 caract\u00e8re d\u00e9mographique.<\/p>\n<h3>\u2028Quels partenaires ou fournisseurs de service ont acc\u00e8s aux Informations Personnelles des Visiteurs et\/ou des Clients Autoris\u00e9s sur le Site?\u2028<\/h3>\n<p>\u2028Stargaia.com est entr\u00e9 et continuera d\u2019entrer dans des partenariats et d\u2019autres affiliations avec un nombre de fournisseurs.\u00a0De tels fournisseurs peuvent avoir acc\u00e8s \u00e0 certaines Informations Personnelles afin d\u2019\u00e9valuer l\u2019admissibilit\u00e9 des Clients Autoris\u00e9s \u00e0 certains services. Notre politique de confidentialit\u00e9 ne couvre pas la collection ou l\u2019uilisation de cette information.\u00a0<br \/>\nDivulgation des Informations Personnelles pour respecter le droit<br \/>\nNous divulguerons les Informations Personnelles afin de se conformer \u00e0 une ordonnance du tribunal ou \u00e0 une citation \u00e0 compara\u00eetre ou \u00e0 la demande d&#8217;un organisme d&#8217;application de la loi. Nous divulguerons aussi les Informations Personnelles si cela est n\u00e9cessaire pour prot\u00e9ger la s\u00e9curit\u00e9 de nos Visiteurs et Clients Autoris\u00e9s.<\/p>\n<h3>\u2028Comment le Site assure-t-il la s\u00e9curit\u00e9 des Informations Personnelles?\u2028<\/h3>\n<p>\u2028Tous nos employ\u00e9s connaissent notre politique et nos pratiques de s\u00e9curit\u00e9. Les Informations Personnelles de nos Visiteurs et Clients Autoris\u00e9s sont seulement accessibles \u00e0 un nombre limit\u00e9 d&#8217;employ\u00e9s qualifi\u00e9s qui ont re\u00e7u un mot de passe afin d&#8217;acc\u00e9der \u00e0 ces informations. Nous v\u00e9rifions r\u00e9guli\u00e8rement nos processus et nos syst\u00e8mes de s\u00e9curit\u00e9. Les informations importantes, telles que les num\u00e9ros de carte de cr\u00e9dit, sont prot\u00e9g\u00e9es par les protocoles de cryptage, mis en place pour prot\u00e9ger les informations transmises sur Internet. M\u00eame si nous prenons des mesures commerciales afin de maintenir un site s\u00e9curis\u00e9, des communications \u00e9lectroniques et des bases de donn\u00e9es sont sujettes \u00e0 des erreurs, des alt\u00e9rations et des entr\u00e9es par effraction. Nous ne pouvons garantir ni assurer que de tels \u00e9v\u00e9nements ne se passeront pas et nous ne serons pas responsables de tels incidents aupr\u00e8s des Visiteurs ou des Clients Autoris\u00e9s.<\/p>\n<h3>\u2028Comment les Visiteurs peuvent-ils corriger les erreurs dans les Informations Personnelles?\u2028<\/h3>\n<p>\u2028Les Visiteurs et Clients Autoris\u00e9s peuvent nous contacter par e-mail pour mettre \u00e0 jour leurs Informations Personnelles ou pour corriger toutes erreurs en utilisant le Formulaire de Contact de Stargaia.com<\/p>\n<h3>\u2028Un Visiteur peut-il effacer ou d\u00e9sactiver les Informations Personnelles collect\u00e9es par le Site?\u2028<\/h3>\n<p>\u2028Nous offrons aux Visiteurs et aux Clients Autoris\u00e9s un syst\u00e8me pour effacer\/d\u00e9sactiver les  Informations Personnelles sur la base de donn\u00e9es du Site en utilisant le Formulaire de Contact de Stargaia.com.\u00a0Toutefois, en raison de sauvegardes et d\u2019enregistrements des suppressions, il peut \u00eatre impossible de supprimer une entr\u00e9e du visiteur sans conserver certaines informations r\u00e9siduelles. Une personne qui demande \u00e0 d\u00e9sactiver ses Informations Personnelles les verra donc fonctionnellement supprim\u00e9es. D\u2019autre part, nous ne vendrons pas, ne transf\u00e8rerons pas, ni utiliserons ult\u00e9rieurement les Informations Personnelles de l\u2019individu concern\u00e9.<\/p>\n<h3>\u2028Que se passe-t-il en cas de changements de notre Politique de Confidentialit\u00e9?\u2028<\/h3>\n<p>\u2028Nous informerons nos Visiteurs et Clients Autoris\u00e9s si des modifications sont apport\u00e9es \u00e0 notre politique de confidentialit\u00e9 en affichant ces changements sur le site. Toutefois, au cas o\u00f9 les changements de notre politique de confidentialit\u00e9 pourraient entra\u00eener la divulgation d\u2019Informations Personnelles que le Visiteur ou le Client Autoris\u00e9 a pr\u00e9c\u00e9dement demand\u00e9 de ne pas divulguer, nous prendrons contact avec ces Visiteurs ou Clients Autoris\u00e9s afin d\u2019emp\u00eacher une telle divulgation.<\/p>\n<h3>\u2028VEUILLEZ NOTER:\u2028<\/h3>\n<p>\u2028Ce Site n\u2019est pas destin\u00e9 aux enfants. Les Visiteurs et Clients Autoris\u00e9s doivent \u00eatre ag\u00e9s de dix-huit ans ou plus.<br \/>\nLiens Internet:\u2028Ce site contient des liens vers d&#8217;autres sites internet. En cliquant sur un de ces liens vous \u00eates automatiquement redirig\u00e9 sur un autre site. Vous \u00eates alors sous la politique de confidentialit\u00e9 du site internet sur lequel vous avez cliqu\u00e9.  Nous vous recommandons de lire leurs termes car ils peuvent \u00eatre diff\u00e9rents des n\u00f4tres.<\/p>\n<p>Copyright \u00a9 2011 Stargaia.com \u2013 Tous droits r\u00e9serv\u00e9s<br \/>\nLa copie ou publication non autoris\u00e9e de tout contenu de ce site est interdite.<\/p>\n","protected":false},"excerpt":{"rendered":"<p>Bienvenue sur Stargaia.com &#8211; (le \u201cSite\u201d)\u2028Nous sommes soucieux d&#8217;assurer la confidentialit\u00e9 et la protection des informations personnelles de nos utilisateurs. Les termes ci-dessous d\u00e9crivent notre politique de confidentialit\u00e9 envers les utilisateurs de notre Site (\u201cVisiteurs\u201d) qui consultent notre site sans faire de transaction commerciale ainsi que les Visiteurs qui s\u2019enregistrent pour effectuer une transaction commerciale [&hellip;]<\/p>\n","protected":false},"author":1,"featured_media":0,"parent":0,"menu_order":28,"comment_status":"closed","ping_status":"closed","template":"","meta":{"_genesis_hide_title":false,"_genesis_hide_breadcrumbs":false,"_genesis_hide_singular_image":false,"_genesis_hide_footer_widgets":false,"_genesis_custom_body_class":"","_genesis_custom_post_class":"","_genesis_layout":"","footnotes":""},"class_list":{"0":"post-3335","1":"page","2":"type-page","3":"status-publish","5":"entry"},"yoast_head":"<!-- This site is optimized with the Yoast SEO plugin v27.3 - https:\/\/yoast.com\/product\/yoast-seo-wordpress\/ -->\n<title>Politique de Confidentialit\u00e9 - Stargaia.com<\/title>\n<meta name=\"robots\" content=\"index, follow, max-snippet:-1, max-image-preview:large, max-video-preview:-1\" \/>\n<link rel=\"canonical\" href=\"https:\/\/stargaia.com\/fr\/confidentialite\/\" \/>\n<meta property=\"og:locale\" content=\"en_US\" \/>\n<meta property=\"og:type\" content=\"article\" \/>\n<meta property=\"og:title\" content=\"Politique de Confidentialit\u00e9 - Stargaia.com\" \/>\n<meta property=\"og:description\" content=\"Bienvenue sur Stargaia.com &#8211; (le \u201cSite\u201d)\u2028Nous sommes soucieux d&#8217;assurer la confidentialit\u00e9 et la protection des informations personnelles de nos utilisateurs. Les termes ci-dessous d\u00e9crivent notre politique de confidentialit\u00e9 envers les utilisateurs de notre Site (\u201cVisiteurs\u201d) qui consultent notre site sans faire de transaction commerciale ainsi que les Visiteurs qui s\u2019enregistrent pour effectuer une transaction commerciale [&hellip;]\" \/>\n<meta property=\"og:url\" content=\"https:\/\/stargaia.com\/fr\/confidentialite\/\" \/>\n<meta property=\"og:site_name\" content=\"Stargaia.com\" \/>\n<meta property=\"article:modified_time\" content=\"2015-08-23T12:23:11+00:00\" \/>\n<meta name=\"twitter:card\" content=\"summary_large_image\" \/>\n<meta name=\"twitter:label1\" content=\"Est. reading time\" \/>\n\t<meta name=\"twitter:data1\" content=\"7 minutes\" \/>\n<script type=\"application\/ld+json\" class=\"yoast-schema-graph\">{\"@context\":\"https:\\\/\\\/schema.org\",\"@graph\":[{\"@type\":\"WebPage\",\"@id\":\"https:\\\/\\\/stargaia.com\\\/fr\\\/confidentialite\\\/\",\"url\":\"https:\\\/\\\/stargaia.com\\\/fr\\\/confidentialite\\\/\",\"name\":\"Politique de Confidentialit\u00e9 - Stargaia.com\",\"isPartOf\":{\"@id\":\"https:\\\/\\\/stargaia.com\\\/fr\\\/#website\"},\"datePublished\":\"2011-06-07T17:36:50+00:00\",\"dateModified\":\"2015-08-23T12:23:11+00:00\",\"breadcrumb\":{\"@id\":\"https:\\\/\\\/stargaia.com\\\/fr\\\/confidentialite\\\/#breadcrumb\"},\"inLanguage\":\"en-US\",\"potentialAction\":[{\"@type\":\"ReadAction\",\"target\":[\"https:\\\/\\\/stargaia.com\\\/fr\\\/confidentialite\\\/\"]}]},{\"@type\":\"BreadcrumbList\",\"@id\":\"https:\\\/\\\/stargaia.com\\\/fr\\\/confidentialite\\\/#breadcrumb\",\"itemListElement\":[{\"@type\":\"ListItem\",\"position\":1,\"name\":\"Home\",\"item\":\"https:\\\/\\\/stargaia.com\\\/fr\\\/\"},{\"@type\":\"ListItem\",\"position\":2,\"name\":\"Politique de Confidentialit\u00e9\"}]},{\"@type\":\"WebSite\",\"@id\":\"https:\\\/\\\/stargaia.com\\\/fr\\\/#website\",\"url\":\"https:\\\/\\\/stargaia.com\\\/fr\\\/\",\"name\":\"Stargaia.com\",\"description\":\"du d\u00e9veloppement personnel \u00e0 l\u2019\u00e9veil plan\u00e9taire\",\"publisher\":{\"@id\":\"https:\\\/\\\/stargaia.com\\\/fr\\\/#organization\"},\"potentialAction\":[{\"@type\":\"SearchAction\",\"target\":{\"@type\":\"EntryPoint\",\"urlTemplate\":\"https:\\\/\\\/stargaia.com\\\/fr\\\/?s={search_term_string}\"},\"query-input\":{\"@type\":\"PropertyValueSpecification\",\"valueRequired\":true,\"valueName\":\"search_term_string\"}}],\"inLanguage\":\"en-US\"},{\"@type\":\"Organization\",\"@id\":\"https:\\\/\\\/stargaia.com\\\/fr\\\/#organization\",\"name\":\"Stargaia.com\",\"url\":\"https:\\\/\\\/stargaia.com\\\/fr\\\/\",\"logo\":{\"@type\":\"ImageObject\",\"inLanguage\":\"en-US\",\"@id\":\"https:\\\/\\\/stargaia.com\\\/fr\\\/#\\\/schema\\\/logo\\\/image\\\/\",\"url\":\"https:\\\/\\\/stargaia.com\\\/fr\\\/wp-content\\\/uploads\\\/2018\\\/02\\\/cropped-Stargaia-logo-512.jpg\",\"contentUrl\":\"https:\\\/\\\/stargaia.com\\\/fr\\\/wp-content\\\/uploads\\\/2018\\\/02\\\/cropped-Stargaia-logo-512.jpg\",\"width\":512,\"height\":512,\"caption\":\"Stargaia.com\"},\"image\":{\"@id\":\"https:\\\/\\\/stargaia.com\\\/fr\\\/#\\\/schema\\\/logo\\\/image\\\/\"}}]}<\/script>\n<!-- \/ Yoast SEO plugin. -->","yoast_head_json":{"title":"Politique de Confidentialit\u00e9 - Stargaia.com","robots":{"index":"index","follow":"follow","max-snippet":"max-snippet:-1","max-image-preview":"max-image-preview:large","max-video-preview":"max-video-preview:-1"},"canonical":"https:\/\/stargaia.com\/fr\/confidentialite\/","og_locale":"en_US","og_type":"article","og_title":"Politique de Confidentialit\u00e9 - Stargaia.com","og_description":"Bienvenue sur Stargaia.com &#8211; (le \u201cSite\u201d)\u2028Nous sommes soucieux d&#8217;assurer la confidentialit\u00e9 et la protection des informations personnelles de nos utilisateurs. Les termes ci-dessous d\u00e9crivent notre politique de confidentialit\u00e9 envers les utilisateurs de notre Site (\u201cVisiteurs\u201d) qui consultent notre site sans faire de transaction commerciale ainsi que les Visiteurs qui s\u2019enregistrent pour effectuer une transaction commerciale [&hellip;]","og_url":"https:\/\/stargaia.com\/fr\/confidentialite\/","og_site_name":"Stargaia.com","article_modified_time":"2015-08-23T12:23:11+00:00","twitter_card":"summary_large_image","twitter_misc":{"Est. reading time":"7 minutes"},"schema":{"@context":"https:\/\/schema.org","@graph":[{"@type":"WebPage","@id":"https:\/\/stargaia.com\/fr\/confidentialite\/","url":"https:\/\/stargaia.com\/fr\/confidentialite\/","name":"Politique de Confidentialit\u00e9 - Stargaia.com","isPartOf":{"@id":"https:\/\/stargaia.com\/fr\/#website"},"datePublished":"2011-06-07T17:36:50+00:00","dateModified":"2015-08-23T12:23:11+00:00","breadcrumb":{"@id":"https:\/\/stargaia.com\/fr\/confidentialite\/#breadcrumb"},"inLanguage":"en-US","potentialAction":[{"@type":"ReadAction","target":["https:\/\/stargaia.com\/fr\/confidentialite\/"]}]},{"@type":"BreadcrumbList","@id":"https:\/\/stargaia.com\/fr\/confidentialite\/#breadcrumb","itemListElement":[{"@type":"ListItem","position":1,"name":"Home","item":"https:\/\/stargaia.com\/fr\/"},{"@type":"ListItem","position":2,"name":"Politique de Confidentialit\u00e9"}]},{"@type":"WebSite","@id":"https:\/\/stargaia.com\/fr\/#website","url":"https:\/\/stargaia.com\/fr\/","name":"Stargaia.com","description":"du d\u00e9veloppement personnel \u00e0 l\u2019\u00e9veil plan\u00e9taire","publisher":{"@id":"https:\/\/stargaia.com\/fr\/#organization"},"potentialAction":[{"@type":"SearchAction","target":{"@type":"EntryPoint","urlTemplate":"https:\/\/stargaia.com\/fr\/?s={search_term_string}"},"query-input":{"@type":"PropertyValueSpecification","valueRequired":true,"valueName":"search_term_string"}}],"inLanguage":"en-US"},{"@type":"Organization","@id":"https:\/\/stargaia.com\/fr\/#organization","name":"Stargaia.com","url":"https:\/\/stargaia.com\/fr\/","logo":{"@type":"ImageObject","inLanguage":"en-US","@id":"https:\/\/stargaia.com\/fr\/#\/schema\/logo\/image\/","url":"https:\/\/stargaia.com\/fr\/wp-content\/uploads\/2018\/02\/cropped-Stargaia-logo-512.jpg","contentUrl":"https:\/\/stargaia.com\/fr\/wp-content\/uploads\/2018\/02\/cropped-Stargaia-logo-512.jpg","width":512,"height":512,"caption":"Stargaia.com"},"image":{"@id":"https:\/\/stargaia.com\/fr\/#\/schema\/logo\/image\/"}}]}},"_links":{"self":[{"href":"https:\/\/stargaia.com\/fr\/wp-json\/wp\/v2\/pages\/3335","targetHints":{"allow":["GET"]}}],"collection":[{"href":"https:\/\/stargaia.com\/fr\/wp-json\/wp\/v2\/pages"}],"about":[{"href":"https:\/\/stargaia.com\/fr\/wp-json\/wp\/v2\/types\/page"}],"author":[{"embeddable":true,"href":"https:\/\/stargaia.com\/fr\/wp-json\/wp\/v2\/users\/1"}],"replies":[{"embeddable":true,"href":"https:\/\/stargaia.com\/fr\/wp-json\/wp\/v2\/comments?post=3335"}],"version-history":[{"count":6,"href":"https:\/\/stargaia.com\/fr\/wp-json\/wp\/v2\/pages\/3335\/revisions"}],"predecessor-version":[{"id":4242,"href":"https:\/\/stargaia.com\/fr\/wp-json\/wp\/v2\/pages\/3335\/revisions\/4242"}],"wp:attachment":[{"href":"https:\/\/stargaia.com\/fr\/wp-json\/wp\/v2\/media?parent=3335"}],"curies":[{"name":"wp","href":"https:\/\/api.w.org\/{rel}","templated":true}]}}