{"id":34,"date":"2010-06-19T14:26:37","date_gmt":"2010-06-19T14:26:37","guid":{"rendered":"http:\/\/stargaia.com\/blog\/"},"modified":"2023-04-24T16:59:35","modified_gmt":"2023-04-24T16:59:35","slug":"bed-breakfast","status":"publish","type":"page","link":"https:\/\/stargaia.com\/fr\/bed-breakfast\/","title":{"rendered":"Chambres d&#8217;H\u00f4tes"},"content":{"rendered":"<figure id=\"attachment_1011\" aria-describedby=\"caption-attachment-1011\" style=\"width: 245px\" class=\"wp-caption alignright\"><img loading=\"lazy\" decoding=\"async\" class=\"size-full wp-image-1011\" title=\"Glastonbury - Avalon\" src=\"http:\/\/stargaia.com\/fr\/wp-content\/uploads\/2010\/09\/stargaia-8.jpg\" alt=\"Glastonbury - Avalon\" width=\"245\" height=\"184\" \/><figcaption id=\"caption-attachment-1011\" class=\"wp-caption-text\">Glastonbury &#8211; Avalon<\/figcaption><\/figure>\n<p>Chambres d&#8217;h\u00f4tes \/ Retraites \/ Stages<br \/>\nV\u00e9g\u00e9tarien \/ Vegan<br \/>\nNon-fumeur<\/p>\n<p>Stargaia, situ\u00e9 sur la paisible colline de Wearyall Hill \u00e0 <a href=\"http:\/\/stargaia.com\/fr\/glastonbury\/\">Glastonbury<\/a>, est \u00e0 quelques minutes \u00e0 pied du centre ville.<\/p>\n<p>Vous y appr\u00e9cierez la vue panoramique sur le paysage d&#8217;<a href=\"http:\/\/stargaia.com\/fr\/glastonbury\/\">Avalon<\/a>.<\/p>\n<p>Disponible par nuit\u00e9e<br \/>\n\u2022 Chambre \u00e0 un lit simple<br \/>\n\u2022 Chambre double\/2 lits<br \/>\n\u2022 Chambre triple\/3 lits<\/p>\n<p>Nos h\u00f4tes ont acc\u00e8s \u00e0 la cuisine avec leur h\u00e9bergement (self catering).<\/p>\n<p>Durant votre s\u00e9jour, vous pouvez choisir une consultation dans notre gamme de Th\u00e9rapies Naturelles : <a href=\"https:\/\/stargaia.com\/fr\/therapies\/\">Acupuncture<\/a>, <a href=\"https:\/\/stargaia.com\/fr\/therapies\/\">Sonoth\u00e9rapie par les diapasons<\/a>, <a href=\"https:\/\/stargaia.com\/fr\/therapies\">Massage Holistique<\/a>, <a href=\"https:\/\/stargaia.com\/fr\/therapies\">Elixirs Floraux<\/a> et <a href=\"http:\/\/stargaia.com\/fr\/astrologie\/\">Astrologie<\/a>.<\/p>\n<p>Nos h\u00f4tes appr\u00e9cient d&#8217;\u00eatre bas\u00e9s \u00e0 Glastonbury pour leurs visites aux sites m\u00e9galithiques de Stonehenge, Avebury et aux crop circles de la saison (\u00e0 environ 1 heure 30 de route) en juin et juillet, ainsi que pour nos <a title=\"geometrie sacree\" href=\"http:\/\/stargaia.com\/fr\/category\/stages\">Stages<\/a> r\u00e9sidentiels en langue fran\u00e7aise.<\/p>\n<p>Pour v\u00e9rifier la disponibilit\u00e9 de l&#8217;h\u00e9bergement et de plus amples informations, veuillez <a href=\"http:\/\/stargaia.com\/fr\/contact\/\">nous contacter<\/a>.<\/p>\n<figure id=\"attachment_4402\" aria-describedby=\"caption-attachment-4402\" style=\"width: 800px\" class=\"wp-caption alignleft\"><img loading=\"lazy\" decoding=\"async\" class=\"alignleft wp-image-4402\" src=\"https:\/\/stargaia.com\/fr\/wp-content\/uploads\/2019\/01\/VRBO-Stargaia-1920x1080-R2-4-1024x576.jpg\" alt=\"Stargaia Glastonbury Accommodation\" width=\"800\" height=\"450\" srcset=\"https:\/\/stargaia.com\/fr\/wp-content\/uploads\/2019\/01\/VRBO-Stargaia-1920x1080-R2-4-1024x576.jpg 1024w, https:\/\/stargaia.com\/fr\/wp-content\/uploads\/2019\/01\/VRBO-Stargaia-1920x1080-R2-4-300x169.jpg 300w, https:\/\/stargaia.com\/fr\/wp-content\/uploads\/2019\/01\/VRBO-Stargaia-1920x1080-R2-4-768x432.jpg 768w, https:\/\/stargaia.com\/fr\/wp-content\/uploads\/2019\/01\/VRBO-Stargaia-1920x1080-R2-4.jpg 1920w\" sizes=\"auto, (max-width: 800px) 100vw, 800px\" \/><figcaption id=\"caption-attachment-4402\" class=\"wp-caption-text\">Stargaia Glastonbury Accommodation<\/figcaption><\/figure>\n<figure id=\"attachment_4405\" aria-describedby=\"caption-attachment-4405\" style=\"width: 800px\" class=\"wp-caption alignleft\"><img loading=\"lazy\" decoding=\"async\" class=\"alignleft wp-image-4405\" src=\"https:\/\/stargaia.com\/fr\/wp-content\/uploads\/2019\/01\/VRBO-Stargaia-1920x1080-R1-2-1024x576.jpg\" alt=\"Stargaia Retreat Accommodation\" width=\"800\" height=\"450\" srcset=\"https:\/\/stargaia.com\/fr\/wp-content\/uploads\/2019\/01\/VRBO-Stargaia-1920x1080-R1-2-1024x576.jpg 1024w, https:\/\/stargaia.com\/fr\/wp-content\/uploads\/2019\/01\/VRBO-Stargaia-1920x1080-R1-2-300x169.jpg 300w, https:\/\/stargaia.com\/fr\/wp-content\/uploads\/2019\/01\/VRBO-Stargaia-1920x1080-R1-2-768x432.jpg 768w, https:\/\/stargaia.com\/fr\/wp-content\/uploads\/2019\/01\/VRBO-Stargaia-1920x1080-R1-2.jpg 1920w\" sizes=\"auto, (max-width: 800px) 100vw, 800px\" \/><figcaption id=\"caption-attachment-4405\" class=\"wp-caption-text\">Stargaia Retreat Accommodation<\/figcaption><\/figure>\n<figure id=\"attachment_4400\" aria-describedby=\"caption-attachment-4400\" style=\"width: 1024px\" class=\"wp-caption alignleft\"><img loading=\"lazy\" decoding=\"async\" class=\"size-large wp-image-4400\" src=\"https:\/\/stargaia.com\/fr\/wp-content\/uploads\/2019\/01\/Room3View-2-1024x576.jpg\" alt=\"Stargaia Retreat Accommodation\" width=\"1024\" height=\"576\" srcset=\"https:\/\/stargaia.com\/fr\/wp-content\/uploads\/2019\/01\/Room3View-2-1024x576.jpg 1024w, https:\/\/stargaia.com\/fr\/wp-content\/uploads\/2019\/01\/Room3View-2-300x169.jpg 300w, https:\/\/stargaia.com\/fr\/wp-content\/uploads\/2019\/01\/Room3View-2-768x432.jpg 768w, https:\/\/stargaia.com\/fr\/wp-content\/uploads\/2019\/01\/Room3View-2.jpg 1920w\" sizes=\"auto, (max-width: 1024px) 100vw, 1024px\" \/><figcaption id=\"caption-attachment-4400\" class=\"wp-caption-text\">Stargaia Retreat Accommodation<\/figcaption><\/figure>\n<figure id=\"attachment_4402\" aria-describedby=\"caption-attachment-4402\" style=\"width: 800px\" class=\"wp-caption alignleft\"><img loading=\"lazy\" decoding=\"async\" class=\"alignleft wp-image-4402\" src=\"https:\/\/stargaia.com\/fr\/wp-content\/uploads\/2019\/01\/VRBO-Stargaia-1920x1080-R2-4-1024x576.jpg\" alt=\"Stargaia Glastonbury Accommodation\" width=\"800\" height=\"450\" srcset=\"https:\/\/stargaia.com\/fr\/wp-content\/uploads\/2019\/01\/VRBO-Stargaia-1920x1080-R2-4-1024x576.jpg 1024w, https:\/\/stargaia.com\/fr\/wp-content\/uploads\/2019\/01\/VRBO-Stargaia-1920x1080-R2-4-300x169.jpg 300w, https:\/\/stargaia.com\/fr\/wp-content\/uploads\/2019\/01\/VRBO-Stargaia-1920x1080-R2-4-768x432.jpg 768w, https:\/\/stargaia.com\/fr\/wp-content\/uploads\/2019\/01\/VRBO-Stargaia-1920x1080-R2-4.jpg 1920w\" sizes=\"auto, (max-width: 800px) 100vw, 800px\" \/><figcaption id=\"caption-attachment-4402\" class=\"wp-caption-text\">Stargaia Glastonbury Accommodation<\/figcaption><\/figure>\n<figure id=\"attachment_4405\" aria-describedby=\"caption-attachment-4405\" style=\"width: 800px\" class=\"wp-caption alignleft\"><img loading=\"lazy\" decoding=\"async\" class=\"alignleft wp-image-4405\" src=\"https:\/\/stargaia.com\/fr\/wp-content\/uploads\/2019\/01\/VRBO-Stargaia-1920x1080-R1-2-1024x576.jpg\" alt=\"Stargaia Retreat Accommodation\" width=\"800\" height=\"450\" srcset=\"https:\/\/stargaia.com\/fr\/wp-content\/uploads\/2019\/01\/VRBO-Stargaia-1920x1080-R1-2-1024x576.jpg 1024w, https:\/\/stargaia.com\/fr\/wp-content\/uploads\/2019\/01\/VRBO-Stargaia-1920x1080-R1-2-300x169.jpg 300w, https:\/\/stargaia.com\/fr\/wp-content\/uploads\/2019\/01\/VRBO-Stargaia-1920x1080-R1-2-768x432.jpg 768w, https:\/\/stargaia.com\/fr\/wp-content\/uploads\/2019\/01\/VRBO-Stargaia-1920x1080-R1-2.jpg 1920w\" sizes=\"auto, (max-width: 800px) 100vw, 800px\" \/><figcaption id=\"caption-attachment-4405\" class=\"wp-caption-text\">Stargaia Retreat Accommodation<\/figcaption><\/figure>\n<figure id=\"attachment_4400\" aria-describedby=\"caption-attachment-4400\" style=\"width: 1024px\" class=\"wp-caption alignleft\"><img loading=\"lazy\" decoding=\"async\" class=\"size-large wp-image-4400\" src=\"https:\/\/stargaia.com\/fr\/wp-content\/uploads\/2019\/01\/Room3View-2-1024x576.jpg\" alt=\"Stargaia Retreat Accommodation\" width=\"1024\" height=\"576\" srcset=\"https:\/\/stargaia.com\/fr\/wp-content\/uploads\/2019\/01\/Room3View-2-1024x576.jpg 1024w, https:\/\/stargaia.com\/fr\/wp-content\/uploads\/2019\/01\/Room3View-2-300x169.jpg 300w, https:\/\/stargaia.com\/fr\/wp-content\/uploads\/2019\/01\/Room3View-2-768x432.jpg 768w, https:\/\/stargaia.com\/fr\/wp-content\/uploads\/2019\/01\/Room3View-2.jpg 1920w\" sizes=\"auto, (max-width: 1024px) 100vw, 1024px\" \/><figcaption id=\"caption-attachment-4400\" class=\"wp-caption-text\">Stargaia Retreat Accommodation<\/figcaption><\/figure>\n<figure id=\"attachment_4399\" aria-describedby=\"caption-attachment-4399\" style=\"width: 1024px\" class=\"wp-caption alignleft\"><img loading=\"lazy\" decoding=\"async\" class=\"size-large wp-image-4399\" src=\"https:\/\/stargaia.com\/fr\/wp-content\/uploads\/2019\/01\/Room3View-1-1024x576.jpg\" alt=\"Stargaia Retreat Landscape Views\" width=\"1024\" height=\"576\" srcset=\"https:\/\/stargaia.com\/fr\/wp-content\/uploads\/2019\/01\/Room3View-1-1024x576.jpg 1024w, https:\/\/stargaia.com\/fr\/wp-content\/uploads\/2019\/01\/Room3View-1-300x169.jpg 300w, https:\/\/stargaia.com\/fr\/wp-content\/uploads\/2019\/01\/Room3View-1-768x432.jpg 768w, https:\/\/stargaia.com\/fr\/wp-content\/uploads\/2019\/01\/Room3View-1.jpg 1920w\" sizes=\"auto, (max-width: 1024px) 100vw, 1024px\" \/><figcaption id=\"caption-attachment-4399\" class=\"wp-caption-text\">Stargaia Retreat Views<\/figcaption><\/figure>\n","protected":false},"excerpt":{"rendered":"<p>Chambres d&#8217;h\u00f4tes \/ Retraites \/ Stages V\u00e9g\u00e9tarien \/ Vegan Non-fumeur Stargaia, situ\u00e9 sur la paisible colline de Wearyall Hill \u00e0 Glastonbury, est \u00e0 quelques minutes \u00e0 pied du centre ville. Vous y appr\u00e9cierez la vue panoramique sur le paysage d&#8217;Avalon. Disponible par nuit\u00e9e \u2022 Chambre \u00e0 un lit simple \u2022 Chambre double\/2 lits \u2022 Chambre [&hellip;]<\/p>\n","protected":false},"author":1,"featured_media":0,"parent":0,"menu_order":22,"comment_status":"closed","ping_status":"closed","template":"","meta":{"_genesis_hide_title":false,"_genesis_hide_breadcrumbs":false,"_genesis_hide_singular_image":false,"_genesis_hide_footer_widgets":false,"_genesis_custom_body_class":"","_genesis_custom_post_class":"","_genesis_layout":"","footnotes":""},"class_list":{"0":"post-34","1":"page","2":"type-page","3":"status-publish","5":"entry","6":"has-post-thumbnail"},"yoast_head":"<!-- This site is optimized with the Yoast SEO plugin v27.3 - https:\/\/yoast.com\/product\/yoast-seo-wordpress\/ -->\n<title>Chambres d&#039;H\u00f4tes - Stargaia.com<\/title>\n<meta name=\"robots\" content=\"index, follow, max-snippet:-1, max-image-preview:large, max-video-preview:-1\" \/>\n<link rel=\"canonical\" href=\"https:\/\/stargaia.com\/fr\/bed-breakfast\/\" \/>\n<meta property=\"og:locale\" content=\"en_US\" \/>\n<meta property=\"og:type\" content=\"article\" \/>\n<meta property=\"og:title\" content=\"Chambres d&#039;H\u00f4tes - Stargaia.com\" \/>\n<meta property=\"og:description\" content=\"Chambres d&#8217;h\u00f4tes \/ Retraites \/ Stages V\u00e9g\u00e9tarien \/ Vegan Non-fumeur Stargaia, situ\u00e9 sur la paisible colline de Wearyall Hill \u00e0 Glastonbury, est \u00e0 quelques minutes \u00e0 pied du centre ville. Vous y appr\u00e9cierez la vue panoramique sur le paysage d&#8217;Avalon. Disponible par nuit\u00e9e \u2022 Chambre \u00e0 un lit simple \u2022 Chambre double\/2 lits \u2022 Chambre [&hellip;]\" \/>\n<meta property=\"og:url\" content=\"https:\/\/stargaia.com\/fr\/bed-breakfast\/\" \/>\n<meta property=\"og:site_name\" content=\"Stargaia.com\" \/>\n<meta property=\"article:modified_time\" content=\"2023-04-24T16:59:35+00:00\" \/>\n<meta property=\"og:image\" content=\"https:\/\/stargaia.com\/fr\/wp-content\/uploads\/2010\/09\/stargaia-8.jpg\" \/>\n\t<meta property=\"og:image:width\" content=\"245\" \/>\n\t<meta property=\"og:image:height\" content=\"184\" \/>\n\t<meta property=\"og:image:type\" content=\"image\/jpeg\" \/>\n<meta name=\"twitter:card\" content=\"summary_large_image\" \/>\n<meta name=\"twitter:label1\" content=\"Est. reading time\" \/>\n\t<meta name=\"twitter:data1\" content=\"1 minute\" \/>\n<script type=\"application\/ld+json\" class=\"yoast-schema-graph\">{\"@context\":\"https:\\\/\\\/schema.org\",\"@graph\":[{\"@type\":\"WebPage\",\"@id\":\"https:\\\/\\\/stargaia.com\\\/fr\\\/bed-breakfast\\\/\",\"url\":\"https:\\\/\\\/stargaia.com\\\/fr\\\/bed-breakfast\\\/\",\"name\":\"Chambres d'H\u00f4tes - Stargaia.com\",\"isPartOf\":{\"@id\":\"https:\\\/\\\/stargaia.com\\\/fr\\\/#website\"},\"primaryImageOfPage\":{\"@id\":\"https:\\\/\\\/stargaia.com\\\/fr\\\/bed-breakfast\\\/#primaryimage\"},\"image\":{\"@id\":\"https:\\\/\\\/stargaia.com\\\/fr\\\/bed-breakfast\\\/#primaryimage\"},\"thumbnailUrl\":\"http:\\\/\\\/stargaia.com\\\/fr\\\/wp-content\\\/uploads\\\/2010\\\/09\\\/stargaia-8.jpg\",\"datePublished\":\"2010-06-19T14:26:37+00:00\",\"dateModified\":\"2023-04-24T16:59:35+00:00\",\"breadcrumb\":{\"@id\":\"https:\\\/\\\/stargaia.com\\\/fr\\\/bed-breakfast\\\/#breadcrumb\"},\"inLanguage\":\"en-US\",\"potentialAction\":[{\"@type\":\"ReadAction\",\"target\":[\"https:\\\/\\\/stargaia.com\\\/fr\\\/bed-breakfast\\\/\"]}]},{\"@type\":\"ImageObject\",\"inLanguage\":\"en-US\",\"@id\":\"https:\\\/\\\/stargaia.com\\\/fr\\\/bed-breakfast\\\/#primaryimage\",\"url\":\"https:\\\/\\\/stargaia.com\\\/fr\\\/wp-content\\\/uploads\\\/2010\\\/09\\\/stargaia-8.jpg\",\"contentUrl\":\"https:\\\/\\\/stargaia.com\\\/fr\\\/wp-content\\\/uploads\\\/2010\\\/09\\\/stargaia-8.jpg\",\"width\":\"245\",\"height\":\"184\",\"caption\":\"Glastonbury - Avalon\"},{\"@type\":\"BreadcrumbList\",\"@id\":\"https:\\\/\\\/stargaia.com\\\/fr\\\/bed-breakfast\\\/#breadcrumb\",\"itemListElement\":[{\"@type\":\"ListItem\",\"position\":1,\"name\":\"Home\",\"item\":\"https:\\\/\\\/stargaia.com\\\/fr\\\/\"},{\"@type\":\"ListItem\",\"position\":2,\"name\":\"Chambres d&#8217;H\u00f4tes\"}]},{\"@type\":\"WebSite\",\"@id\":\"https:\\\/\\\/stargaia.com\\\/fr\\\/#website\",\"url\":\"https:\\\/\\\/stargaia.com\\\/fr\\\/\",\"name\":\"Stargaia.com\",\"description\":\"du d\u00e9veloppement personnel \u00e0 l\u2019\u00e9veil plan\u00e9taire\",\"publisher\":{\"@id\":\"https:\\\/\\\/stargaia.com\\\/fr\\\/#organization\"},\"potentialAction\":[{\"@type\":\"SearchAction\",\"target\":{\"@type\":\"EntryPoint\",\"urlTemplate\":\"https:\\\/\\\/stargaia.com\\\/fr\\\/?s={search_term_string}\"},\"query-input\":{\"@type\":\"PropertyValueSpecification\",\"valueRequired\":true,\"valueName\":\"search_term_string\"}}],\"inLanguage\":\"en-US\"},{\"@type\":\"Organization\",\"@id\":\"https:\\\/\\\/stargaia.com\\\/fr\\\/#organization\",\"name\":\"Stargaia.com\",\"url\":\"https:\\\/\\\/stargaia.com\\\/fr\\\/\",\"logo\":{\"@type\":\"ImageObject\",\"inLanguage\":\"en-US\",\"@id\":\"https:\\\/\\\/stargaia.com\\\/fr\\\/#\\\/schema\\\/logo\\\/image\\\/\",\"url\":\"https:\\\/\\\/stargaia.com\\\/fr\\\/wp-content\\\/uploads\\\/2018\\\/02\\\/cropped-Stargaia-logo-512.jpg\",\"contentUrl\":\"https:\\\/\\\/stargaia.com\\\/fr\\\/wp-content\\\/uploads\\\/2018\\\/02\\\/cropped-Stargaia-logo-512.jpg\",\"width\":512,\"height\":512,\"caption\":\"Stargaia.com\"},\"image\":{\"@id\":\"https:\\\/\\\/stargaia.com\\\/fr\\\/#\\\/schema\\\/logo\\\/image\\\/\"}}]}<\/script>\n<!-- \/ Yoast SEO plugin. -->","yoast_head_json":{"title":"Chambres d'H\u00f4tes - Stargaia.com","robots":{"index":"index","follow":"follow","max-snippet":"max-snippet:-1","max-image-preview":"max-image-preview:large","max-video-preview":"max-video-preview:-1"},"canonical":"https:\/\/stargaia.com\/fr\/bed-breakfast\/","og_locale":"en_US","og_type":"article","og_title":"Chambres d'H\u00f4tes - Stargaia.com","og_description":"Chambres d&#8217;h\u00f4tes \/ Retraites \/ Stages V\u00e9g\u00e9tarien \/ Vegan Non-fumeur Stargaia, situ\u00e9 sur la paisible colline de Wearyall Hill \u00e0 Glastonbury, est \u00e0 quelques minutes \u00e0 pied du centre ville. Vous y appr\u00e9cierez la vue panoramique sur le paysage d&#8217;Avalon. Disponible par nuit\u00e9e \u2022 Chambre \u00e0 un lit simple \u2022 Chambre double\/2 lits \u2022 Chambre [&hellip;]","og_url":"https:\/\/stargaia.com\/fr\/bed-breakfast\/","og_site_name":"Stargaia.com","article_modified_time":"2023-04-24T16:59:35+00:00","og_image":[{"width":245,"height":184,"url":"https:\/\/stargaia.com\/fr\/wp-content\/uploads\/2010\/09\/stargaia-8.jpg","type":"image\/jpeg"}],"twitter_card":"summary_large_image","twitter_misc":{"Est. reading time":"1 minute"},"schema":{"@context":"https:\/\/schema.org","@graph":[{"@type":"WebPage","@id":"https:\/\/stargaia.com\/fr\/bed-breakfast\/","url":"https:\/\/stargaia.com\/fr\/bed-breakfast\/","name":"Chambres d'H\u00f4tes - Stargaia.com","isPartOf":{"@id":"https:\/\/stargaia.com\/fr\/#website"},"primaryImageOfPage":{"@id":"https:\/\/stargaia.com\/fr\/bed-breakfast\/#primaryimage"},"image":{"@id":"https:\/\/stargaia.com\/fr\/bed-breakfast\/#primaryimage"},"thumbnailUrl":"http:\/\/stargaia.com\/fr\/wp-content\/uploads\/2010\/09\/stargaia-8.jpg","datePublished":"2010-06-19T14:26:37+00:00","dateModified":"2023-04-24T16:59:35+00:00","breadcrumb":{"@id":"https:\/\/stargaia.com\/fr\/bed-breakfast\/#breadcrumb"},"inLanguage":"en-US","potentialAction":[{"@type":"ReadAction","target":["https:\/\/stargaia.com\/fr\/bed-breakfast\/"]}]},{"@type":"ImageObject","inLanguage":"en-US","@id":"https:\/\/stargaia.com\/fr\/bed-breakfast\/#primaryimage","url":"https:\/\/stargaia.com\/fr\/wp-content\/uploads\/2010\/09\/stargaia-8.jpg","contentUrl":"https:\/\/stargaia.com\/fr\/wp-content\/uploads\/2010\/09\/stargaia-8.jpg","width":"245","height":"184","caption":"Glastonbury - Avalon"},{"@type":"BreadcrumbList","@id":"https:\/\/stargaia.com\/fr\/bed-breakfast\/#breadcrumb","itemListElement":[{"@type":"ListItem","position":1,"name":"Home","item":"https:\/\/stargaia.com\/fr\/"},{"@type":"ListItem","position":2,"name":"Chambres d&#8217;H\u00f4tes"}]},{"@type":"WebSite","@id":"https:\/\/stargaia.com\/fr\/#website","url":"https:\/\/stargaia.com\/fr\/","name":"Stargaia.com","description":"du d\u00e9veloppement personnel \u00e0 l\u2019\u00e9veil plan\u00e9taire","publisher":{"@id":"https:\/\/stargaia.com\/fr\/#organization"},"potentialAction":[{"@type":"SearchAction","target":{"@type":"EntryPoint","urlTemplate":"https:\/\/stargaia.com\/fr\/?s={search_term_string}"},"query-input":{"@type":"PropertyValueSpecification","valueRequired":true,"valueName":"search_term_string"}}],"inLanguage":"en-US"},{"@type":"Organization","@id":"https:\/\/stargaia.com\/fr\/#organization","name":"Stargaia.com","url":"https:\/\/stargaia.com\/fr\/","logo":{"@type":"ImageObject","inLanguage":"en-US","@id":"https:\/\/stargaia.com\/fr\/#\/schema\/logo\/image\/","url":"https:\/\/stargaia.com\/fr\/wp-content\/uploads\/2018\/02\/cropped-Stargaia-logo-512.jpg","contentUrl":"https:\/\/stargaia.com\/fr\/wp-content\/uploads\/2018\/02\/cropped-Stargaia-logo-512.jpg","width":512,"height":512,"caption":"Stargaia.com"},"image":{"@id":"https:\/\/stargaia.com\/fr\/#\/schema\/logo\/image\/"}}]}},"_links":{"self":[{"href":"https:\/\/stargaia.com\/fr\/wp-json\/wp\/v2\/pages\/34","targetHints":{"allow":["GET"]}}],"collection":[{"href":"https:\/\/stargaia.com\/fr\/wp-json\/wp\/v2\/pages"}],"about":[{"href":"https:\/\/stargaia.com\/fr\/wp-json\/wp\/v2\/types\/page"}],"author":[{"embeddable":true,"href":"https:\/\/stargaia.com\/fr\/wp-json\/wp\/v2\/users\/1"}],"replies":[{"embeddable":true,"href":"https:\/\/stargaia.com\/fr\/wp-json\/wp\/v2\/comments?post=34"}],"version-history":[{"count":51,"href":"https:\/\/stargaia.com\/fr\/wp-json\/wp\/v2\/pages\/34\/revisions"}],"predecessor-version":[{"id":4883,"href":"https:\/\/stargaia.com\/fr\/wp-json\/wp\/v2\/pages\/34\/revisions\/4883"}],"wp:attachment":[{"href":"https:\/\/stargaia.com\/fr\/wp-json\/wp\/v2\/media?parent=34"}],"curies":[{"name":"wp","href":"https:\/\/api.w.org\/{rel}","templated":true}]}}