{"id":37,"date":"2010-06-19T14:26:54","date_gmt":"2010-06-19T14:26:54","guid":{"rendered":"http:\/\/stargaia.com\/blog\/"},"modified":"2023-03-16T20:53:47","modified_gmt":"2023-03-16T20:53:47","slug":"glastonbury","status":"publish","type":"page","link":"https:\/\/stargaia.com\/fr\/glastonbury\/","title":{"rendered":"Glastonbury : Avalon"},"content":{"rendered":"<h5>TRANSPORTS et HEBERGEMENT<\/h5>\n<p>Glastonbury, o\u00f9 la l\u00e9gende du roi Arthur et du Graal vibre encore dans le paysage de la Tor et les brumes de l\u2019\u00eele d\u2019Avalon, est un lieu de p\u00e8lerinage c\u00e9l\u00e8bre.<\/p>\n<p>On y boit les eaux des 2 Sources, &#8220;Blanche&#8221; et &#8220;Rouge&#8221;,&#8221;the White Spring&#8221; et &#8220;the Red Spring&#8221; au pied de ses collines sacr\u00e9es, patrimoine mythologique des chevaliers de la Table Ronde, des druides, des f\u00e9es et des g\u00e9ants.<\/p>\n<p><img loading=\"lazy\" decoding=\"async\" class=\"alignleft size-full wp-image-237\" title=\"Glastonbury Tor - Stargaia\" src=\"http:\/\/stargaia.com\/fr\/wp-content\/uploads\/2010\/09\/stargaia-4.jpg\" alt=\"\" width=\"245\" height=\"184\" \/>Consid\u00e9r\u00e9 comme l\u2019un des principaux centres spirituels de l\u2019Angleterre, Glastonbury est un vortex puissant et a la r\u00e9putation d\u2019\u00eatre le Chakra du C\u0153ur sur le plan plan\u00e9taire.<\/p>\n<p>De fortes \u00e9nergies transformatrices et de gu\u00e9rison y amplifient l\u2019exp\u00e9rience personnelle et l\u2019\u00e9veil de chacun.<\/p>\n<p>La paisible abbaye de la ville attire \u00e9galement de nombreux visiteurs internationaux.<\/p>\n<p>Stargaia est situ\u00e9e sur la colline de Wirral Hill o\u00f9 Joseph d\u2019Aramath\u00e9e plantant son b\u00e2ton fit pousser un arbre sacr\u00e9: le &#8216;Holy Thorn&#8217; qui fleurit pour le Solstice d&#8217;Et\u00e9 et le Solstice d&#8217; Hiver.<\/p>\n<p>Avec ses vues panoramiques, Stargaia est un centre de stages id\u00e9al situ\u00e9 dans le signe du Poissons de l&#8217;ancien Zodiaque de Glastonbury.<\/p>\n<p><img loading=\"lazy\" decoding=\"async\" class=\"alignright size-full wp-image-238\" title=\"Glastonbury Tor - Stargaia\" src=\"http:\/\/stargaia.com\/fr\/wp-content\/uploads\/2010\/09\/stargaia-5.jpg\" alt=\"\" width=\"245\" height=\"184\" \/>Dans ses environs, on trouve les m\u00e9galithes des sites sacr\u00e9s de Stonehenge et d&#8217;Avebury, autour desquels, au printemps et en \u00e9t\u00e9, abondent les Crop Circles ou Cercle de Bl\u00e9, les extraordinaires agroglyphes dans les champs de c\u00e9r\u00e9ales.<\/p>\n<p>Veuillez <a href=\"http:\/\/stargaia.com\/fr\/contact\/\">nous contacter<\/a> pour participer \u00e0 des visites &#8211;<br \/>\net pour consulter notre programme, cliquez <a href=\"http:\/\/stargaia.com\/fr\/category\/stages\/\">Stages<\/a><\/p>\n<hr \/>\n<h5>TRANSPORTS<\/h5>\n<p>Glastonbury se trouve au sud-ouest de l&#8217;Angleterre<br \/>\nLa grande ville la plus proche, BRISTOL, est \u00e0 environ 3 heures de LONDRES<br \/>\nL&#8217;a\u00e9roport de Bristol est le plus pratique pour venir \u00e0 Glastonbury. Voir les vols easyjet.com ou ryanair.com<\/p>\n<h5>De l&#8217;a\u00e9roport de Bristol<\/h5>\n<p>&#8211; A la sortie prendre la navette Flyer Bus qui circule toutes les 10 minutes pour la gare routi\u00e8re &#8216;Bristol Coach Station&#8217;. Le trajet dure environ 30 minutes. Billet aller: \u00a37 &#8211; Aller retour : \u00a311<\/p>\n<p>&#8211; puis prendre le Bus local 376 Bristol &#8211; &#8216;Glastonbury Town Hall&#8217; pr\u00e8s du parking de l&#8217;abbaye. Le trajet est de 1 heure 20 minutes.<\/p>\n<p>&#8211; Stargaia est situ\u00e9 \u00e0 quelques minutes \u00e0 pied de l&#8217;abbaye de Glastonbury.<\/p>\n<h5>D&#8217;un autre a\u00e9roport ou d&#8217;une autre ville, UK:<\/h5>\n<p>En TRAIN<br \/>\n&#8211; Aller \u00e0 la gare de &#8216;Bristol Temple Meads&#8217;<br \/>\n&#8211; A la sortie du parking de la gare \u00e0 droite, prendre le Bus local 376 via Wells (voir d\u00e9tails ci-dessus).<\/p>\n<p>L&#8217;autre gare proche de Glastonbury est Castle Cary situ\u00e9 \u00e0 40 minutes de Glastonbury en taxi.<\/p>\n<p>Informations sur les services de train: http:\/\/www.nationalrail.co.uk<\/p>\n<p>En CAR = &#8216;COACH&#8217;<br \/>\n&#8211; Aller \u00e0 la gare routi\u00e8re &#8216;Bristol Coach Station&#8217; avec les cars National Express. Cars toutes les deux heures.<br \/>\nPuis prendre le Bus local 376 via Wells (voir d\u00e9tails ci-dessus).<br \/>\n&#8211; Un seul service direct Londres-Glastonbury le soir<br \/>\nInfos et r\u00e9servations des cars en ligne: http:\/\/www.nationalexpress.com<\/p>\n<p>Veuillez <a href=\"http:\/\/stargaia.com\/fr\/contact\/\">nous contacter<\/a> pour de plus amples informations ou pour arranger un taxi.<\/p>\n<hr \/>\n<h5>HEBERGEMENT &#8211; <a href=\"http:\/\/stargaia.com\/fr\/bed-breakfast\">Chambres d&#8217;H\u00f4tes<\/a><\/h5>\n<p>Tarifs par nuit\u00e9e \u00e0 Stargaia Glastonbury<br \/>\n\u2013 Chambre \u00e0 un lit simple<br \/>\n\u2013 Chambre double\/2 lits<br \/>\n\u2013 Chambre triple\/3 lits<\/p>\n<p>Pour v\u00e9rifier la disponibilit\u00e9 de l&#8217;h\u00e9bergement et pour de plus amples informations, veuillez <a href=\"http:\/\/stargaia.com\/fr\/contact\/\">nous contacter<\/a><\/p>\n<hr \/>\n","protected":false},"excerpt":{"rendered":"<p>TRANSPORTS et HEBERGEMENT Glastonbury, o\u00f9 la l\u00e9gende du roi Arthur et du Graal vibre encore dans le paysage de la Tor et les brumes de l\u2019\u00eele d\u2019Avalon, est un lieu de p\u00e8lerinage c\u00e9l\u00e8bre. On y boit les eaux des 2 Sources, &#8220;Blanche&#8221; et &#8220;Rouge&#8221;,&#8221;the White Spring&#8221; et &#8220;the Red Spring&#8221; au pied de ses collines [&hellip;]<\/p>\n","protected":false},"author":1,"featured_media":0,"parent":0,"menu_order":23,"comment_status":"closed","ping_status":"closed","template":"","meta":{"_genesis_hide_title":false,"_genesis_hide_breadcrumbs":false,"_genesis_hide_singular_image":false,"_genesis_hide_footer_widgets":false,"_genesis_custom_body_class":"","_genesis_custom_post_class":"","_genesis_layout":"","footnotes":""},"class_list":{"0":"post-37","1":"page","2":"type-page","3":"status-publish","5":"entry"},"yoast_head":"<!-- This site is optimized with the Yoast SEO plugin v27.3 - https:\/\/yoast.com\/product\/yoast-seo-wordpress\/ -->\n<title>Glastonbury : Avalon - Stargaia.com<\/title>\n<meta name=\"robots\" content=\"index, follow, max-snippet:-1, max-image-preview:large, max-video-preview:-1\" \/>\n<link rel=\"canonical\" href=\"https:\/\/stargaia.com\/fr\/glastonbury\/\" \/>\n<meta property=\"og:locale\" content=\"en_US\" \/>\n<meta property=\"og:type\" content=\"article\" \/>\n<meta property=\"og:title\" content=\"Glastonbury : Avalon - Stargaia.com\" \/>\n<meta property=\"og:description\" content=\"TRANSPORTS et HEBERGEMENT Glastonbury, o\u00f9 la l\u00e9gende du roi Arthur et du Graal vibre encore dans le paysage de la Tor et les brumes de l\u2019\u00eele d\u2019Avalon, est un lieu de p\u00e8lerinage c\u00e9l\u00e8bre. On y boit les eaux des 2 Sources, &#8220;Blanche&#8221; et &#8220;Rouge&#8221;,&#8221;the White Spring&#8221; et &#8220;the Red Spring&#8221; au pied de ses collines [&hellip;]\" \/>\n<meta property=\"og:url\" content=\"https:\/\/stargaia.com\/fr\/glastonbury\/\" \/>\n<meta property=\"og:site_name\" content=\"Stargaia.com\" \/>\n<meta property=\"article:modified_time\" content=\"2023-03-16T20:53:47+00:00\" \/>\n<meta name=\"twitter:card\" content=\"summary_large_image\" \/>\n<meta name=\"twitter:label1\" content=\"Est. reading time\" \/>\n\t<meta name=\"twitter:data1\" content=\"3 minutes\" \/>\n<script type=\"application\/ld+json\" class=\"yoast-schema-graph\">{\"@context\":\"https:\\\/\\\/schema.org\",\"@graph\":[{\"@type\":\"WebPage\",\"@id\":\"https:\\\/\\\/stargaia.com\\\/fr\\\/glastonbury\\\/\",\"url\":\"https:\\\/\\\/stargaia.com\\\/fr\\\/glastonbury\\\/\",\"name\":\"Glastonbury : Avalon - Stargaia.com\",\"isPartOf\":{\"@id\":\"https:\\\/\\\/stargaia.com\\\/fr\\\/#website\"},\"primaryImageOfPage\":{\"@id\":\"https:\\\/\\\/stargaia.com\\\/fr\\\/glastonbury\\\/#primaryimage\"},\"image\":{\"@id\":\"https:\\\/\\\/stargaia.com\\\/fr\\\/glastonbury\\\/#primaryimage\"},\"thumbnailUrl\":\"http:\\\/\\\/stargaia.com\\\/fr\\\/wp-content\\\/uploads\\\/2010\\\/09\\\/stargaia-4.jpg\",\"datePublished\":\"2010-06-19T14:26:54+00:00\",\"dateModified\":\"2023-03-16T20:53:47+00:00\",\"breadcrumb\":{\"@id\":\"https:\\\/\\\/stargaia.com\\\/fr\\\/glastonbury\\\/#breadcrumb\"},\"inLanguage\":\"en-US\",\"potentialAction\":[{\"@type\":\"ReadAction\",\"target\":[\"https:\\\/\\\/stargaia.com\\\/fr\\\/glastonbury\\\/\"]}]},{\"@type\":\"ImageObject\",\"inLanguage\":\"en-US\",\"@id\":\"https:\\\/\\\/stargaia.com\\\/fr\\\/glastonbury\\\/#primaryimage\",\"url\":\"\",\"contentUrl\":\"\"},{\"@type\":\"BreadcrumbList\",\"@id\":\"https:\\\/\\\/stargaia.com\\\/fr\\\/glastonbury\\\/#breadcrumb\",\"itemListElement\":[{\"@type\":\"ListItem\",\"position\":1,\"name\":\"Home\",\"item\":\"https:\\\/\\\/stargaia.com\\\/fr\\\/\"},{\"@type\":\"ListItem\",\"position\":2,\"name\":\"Glastonbury : Avalon\"}]},{\"@type\":\"WebSite\",\"@id\":\"https:\\\/\\\/stargaia.com\\\/fr\\\/#website\",\"url\":\"https:\\\/\\\/stargaia.com\\\/fr\\\/\",\"name\":\"Stargaia.com\",\"description\":\"du d\u00e9veloppement personnel \u00e0 l\u2019\u00e9veil plan\u00e9taire\",\"publisher\":{\"@id\":\"https:\\\/\\\/stargaia.com\\\/fr\\\/#organization\"},\"potentialAction\":[{\"@type\":\"SearchAction\",\"target\":{\"@type\":\"EntryPoint\",\"urlTemplate\":\"https:\\\/\\\/stargaia.com\\\/fr\\\/?s={search_term_string}\"},\"query-input\":{\"@type\":\"PropertyValueSpecification\",\"valueRequired\":true,\"valueName\":\"search_term_string\"}}],\"inLanguage\":\"en-US\"},{\"@type\":\"Organization\",\"@id\":\"https:\\\/\\\/stargaia.com\\\/fr\\\/#organization\",\"name\":\"Stargaia.com\",\"url\":\"https:\\\/\\\/stargaia.com\\\/fr\\\/\",\"logo\":{\"@type\":\"ImageObject\",\"inLanguage\":\"en-US\",\"@id\":\"https:\\\/\\\/stargaia.com\\\/fr\\\/#\\\/schema\\\/logo\\\/image\\\/\",\"url\":\"https:\\\/\\\/stargaia.com\\\/fr\\\/wp-content\\\/uploads\\\/2018\\\/02\\\/cropped-Stargaia-logo-512.jpg\",\"contentUrl\":\"https:\\\/\\\/stargaia.com\\\/fr\\\/wp-content\\\/uploads\\\/2018\\\/02\\\/cropped-Stargaia-logo-512.jpg\",\"width\":512,\"height\":512,\"caption\":\"Stargaia.com\"},\"image\":{\"@id\":\"https:\\\/\\\/stargaia.com\\\/fr\\\/#\\\/schema\\\/logo\\\/image\\\/\"}}]}<\/script>\n<!-- \/ Yoast SEO plugin. -->","yoast_head_json":{"title":"Glastonbury : Avalon - Stargaia.com","robots":{"index":"index","follow":"follow","max-snippet":"max-snippet:-1","max-image-preview":"max-image-preview:large","max-video-preview":"max-video-preview:-1"},"canonical":"https:\/\/stargaia.com\/fr\/glastonbury\/","og_locale":"en_US","og_type":"article","og_title":"Glastonbury : Avalon - Stargaia.com","og_description":"TRANSPORTS et HEBERGEMENT Glastonbury, o\u00f9 la l\u00e9gende du roi Arthur et du Graal vibre encore dans le paysage de la Tor et les brumes de l\u2019\u00eele d\u2019Avalon, est un lieu de p\u00e8lerinage c\u00e9l\u00e8bre. On y boit les eaux des 2 Sources, &#8220;Blanche&#8221; et &#8220;Rouge&#8221;,&#8221;the White Spring&#8221; et &#8220;the Red Spring&#8221; au pied de ses collines [&hellip;]","og_url":"https:\/\/stargaia.com\/fr\/glastonbury\/","og_site_name":"Stargaia.com","article_modified_time":"2023-03-16T20:53:47+00:00","twitter_card":"summary_large_image","twitter_misc":{"Est. reading time":"3 minutes"},"schema":{"@context":"https:\/\/schema.org","@graph":[{"@type":"WebPage","@id":"https:\/\/stargaia.com\/fr\/glastonbury\/","url":"https:\/\/stargaia.com\/fr\/glastonbury\/","name":"Glastonbury : Avalon - Stargaia.com","isPartOf":{"@id":"https:\/\/stargaia.com\/fr\/#website"},"primaryImageOfPage":{"@id":"https:\/\/stargaia.com\/fr\/glastonbury\/#primaryimage"},"image":{"@id":"https:\/\/stargaia.com\/fr\/glastonbury\/#primaryimage"},"thumbnailUrl":"http:\/\/stargaia.com\/fr\/wp-content\/uploads\/2010\/09\/stargaia-4.jpg","datePublished":"2010-06-19T14:26:54+00:00","dateModified":"2023-03-16T20:53:47+00:00","breadcrumb":{"@id":"https:\/\/stargaia.com\/fr\/glastonbury\/#breadcrumb"},"inLanguage":"en-US","potentialAction":[{"@type":"ReadAction","target":["https:\/\/stargaia.com\/fr\/glastonbury\/"]}]},{"@type":"ImageObject","inLanguage":"en-US","@id":"https:\/\/stargaia.com\/fr\/glastonbury\/#primaryimage","url":"","contentUrl":""},{"@type":"BreadcrumbList","@id":"https:\/\/stargaia.com\/fr\/glastonbury\/#breadcrumb","itemListElement":[{"@type":"ListItem","position":1,"name":"Home","item":"https:\/\/stargaia.com\/fr\/"},{"@type":"ListItem","position":2,"name":"Glastonbury : Avalon"}]},{"@type":"WebSite","@id":"https:\/\/stargaia.com\/fr\/#website","url":"https:\/\/stargaia.com\/fr\/","name":"Stargaia.com","description":"du d\u00e9veloppement personnel \u00e0 l\u2019\u00e9veil plan\u00e9taire","publisher":{"@id":"https:\/\/stargaia.com\/fr\/#organization"},"potentialAction":[{"@type":"SearchAction","target":{"@type":"EntryPoint","urlTemplate":"https:\/\/stargaia.com\/fr\/?s={search_term_string}"},"query-input":{"@type":"PropertyValueSpecification","valueRequired":true,"valueName":"search_term_string"}}],"inLanguage":"en-US"},{"@type":"Organization","@id":"https:\/\/stargaia.com\/fr\/#organization","name":"Stargaia.com","url":"https:\/\/stargaia.com\/fr\/","logo":{"@type":"ImageObject","inLanguage":"en-US","@id":"https:\/\/stargaia.com\/fr\/#\/schema\/logo\/image\/","url":"https:\/\/stargaia.com\/fr\/wp-content\/uploads\/2018\/02\/cropped-Stargaia-logo-512.jpg","contentUrl":"https:\/\/stargaia.com\/fr\/wp-content\/uploads\/2018\/02\/cropped-Stargaia-logo-512.jpg","width":512,"height":512,"caption":"Stargaia.com"},"image":{"@id":"https:\/\/stargaia.com\/fr\/#\/schema\/logo\/image\/"}}]}},"_links":{"self":[{"href":"https:\/\/stargaia.com\/fr\/wp-json\/wp\/v2\/pages\/37","targetHints":{"allow":["GET"]}}],"collection":[{"href":"https:\/\/stargaia.com\/fr\/wp-json\/wp\/v2\/pages"}],"about":[{"href":"https:\/\/stargaia.com\/fr\/wp-json\/wp\/v2\/types\/page"}],"author":[{"embeddable":true,"href":"https:\/\/stargaia.com\/fr\/wp-json\/wp\/v2\/users\/1"}],"replies":[{"embeddable":true,"href":"https:\/\/stargaia.com\/fr\/wp-json\/wp\/v2\/comments?post=37"}],"version-history":[{"count":23,"href":"https:\/\/stargaia.com\/fr\/wp-json\/wp\/v2\/pages\/37\/revisions"}],"predecessor-version":[{"id":4690,"href":"https:\/\/stargaia.com\/fr\/wp-json\/wp\/v2\/pages\/37\/revisions\/4690"}],"wp:attachment":[{"href":"https:\/\/stargaia.com\/fr\/wp-json\/wp\/v2\/media?parent=37"}],"curies":[{"name":"wp","href":"https:\/\/api.w.org\/{rel}","templated":true}]}}